{"id":2576,"date":"2023-09-13T15:49:56","date_gmt":"2023-09-13T15:49:56","guid":{"rendered":"https:\/\/smarttechnik.cz\/?page_id=2576"},"modified":"2023-09-13T15:50:00","modified_gmt":"2023-09-13T15:50:00","slug":"%d0%be%d0%b1%d1%89%d0%b8%d0%b5-%d0%bf%d0%be%d0%bb%d0%be%d0%b6%d0%b5%d0%bd%d0%b8%d1%8f-%d0%be-%d0%b7%d0%b0%d1%89%d0%b8%d1%82%d0%b5-%d0%b4%d0%b0%d0%bd%d0%bd%d1%8b%d1%85","status":"publish","type":"page","link":"https:\/\/smarttechnik.cz\/ru\/%d0%be%d0%b1%d1%89%d0%b8%d0%b5-%d0%bf%d0%be%d0%bb%d0%be%d0%b6%d0%b5%d0%bd%d0%b8%d1%8f-%d0%be-%d0%b7%d0%b0%d1%89%d0%b8%d1%82%d0%b5-%d0%b4%d0%b0%d0%bd%d0%bd%d1%8b%d1%85\/","title":{"rendered":"\u041e\u0431\u0449\u0438\u0435 \u043f\u043e\u043b\u043e\u0436\u0435\u043d\u0438\u044f \u043e \u0437\u0430\u0449\u0438\u0442\u0435 \u0434\u0430\u043d\u043d\u044b\u0445"},"content":{"rendered":"<p>[et_pb_section fb_built=&#187;1&#8243; _builder_version=&#187;4.16&#8243; custom_padding=&#187;54px|0px|340px|0px|false|false&#187; global_colors_info=&#187;{}&#187;][et_pb_row _builder_version=&#187;4.16&#8243; background_size=&#187;initial&#187; background_position=&#187;top_left&#187; background_repeat=&#187;repeat&#187; global_colors_info=&#187;{}&#187;][et_pb_column type=&#187;4_4&#8243; _builder_version=&#187;4.16&#8243; custom_padding=&#187;|||&#187; global_colors_info=&#187;{}&#187; custom_padding__hover=&#187;|||&#187;][et_pb_text _builder_version=&#187;4.21.0&#8243; hover_enabled=&#187;0&#8243; global_colors_info=&#187;{}&#187; sticky_enabled=&#187;0&#8243;]\u041e\u0442\u043f\u0440\u0430\u0432\u043b\u044f\u044f \u043a\u043e\u043d\u0442\u0430\u043a\u0442\u043d\u0443\u044e \u0444\u043e\u0440\u043c\u0443, \u044f \u0434\u0430\u044e \u0430\u0434\u043c\u0438\u043d\u0438\u0441\u0442\u0440\u0430\u0442\u043e\u0440\u0443 \u0441\u0430\u0439\u0442\u0430 \u043a\u043e\u043c\u043f\u0430\u043d\u0438\u0438: SMART TECHNIK a.s., Na Z\u00e1me\u010dku 956, 664 53 \u00dajezd \u200b\u200bu Brno, \u0427\u0435\u0445\u0438\u044f, ID: 25577999 (\u0434\u0430\u043b\u0435\u0435 \u2013 \u0430\u0434\u043c\u0438\u043d\u0438\u0441\u0442\u0440\u0430\u0442\u043e\u0440), \u0441\u043e\u0433\u043b\u0430\u0441\u0438\u0435 \u043d\u0430 \u043e\u0431\u0440\u0430\u0431\u043e\u0442\u043a\u0430 \u043c\u043e\u0438\u0445 \u043f\u0435\u0440\u0441\u043e\u043d\u0430\u043b\u044c\u043d\u044b\u0445 \u0434\u0430\u043d\u043d\u044b\u0445 \u0432 \u043d\u0435\u043e\u0431\u0445\u043e\u0434\u0438\u043c\u043e\u043c \u043e\u0431\u044a\u0435\u043c\u0435 \u0432 \u0441\u043e\u043e\u0442\u0432\u0435\u0442\u0441\u0442\u0432\u0438\u0438 \u0441 <a href=\"http:\/\/eur-lex.europa.eu\/legal-content\/CS\/TXT\/PDF\/?uri=CELEX:32016R0679&amp;from=EN \" target=\"_blank\" rel=\"noopener\">\u0420\u0435\u0433\u043b\u0430\u043c\u0435\u043d\u0442 (\u0415\u0421) 2016\/679 (GDPR)<\/a> \u043e \u0437\u0430\u0449\u0438\u0442\u0435 \u043f\u0435\u0440\u0441\u043e\u043d\u0430\u043b\u044c\u043d\u044b\u0445 \u0434\u0430\u043d\u043d\u044b\u0445 \u0441 \u043f\u043e\u043f\u0440\u0430\u0432\u043a\u0430\u043c\u0438.<\/p>\n<p>\u042f \u0434\u043e\u0431\u0440\u043e\u0432\u043e\u043b\u044c\u043d\u043e \u0434\u0430\u044e \u0441\u0432\u043e\u0435 \u0441\u043e\u0433\u043b\u0430\u0441\u0438\u0435 \u043d\u0430 \u043d\u0435\u043e\u043f\u0440\u0435\u0434\u0435\u043b\u0435\u043d\u043d\u044b\u0439 \u0441\u0440\u043e\u043a \u0438 \u0437\u0430\u044f\u0432\u043b\u044f\u044e, \u0447\u0442\u043e \u043f\u0440\u0435\u0434\u043e\u0441\u0442\u0430\u0432\u043b\u0435\u043d\u043d\u0430\u044f \u043c\u043d\u043e\u0439 \u0438\u043d\u0444\u043e\u0440\u043c\u0430\u0446\u0438\u044f \u044f\u0432\u043b\u044f\u0435\u0442\u0441\u044f \u0434\u043e\u0441\u0442\u043e\u0432\u0435\u0440\u043d\u043e\u0439 \u0438 \u0442\u043e\u0447\u043d\u043e\u0439.<\/p>\n<p>\u0421\u043e\u0433\u043b\u0430\u0441\u0438\u0435 \u043c\u043e\u0436\u0435\u0442 \u0431\u044b\u0442\u044c \u043e\u0442\u043e\u0437\u0432\u0430\u043d\u043e \u0432 \u043b\u044e\u0431\u043e\u0435 \u0432\u0440\u0435\u043c\u044f \u0432 \u043f\u0438\u0441\u044c\u043c\u0435\u043d\u043d\u043e\u043c \u0432\u0438\u0434\u0435 \u043d\u0430 \u0430\u0434\u0440\u0435\u0441 \u0430\u0434\u043c\u0438\u043d\u0438\u0441\u0442\u0440\u0430\u0442\u043e\u0440\u0430 \u0438\u043b\u0438 \u043f\u043e \u044d\u043b\u0435\u043a\u0442\u0440\u043e\u043d\u043d\u043e\u0439 \u043f\u043e\u0447\u0442\u0435 \u043d\u0430 \u0430\u0434\u0440\u0435\u0441: info@smarttechnik.cz.<\/p>\n<p>\u0410\u0434\u043c\u0438\u043d\u0438\u0441\u0442\u0440\u0430\u0442\u043e\u0440 \u0437\u0430\u044f\u0432\u043b\u044f\u0435\u0442, \u0447\u0442\u043e \u0431\u0443\u0434\u0435\u0442 \u043e\u0431\u0440\u0430\u0431\u0430\u0442\u044b\u0432\u0430\u0442\u044c \u0434\u0430\u043d\u043d\u044b\u0435 \u0432 \u0441\u043e\u043e\u0442\u0432\u0435\u0442\u0441\u0442\u0432\u0438\u0438 \u0441 \u0434\u0435\u0439\u0441\u0442\u0432\u0443\u044e\u0449\u0438\u043c \u0437\u0430\u043a\u043e\u043d\u043e\u0434\u0430\u0442\u0435\u043b\u044c\u0441\u0442\u0432\u043e\u043c \u0438 \u0442\u043e\u043b\u044c\u043a\u043e \u0434\u043b\u044f \u0442\u0435\u0445 \u0446\u0435\u043b\u0435\u0439, \u0434\u043b\u044f \u043a\u043e\u0442\u043e\u0440\u044b\u0445 \u0435\u043c\u0443 \u0431\u044b\u043b\u043e \u0434\u0430\u043d\u043e \u0441\u043e\u0433\u043b\u0430\u0441\u0438\u0435.[\/et_pb_text][\/et_pb_column][\/et_pb_row][\/et_pb_section]<\/p>\n","protected":false},"excerpt":{"rendered":"<p>\u041e\u0442\u043f\u0440\u0430\u0432\u043b\u044f\u044f \u043a\u043e\u043d\u0442\u0430\u043a\u0442\u043d\u0443\u044e \u0444\u043e\u0440\u043c\u0443, \u044f \u0434\u0430\u044e \u0430\u0434\u043c\u0438\u043d\u0438\u0441\u0442\u0440\u0430\u0442\u043e\u0440\u0443 \u0441\u0430\u0439\u0442\u0430 \u043a\u043e\u043c\u043f\u0430\u043d\u0438\u0438: SMART TECHNIK a.s., Na Z\u00e1me\u010dku 956, 664 53 \u00dajezd \u200b\u200bu Brno, \u0427\u0435\u0445\u0438\u044f, ID: 25577999 (\u0434\u0430\u043b\u0435\u0435 \u2013 \u0430\u0434\u043c\u0438\u043d\u0438\u0441\u0442\u0440\u0430\u0442\u043e\u0440), \u0441\u043e\u0433\u043b\u0430\u0441\u0438\u0435 \u043d\u0430 \u043e\u0431\u0440\u0430\u0431\u043e\u0442\u043a\u0430 \u043c\u043e\u0438\u0445 \u043f\u0435\u0440\u0441\u043e\u043d\u0430\u043b\u044c\u043d\u044b\u0445 \u0434\u0430\u043d\u043d\u044b\u0445 \u0432 \u043d\u0435\u043e\u0431\u0445\u043e\u0434\u0438\u043c\u043e\u043c \u043e\u0431\u044a\u0435\u043c\u0435 \u0432 \u0441\u043e\u043e\u0442\u0432\u0435\u0442\u0441\u0442\u0432\u0438\u0438 \u0441 \u0420\u0435\u0433\u043b\u0430\u043c\u0435\u043d\u0442 (\u0415\u0421) 2016\/679 (GDPR) \u043e \u0437\u0430\u0449\u0438\u0442\u0435 \u043f\u0435\u0440\u0441\u043e\u043d\u0430\u043b\u044c\u043d\u044b\u0445 \u0434\u0430\u043d\u043d\u044b\u0445 \u0441 \u043f\u043e\u043f\u0440\u0430\u0432\u043a\u0430\u043c\u0438. \u042f \u0434\u043e\u0431\u0440\u043e\u0432\u043e\u043b\u044c\u043d\u043e \u0434\u0430\u044e \u0441\u0432\u043e\u0435 \u0441\u043e\u0433\u043b\u0430\u0441\u0438\u0435 \u043d\u0430 \u043d\u0435\u043e\u043f\u0440\u0435\u0434\u0435\u043b\u0435\u043d\u043d\u044b\u0439 \u0441\u0440\u043e\u043a [&hellip;]<\/p>\n","protected":false},"author":4,"featured_media":0,"parent":0,"menu_order":0,"comment_status":"closed","ping_status":"closed","template":"","meta":{"_et_pb_use_builder":"on","_et_pb_old_content":"<p>[et_pb_section fb_built=\"1\" _builder_version=\"3.22\" custom_padding=\"54px|0px|340px|0px|false|false\" global_colors_info=\"{}\"][et_pb_row _builder_version=\"3.25\" background_size=\"initial\" background_position=\"top_left\" background_repeat=\"repeat\" global_colors_info=\"{}\"][et_pb_column type=\"4_4\" _builder_version=\"3.25\" custom_padding=\"|||\" global_colors_info=\"{}\" custom_padding__hover=\"|||\"][et_pb_text _builder_version=\"4.12.0\" hover_enabled=\"0\" global_colors_info=\"{}\" sticky_enabled=\"0\"]<\/p><p>Odesl\u00e1n\u00edm kontaktn\u00edho formul\u00e1\u0159e poskytuji spr\u00e1vci webu spole\u010dnosti: SMART TECHNIK a.s., Na Z\u00e1me\u010dku 956, 664 53 \u00dajezd u Brna, \u010cesk\u00e1 Republika, I\u010c: 25577999 (d\u00e1le jen spr\u00e1vce), souhlas se zpracov\u00e1n\u00edm sv\u00fdch osobn\u00edch \u00fadaj\u016f v nezbytn\u00e9m rozsahu a to v souladu s <a href=\"http:\/\/eur-lex.europa.eu\/legal-content\/CS\/TXT\/PDF\/?uri=CELEX:32016R0679&from=EN\" target=\"_blank\" rel=\"noopener\">Na\u0159\u00edzen\u00ed (EU) 2016\/679 (GDPR)<\/a>,, o ochran\u011b osobn\u00edch \u00fadaj\u016f, ve zn\u011bn\u00ed pozd\u011bj\u0161\u00edch p\u0159edpis\u016f.<\/p><p>Souhlas poskytuji dobrovoln\u011b na dobu neur\u010ditou a prohla\u0161uji, \u017ee mnou uveden\u00e9 \u00fadaje jsou pravdiv\u00e9 a p\u0159esn\u00e9.<\/p><p>Souhlas m\u016f\u017ee b\u00fdt kdykoli odvol\u00e1n p\u00edsemnou formou na adresu spr\u00e1vce a nebo e-mailem na adresu: info@smarttechnik.cz.<\/p><p>Spr\u00e1vce prohla\u0161uje, \u017ee bude zpracov\u00e1vat \u00fadaje v souladu s platnou pr\u00e1vn\u00ed \u00fapravou a pouze k \u00fa\u010del\u016fm, ke kter\u00fdm mu byl poskytnut souhlas.<\/p><p>[\/et_pb_text][\/et_pb_column][\/et_pb_row][\/et_pb_section]<\/p>","_et_gb_content_width":"","footnotes":""},"class_list":["post-2576","page","type-page","status-publish","hentry"],"yoast_head":"<!-- This site is optimized with the Yoast SEO plugin v26.2 - https:\/\/yoast.com\/wordpress\/plugins\/seo\/ -->\n<title>\u041e\u0431\u0449\u0438\u0435 \u043f\u043e\u043b\u043e\u0436\u0435\u043d\u0438\u044f \u043e \u0437\u0430\u0449\u0438\u0442\u0435 \u0434\u0430\u043d\u043d\u044b\u0445 - SMART TECHNIK a.s.<\/title>\n<meta name=\"robots\" content=\"index, follow, max-snippet:-1, max-image-preview:large, max-video-preview:-1\" \/>\n<link rel=\"canonical\" href=\"https:\/\/smarttechnik.cz\/ru\/\u043e\u0431\u0449\u0438\u0435-\u043f\u043e\u043b\u043e\u0436\u0435\u043d\u0438\u044f-\u043e-\u0437\u0430\u0449\u0438\u0442\u0435-\u0434\u0430\u043d\u043d\u044b\u0445\/\" \/>\n<meta property=\"og:locale\" content=\"ru_RU\" \/>\n<meta property=\"og:type\" content=\"article\" \/>\n<meta property=\"og:title\" content=\"\u041e\u0431\u0449\u0438\u0435 \u043f\u043e\u043b\u043e\u0436\u0435\u043d\u0438\u044f \u043e \u0437\u0430\u0449\u0438\u0442\u0435 \u0434\u0430\u043d\u043d\u044b\u0445 - SMART TECHNIK a.s.\" \/>\n<meta property=\"og:description\" content=\"\u041e\u0442\u043f\u0440\u0430\u0432\u043b\u044f\u044f \u043a\u043e\u043d\u0442\u0430\u043a\u0442\u043d\u0443\u044e \u0444\u043e\u0440\u043c\u0443, \u044f \u0434\u0430\u044e \u0430\u0434\u043c\u0438\u043d\u0438\u0441\u0442\u0440\u0430\u0442\u043e\u0440\u0443 \u0441\u0430\u0439\u0442\u0430 \u043a\u043e\u043c\u043f\u0430\u043d\u0438\u0438: SMART TECHNIK a.s., Na Z\u00e1me\u010dku 956, 664 53 \u00dajezd \u200b\u200bu Brno, \u0427\u0435\u0445\u0438\u044f, ID: 25577999 (\u0434\u0430\u043b\u0435\u0435 \u2013 \u0430\u0434\u043c\u0438\u043d\u0438\u0441\u0442\u0440\u0430\u0442\u043e\u0440), \u0441\u043e\u0433\u043b\u0430\u0441\u0438\u0435 \u043d\u0430 \u043e\u0431\u0440\u0430\u0431\u043e\u0442\u043a\u0430 \u043c\u043e\u0438\u0445 \u043f\u0435\u0440\u0441\u043e\u043d\u0430\u043b\u044c\u043d\u044b\u0445 \u0434\u0430\u043d\u043d\u044b\u0445 \u0432 \u043d\u0435\u043e\u0431\u0445\u043e\u0434\u0438\u043c\u043e\u043c \u043e\u0431\u044a\u0435\u043c\u0435 \u0432 \u0441\u043e\u043e\u0442\u0432\u0435\u0442\u0441\u0442\u0432\u0438\u0438 \u0441 \u0420\u0435\u0433\u043b\u0430\u043c\u0435\u043d\u0442 (\u0415\u0421) 2016\/679 (GDPR) \u043e \u0437\u0430\u0449\u0438\u0442\u0435 \u043f\u0435\u0440\u0441\u043e\u043d\u0430\u043b\u044c\u043d\u044b\u0445 \u0434\u0430\u043d\u043d\u044b\u0445 \u0441 \u043f\u043e\u043f\u0440\u0430\u0432\u043a\u0430\u043c\u0438. \u042f \u0434\u043e\u0431\u0440\u043e\u0432\u043e\u043b\u044c\u043d\u043e \u0434\u0430\u044e \u0441\u0432\u043e\u0435 \u0441\u043e\u0433\u043b\u0430\u0441\u0438\u0435 \u043d\u0430 \u043d\u0435\u043e\u043f\u0440\u0435\u0434\u0435\u043b\u0435\u043d\u043d\u044b\u0439 \u0441\u0440\u043e\u043a [&hellip;]\" \/>\n<meta property=\"og:url\" content=\"https:\/\/smarttechnik.cz\/ru\/\u043e\u0431\u0449\u0438\u0435-\u043f\u043e\u043b\u043e\u0436\u0435\u043d\u0438\u044f-\u043e-\u0437\u0430\u0449\u0438\u0442\u0435-\u0434\u0430\u043d\u043d\u044b\u0445\/\" \/>\n<meta property=\"og:site_name\" content=\"SMART TECHNIK a.s.\" \/>\n<meta property=\"article:modified_time\" content=\"2023-09-13T15:50:00+00:00\" \/>\n<meta name=\"twitter:card\" content=\"summary_large_image\" \/>\n<meta name=\"twitter:label1\" content=\"\u041f\u0440\u0438\u043c\u0435\u0440\u043d\u043e\u0435 \u0432\u0440\u0435\u043c\u044f \u0434\u043b\u044f \u0447\u0442\u0435\u043d\u0438\u044f\" \/>\n\t<meta name=\"twitter:data1\" content=\"1 \u043c\u0438\u043d\u0443\u0442\u0430\" \/>\n<script type=\"application\/ld+json\" class=\"yoast-schema-graph\">{\"@context\":\"https:\/\/schema.org\",\"@graph\":[{\"@type\":\"WebPage\",\"@id\":\"https:\/\/smarttechnik.cz\/ru\/%d0%be%d0%b1%d1%89%d0%b8%d0%b5-%d0%bf%d0%be%d0%bb%d0%be%d0%b6%d0%b5%d0%bd%d0%b8%d1%8f-%d0%be-%d0%b7%d0%b0%d1%89%d0%b8%d1%82%d0%b5-%d0%b4%d0%b0%d0%bd%d0%bd%d1%8b%d1%85\/\",\"url\":\"https:\/\/smarttechnik.cz\/ru\/%d0%be%d0%b1%d1%89%d0%b8%d0%b5-%d0%bf%d0%be%d0%bb%d0%be%d0%b6%d0%b5%d0%bd%d0%b8%d1%8f-%d0%be-%d0%b7%d0%b0%d1%89%d0%b8%d1%82%d0%b5-%d0%b4%d0%b0%d0%bd%d0%bd%d1%8b%d1%85\/\",\"name\":\"\u041e\u0431\u0449\u0438\u0435 \u043f\u043e\u043b\u043e\u0436\u0435\u043d\u0438\u044f \u043e \u0437\u0430\u0449\u0438\u0442\u0435 \u0434\u0430\u043d\u043d\u044b\u0445 - SMART TECHNIK a.s.\",\"isPartOf\":{\"@id\":\"https:\/\/smarttechnik.cz\/#website\"},\"datePublished\":\"2023-09-13T15:49:56+00:00\",\"dateModified\":\"2023-09-13T15:50:00+00:00\",\"breadcrumb\":{\"@id\":\"https:\/\/smarttechnik.cz\/ru\/%d0%be%d0%b1%d1%89%d0%b8%d0%b5-%d0%bf%d0%be%d0%bb%d0%be%d0%b6%d0%b5%d0%bd%d0%b8%d1%8f-%d0%be-%d0%b7%d0%b0%d1%89%d0%b8%d1%82%d0%b5-%d0%b4%d0%b0%d0%bd%d0%bd%d1%8b%d1%85\/#breadcrumb\"},\"inLanguage\":\"ru-RU\",\"potentialAction\":[{\"@type\":\"ReadAction\",\"target\":[\"https:\/\/smarttechnik.cz\/ru\/%d0%be%d0%b1%d1%89%d0%b8%d0%b5-%d0%bf%d0%be%d0%bb%d0%be%d0%b6%d0%b5%d0%bd%d0%b8%d1%8f-%d0%be-%d0%b7%d0%b0%d1%89%d0%b8%d1%82%d0%b5-%d0%b4%d0%b0%d0%bd%d0%bd%d1%8b%d1%85\/\"]}]},{\"@type\":\"BreadcrumbList\",\"@id\":\"https:\/\/smarttechnik.cz\/ru\/%d0%be%d0%b1%d1%89%d0%b8%d0%b5-%d0%bf%d0%be%d0%bb%d0%be%d0%b6%d0%b5%d0%bd%d0%b8%d1%8f-%d0%be-%d0%b7%d0%b0%d1%89%d0%b8%d1%82%d0%b5-%d0%b4%d0%b0%d0%bd%d0%bd%d1%8b%d1%85\/#breadcrumb\",\"itemListElement\":[{\"@type\":\"ListItem\",\"position\":1,\"name\":\"Dom\u016f\",\"item\":\"https:\/\/smarttechnik.cz\/ru\/o-nas\/\"},{\"@type\":\"ListItem\",\"position\":2,\"name\":\"\u041e\u0431\u0449\u0438\u0435 \u043f\u043e\u043b\u043e\u0436\u0435\u043d\u0438\u044f \u043e \u0437\u0430\u0449\u0438\u0442\u0435 \u0434\u0430\u043d\u043d\u044b\u0445\"}]},{\"@type\":\"WebSite\",\"@id\":\"https:\/\/smarttechnik.cz\/#website\",\"url\":\"https:\/\/smarttechnik.cz\/\",\"name\":\"SMART TECHNIK a.s.\",\"description\":\"\u0418\u0437\u0433\u043e\u0442\u0430\u0432\u043b\u0438\u0432\u0430\u0435\u043c \u043c\u0430\u0448\u0438\u043d\u043d\u0443\u044e \u0442\u0435\u0445\u043d\u0438\u043a\u0443, \u0442\u0435\u0430\u0442\u0440\u0430\u043b\u044c\u043d\u043e\u0435 \u043e\u0431\u043e\u0440\u0443\u0434\u043e\u0432\u0430\u043d\u0438\u0435, \u0430\u0442\u0442\u0440\u0430\u043a\u0446\u0438\u043e\u043d\u044b \u0438 \u0441\u043f\u0435\u0446\u0438\u0430\u043b\u044c\u043d\u044b\u0435 \u043f\u0440\u0438\u043b\u043e\u0436\u0435\u043d\u0438\u044f.\",\"potentialAction\":[{\"@type\":\"SearchAction\",\"target\":{\"@type\":\"EntryPoint\",\"urlTemplate\":\"https:\/\/smarttechnik.cz\/?s={search_term_string}\"},\"query-input\":{\"@type\":\"PropertyValueSpecification\",\"valueRequired\":true,\"valueName\":\"search_term_string\"}}],\"inLanguage\":\"ru-RU\"}]}<\/script>\n<!-- \/ Yoast SEO plugin. -->","yoast_head_json":{"title":"\u041e\u0431\u0449\u0438\u0435 \u043f\u043e\u043b\u043e\u0436\u0435\u043d\u0438\u044f \u043e \u0437\u0430\u0449\u0438\u0442\u0435 \u0434\u0430\u043d\u043d\u044b\u0445 - SMART TECHNIK a.s.","robots":{"index":"index","follow":"follow","max-snippet":"max-snippet:-1","max-image-preview":"max-image-preview:large","max-video-preview":"max-video-preview:-1"},"canonical":"https:\/\/smarttechnik.cz\/ru\/\u043e\u0431\u0449\u0438\u0435-\u043f\u043e\u043b\u043e\u0436\u0435\u043d\u0438\u044f-\u043e-\u0437\u0430\u0449\u0438\u0442\u0435-\u0434\u0430\u043d\u043d\u044b\u0445\/","og_locale":"ru_RU","og_type":"article","og_title":"\u041e\u0431\u0449\u0438\u0435 \u043f\u043e\u043b\u043e\u0436\u0435\u043d\u0438\u044f \u043e \u0437\u0430\u0449\u0438\u0442\u0435 \u0434\u0430\u043d\u043d\u044b\u0445 - SMART TECHNIK a.s.","og_description":"\u041e\u0442\u043f\u0440\u0430\u0432\u043b\u044f\u044f \u043a\u043e\u043d\u0442\u0430\u043a\u0442\u043d\u0443\u044e \u0444\u043e\u0440\u043c\u0443, \u044f \u0434\u0430\u044e \u0430\u0434\u043c\u0438\u043d\u0438\u0441\u0442\u0440\u0430\u0442\u043e\u0440\u0443 \u0441\u0430\u0439\u0442\u0430 \u043a\u043e\u043c\u043f\u0430\u043d\u0438\u0438: SMART TECHNIK a.s., Na Z\u00e1me\u010dku 956, 664 53 \u00dajezd \u200b\u200bu Brno, \u0427\u0435\u0445\u0438\u044f, ID: 25577999 (\u0434\u0430\u043b\u0435\u0435 \u2013 \u0430\u0434\u043c\u0438\u043d\u0438\u0441\u0442\u0440\u0430\u0442\u043e\u0440), \u0441\u043e\u0433\u043b\u0430\u0441\u0438\u0435 \u043d\u0430 \u043e\u0431\u0440\u0430\u0431\u043e\u0442\u043a\u0430 \u043c\u043e\u0438\u0445 \u043f\u0435\u0440\u0441\u043e\u043d\u0430\u043b\u044c\u043d\u044b\u0445 \u0434\u0430\u043d\u043d\u044b\u0445 \u0432 \u043d\u0435\u043e\u0431\u0445\u043e\u0434\u0438\u043c\u043e\u043c \u043e\u0431\u044a\u0435\u043c\u0435 \u0432 \u0441\u043e\u043e\u0442\u0432\u0435\u0442\u0441\u0442\u0432\u0438\u0438 \u0441 \u0420\u0435\u0433\u043b\u0430\u043c\u0435\u043d\u0442 (\u0415\u0421) 2016\/679 (GDPR) \u043e \u0437\u0430\u0449\u0438\u0442\u0435 \u043f\u0435\u0440\u0441\u043e\u043d\u0430\u043b\u044c\u043d\u044b\u0445 \u0434\u0430\u043d\u043d\u044b\u0445 \u0441 \u043f\u043e\u043f\u0440\u0430\u0432\u043a\u0430\u043c\u0438. \u042f \u0434\u043e\u0431\u0440\u043e\u0432\u043e\u043b\u044c\u043d\u043e \u0434\u0430\u044e \u0441\u0432\u043e\u0435 \u0441\u043e\u0433\u043b\u0430\u0441\u0438\u0435 \u043d\u0430 \u043d\u0435\u043e\u043f\u0440\u0435\u0434\u0435\u043b\u0435\u043d\u043d\u044b\u0439 \u0441\u0440\u043e\u043a [&hellip;]","og_url":"https:\/\/smarttechnik.cz\/ru\/\u043e\u0431\u0449\u0438\u0435-\u043f\u043e\u043b\u043e\u0436\u0435\u043d\u0438\u044f-\u043e-\u0437\u0430\u0449\u0438\u0442\u0435-\u0434\u0430\u043d\u043d\u044b\u0445\/","og_site_name":"SMART TECHNIK a.s.","article_modified_time":"2023-09-13T15:50:00+00:00","twitter_card":"summary_large_image","twitter_misc":{"\u041f\u0440\u0438\u043c\u0435\u0440\u043d\u043e\u0435 \u0432\u0440\u0435\u043c\u044f \u0434\u043b\u044f \u0447\u0442\u0435\u043d\u0438\u044f":"1 \u043c\u0438\u043d\u0443\u0442\u0430"},"schema":{"@context":"https:\/\/schema.org","@graph":[{"@type":"WebPage","@id":"https:\/\/smarttechnik.cz\/ru\/%d0%be%d0%b1%d1%89%d0%b8%d0%b5-%d0%bf%d0%be%d0%bb%d0%be%d0%b6%d0%b5%d0%bd%d0%b8%d1%8f-%d0%be-%d0%b7%d0%b0%d1%89%d0%b8%d1%82%d0%b5-%d0%b4%d0%b0%d0%bd%d0%bd%d1%8b%d1%85\/","url":"https:\/\/smarttechnik.cz\/ru\/%d0%be%d0%b1%d1%89%d0%b8%d0%b5-%d0%bf%d0%be%d0%bb%d0%be%d0%b6%d0%b5%d0%bd%d0%b8%d1%8f-%d0%be-%d0%b7%d0%b0%d1%89%d0%b8%d1%82%d0%b5-%d0%b4%d0%b0%d0%bd%d0%bd%d1%8b%d1%85\/","name":"\u041e\u0431\u0449\u0438\u0435 \u043f\u043e\u043b\u043e\u0436\u0435\u043d\u0438\u044f \u043e \u0437\u0430\u0449\u0438\u0442\u0435 \u0434\u0430\u043d\u043d\u044b\u0445 - SMART TECHNIK a.s.","isPartOf":{"@id":"https:\/\/smarttechnik.cz\/#website"},"datePublished":"2023-09-13T15:49:56+00:00","dateModified":"2023-09-13T15:50:00+00:00","breadcrumb":{"@id":"https:\/\/smarttechnik.cz\/ru\/%d0%be%d0%b1%d1%89%d0%b8%d0%b5-%d0%bf%d0%be%d0%bb%d0%be%d0%b6%d0%b5%d0%bd%d0%b8%d1%8f-%d0%be-%d0%b7%d0%b0%d1%89%d0%b8%d1%82%d0%b5-%d0%b4%d0%b0%d0%bd%d0%bd%d1%8b%d1%85\/#breadcrumb"},"inLanguage":"ru-RU","potentialAction":[{"@type":"ReadAction","target":["https:\/\/smarttechnik.cz\/ru\/%d0%be%d0%b1%d1%89%d0%b8%d0%b5-%d0%bf%d0%be%d0%bb%d0%be%d0%b6%d0%b5%d0%bd%d0%b8%d1%8f-%d0%be-%d0%b7%d0%b0%d1%89%d0%b8%d1%82%d0%b5-%d0%b4%d0%b0%d0%bd%d0%bd%d1%8b%d1%85\/"]}]},{"@type":"BreadcrumbList","@id":"https:\/\/smarttechnik.cz\/ru\/%d0%be%d0%b1%d1%89%d0%b8%d0%b5-%d0%bf%d0%be%d0%bb%d0%be%d0%b6%d0%b5%d0%bd%d0%b8%d1%8f-%d0%be-%d0%b7%d0%b0%d1%89%d0%b8%d1%82%d0%b5-%d0%b4%d0%b0%d0%bd%d0%bd%d1%8b%d1%85\/#breadcrumb","itemListElement":[{"@type":"ListItem","position":1,"name":"Dom\u016f","item":"https:\/\/smarttechnik.cz\/ru\/o-nas\/"},{"@type":"ListItem","position":2,"name":"\u041e\u0431\u0449\u0438\u0435 \u043f\u043e\u043b\u043e\u0436\u0435\u043d\u0438\u044f \u043e \u0437\u0430\u0449\u0438\u0442\u0435 \u0434\u0430\u043d\u043d\u044b\u0445"}]},{"@type":"WebSite","@id":"https:\/\/smarttechnik.cz\/#website","url":"https:\/\/smarttechnik.cz\/","name":"SMART TECHNIK a.s.","description":"\u0418\u0437\u0433\u043e\u0442\u0430\u0432\u043b\u0438\u0432\u0430\u0435\u043c \u043c\u0430\u0448\u0438\u043d\u043d\u0443\u044e \u0442\u0435\u0445\u043d\u0438\u043a\u0443, \u0442\u0435\u0430\u0442\u0440\u0430\u043b\u044c\u043d\u043e\u0435 \u043e\u0431\u043e\u0440\u0443\u0434\u043e\u0432\u0430\u043d\u0438\u0435, \u0430\u0442\u0442\u0440\u0430\u043a\u0446\u0438\u043e\u043d\u044b \u0438 \u0441\u043f\u0435\u0446\u0438\u0430\u043b\u044c\u043d\u044b\u0435 \u043f\u0440\u0438\u043b\u043e\u0436\u0435\u043d\u0438\u044f.","potentialAction":[{"@type":"SearchAction","target":{"@type":"EntryPoint","urlTemplate":"https:\/\/smarttechnik.cz\/?s={search_term_string}"},"query-input":{"@type":"PropertyValueSpecification","valueRequired":true,"valueName":"search_term_string"}}],"inLanguage":"ru-RU"}]}},"_links":{"self":[{"href":"https:\/\/smarttechnik.cz\/ru\/wp-json\/wp\/v2\/pages\/2576","targetHints":{"allow":["GET"]}}],"collection":[{"href":"https:\/\/smarttechnik.cz\/ru\/wp-json\/wp\/v2\/pages"}],"about":[{"href":"https:\/\/smarttechnik.cz\/ru\/wp-json\/wp\/v2\/types\/page"}],"author":[{"embeddable":true,"href":"https:\/\/smarttechnik.cz\/ru\/wp-json\/wp\/v2\/users\/4"}],"replies":[{"embeddable":true,"href":"https:\/\/smarttechnik.cz\/ru\/wp-json\/wp\/v2\/comments?post=2576"}],"version-history":[{"count":5,"href":"https:\/\/smarttechnik.cz\/ru\/wp-json\/wp\/v2\/pages\/2576\/revisions"}],"predecessor-version":[{"id":2581,"href":"https:\/\/smarttechnik.cz\/ru\/wp-json\/wp\/v2\/pages\/2576\/revisions\/2581"}],"wp:attachment":[{"href":"https:\/\/smarttechnik.cz\/ru\/wp-json\/wp\/v2\/media?parent=2576"}],"curies":[{"name":"wp","href":"https:\/\/api.w.org\/{rel}","templated":true}]}}