{"id":1100,"date":"2018-02-27T13:23:40","date_gmt":"2018-02-27T13:23:40","guid":{"rendered":"https:\/\/smarttechnik.cz\/kontakt\/"},"modified":"2021-05-25T12:46:09","modified_gmt":"2021-05-25T12:46:09","slug":"%d0%ba%d0%be%d0%bd%d1%82%d0%b0%d0%ba%d1%82","status":"publish","type":"page","link":"https:\/\/smarttechnik.cz\/ru\/%d0%ba%d0%be%d0%bd%d1%82%d0%b0%d0%ba%d1%82\/","title":{"rendered":"\u041a\u043e\u043d\u0442\u0430\u043a\u0442"},"content":{"rendered":"<p>[et_pb_section bb_built=&#187;1&#8243; _builder_version=&#187;3.22&#8243; next_background_color=&#187;#000000&#8243;][et_pb_row _builder_version=&#187;3.25&#8243; background_size=&#187;initial&#187; background_position=&#187;top_left&#187; background_repeat=&#187;repeat&#187; column_structure=&#187;1_2,1_2&#8243;][et_pb_column type=&#187;1_2&#8243; _builder_version=&#187;3.25&#8243; custom_padding=&#187;|||&#187; custom_padding__hover=&#187;|||&#187;][et_pb_text admin_label=&#187;ADRESA&#187; _builder_version=&#187;4.8.2&#8243; hover_enabled=&#187;0&#8243; header_font=&#187;|700|||||||&#187; header_text_color=&#187;#303b5e&#187; header_font_size=&#187;25px&#187; header_line_height=&#187;1.4em&#187; text_text_shadow_horizontal_length=&#187;text_text_shadow_style,%91object Object%93&#8243; text_text_shadow_horizontal_length_tablet=&#187;0px&#187; text_text_shadow_vertical_length=&#187;text_text_shadow_style,%91object Object%93&#8243; text_text_shadow_vertical_length_tablet=&#187;0px&#187; text_text_shadow_blur_strength=&#187;text_text_shadow_style,%91object Object%93&#8243; text_text_shadow_blur_strength_tablet=&#187;1px&#187; link_text_shadow_horizontal_length=&#187;link_text_shadow_style,%91object Object%93&#8243; link_text_shadow_horizontal_length_tablet=&#187;0px&#187; link_text_shadow_vertical_length=&#187;link_text_shadow_style,%91object Object%93&#8243; link_text_shadow_vertical_length_tablet=&#187;0px&#187; link_text_shadow_blur_strength=&#187;link_text_shadow_style,%91object Object%93&#8243; link_text_shadow_blur_strength_tablet=&#187;1px&#187; ul_text_shadow_horizontal_length=&#187;ul_text_shadow_style,%91object Object%93&#8243; ul_text_shadow_horizontal_length_tablet=&#187;0px&#187; ul_text_shadow_vertical_length=&#187;ul_text_shadow_style,%91object Object%93&#8243; ul_text_shadow_vertical_length_tablet=&#187;0px&#187; ul_text_shadow_blur_strength=&#187;ul_text_shadow_style,%91object Object%93&#8243; ul_text_shadow_blur_strength_tablet=&#187;1px&#187; ol_text_shadow_horizontal_length=&#187;ol_text_shadow_style,%91object Object%93&#8243; ol_text_shadow_horizontal_length_tablet=&#187;0px&#187; ol_text_shadow_vertical_length=&#187;ol_text_shadow_style,%91object Object%93&#8243; ol_text_shadow_vertical_length_tablet=&#187;0px&#187; ol_text_shadow_blur_strength=&#187;ol_text_shadow_style,%91object Object%93&#8243; ol_text_shadow_blur_strength_tablet=&#187;1px&#187; quote_text_shadow_horizontal_length=&#187;quote_text_shadow_style,%91object Object%93&#8243; quote_text_shadow_horizontal_length_tablet=&#187;0px&#187; quote_text_shadow_vertical_length=&#187;quote_text_shadow_style,%91object Object%93&#8243; quote_text_shadow_vertical_length_tablet=&#187;0px&#187; quote_text_shadow_blur_strength=&#187;quote_text_shadow_style,%91object Object%93&#8243; quote_text_shadow_blur_strength_tablet=&#187;1px&#187; header_text_shadow_horizontal_length=&#187;header_text_shadow_style,%91object Object%93&#8243; header_text_shadow_horizontal_length_tablet=&#187;0px&#187; header_text_shadow_vertical_length=&#187;header_text_shadow_style,%91object Object%93&#8243; header_text_shadow_vertical_length_tablet=&#187;0px&#187; header_text_shadow_blur_strength=&#187;header_text_shadow_style,%91object Object%93&#8243; header_text_shadow_blur_strength_tablet=&#187;1px&#187; header_2_text_shadow_horizontal_length=&#187;header_2_text_shadow_style,%91object Object%93&#8243; header_2_text_shadow_horizontal_length_tablet=&#187;0px&#187; header_2_text_shadow_vertical_length=&#187;header_2_text_shadow_style,%91object Object%93&#8243; header_2_text_shadow_vertical_length_tablet=&#187;0px&#187; header_2_text_shadow_blur_strength=&#187;header_2_text_shadow_style,%91object Object%93&#8243; header_2_text_shadow_blur_strength_tablet=&#187;1px&#187; header_3_text_shadow_horizontal_length=&#187;header_3_text_shadow_style,%91object Object%93&#8243; header_3_text_shadow_horizontal_length_tablet=&#187;0px&#187; header_3_text_shadow_vertical_length=&#187;header_3_text_shadow_style,%91object Object%93&#8243; header_3_text_shadow_vertical_length_tablet=&#187;0px&#187; header_3_text_shadow_blur_strength=&#187;header_3_text_shadow_style,%91object Object%93&#8243; header_3_text_shadow_blur_strength_tablet=&#187;1px&#187; header_4_text_shadow_horizontal_length=&#187;header_4_text_shadow_style,%91object Object%93&#8243; header_4_text_shadow_horizontal_length_tablet=&#187;0px&#187; header_4_text_shadow_vertical_length=&#187;header_4_text_shadow_style,%91object Object%93&#8243; header_4_text_shadow_vertical_length_tablet=&#187;0px&#187; header_4_text_shadow_blur_strength=&#187;header_4_text_shadow_style,%91object Object%93&#8243; header_4_text_shadow_blur_strength_tablet=&#187;1px&#187; header_5_text_shadow_horizontal_length=&#187;header_5_text_shadow_style,%91object Object%93&#8243; header_5_text_shadow_horizontal_length_tablet=&#187;0px&#187; header_5_text_shadow_vertical_length=&#187;header_5_text_shadow_style,%91object Object%93&#8243; header_5_text_shadow_vertical_length_tablet=&#187;0px&#187; header_5_text_shadow_blur_strength=&#187;header_5_text_shadow_style,%91object Object%93&#8243; header_5_text_shadow_blur_strength_tablet=&#187;1px&#187; header_6_text_shadow_horizontal_length=&#187;header_6_text_shadow_style,%91object Object%93&#8243; header_6_text_shadow_horizontal_length_tablet=&#187;0px&#187; header_6_text_shadow_vertical_length=&#187;header_6_text_shadow_style,%91object Object%93&#8243; header_6_text_shadow_vertical_length_tablet=&#187;0px&#187; header_6_text_shadow_blur_strength=&#187;header_6_text_shadow_style,%91object Object%93&#8243; header_6_text_shadow_blur_strength_tablet=&#187;1px&#187; box_shadow_horizontal_tablet=&#187;0px&#187; box_shadow_vertical_tablet=&#187;0px&#187; box_shadow_blur_tablet=&#187;40px&#187; box_shadow_spread_tablet=&#187;0px&#187; vertical_offset_tablet=&#187;0&#8243; horizontal_offset_tablet=&#187;0&#8243; z_index_tablet=&#187;0&#8243;]<\/p>\n<h1>SMART TECHNIK a.s.<\/h1>\n<p>Na Z\u00e1me\u010dku 956<br \/>664 53 \u00dajezd u Brna<\/p>\n<p>\u0422\u0435\u043b.: <a href=\"tel:00420544422210\">+420 544 422 210<\/a><br \/>E-mail: <a href=\"mailto:info@smarttechnik.cz\">info@smarttechnik.cz<\/a><\/p>\n<p>\u0418\u041d\u041d: 25577999<br \/>DI\u010c: CZ25577999<br \/>Spisov\u00e1 zna\u010dka: B 5706 veden\u00e1 u Krajsk\u00e9ho soudu v Brn\u011b<\/p>\n<p>[\/et_pb_text][\/et_pb_column][et_pb_column type=&#187;1_2&#8243; _builder_version=&#187;3.25&#8243; custom_padding=&#187;|||&#187; custom_padding__hover=&#187;|||&#187;][et_pb_contact_form admin_label=&#187;KONTAKTN\u00cd FORMUL\u00c1\u0158&#187; email=&#187;info@smarttechnik.cz&#187; title=&#187;\u041a\u043e\u043d\u0442\u0430\u043a\u0442\u043d\u044b\u0439 \u0444\u043e\u0440\u043c\u0443\u043b\u044f\u0440: &#187; success_message=&#187;\u0412\u0430\u0448\u0435 \u0441\u043e\u043e\u0431\u0449\u0435\u043d\u0438\u0435 \u043e\u0442\u043f\u0440\u0430\u0432\u043b\u0435\u043d\u043e \u0443\u0441\u043f\u0435\u0448\u043d\u043e!&#187; submit_button_text=&#187;\u041e\u0422\u041f\u0420\u0410\u0412\u0418\u0422\u042c&#187; _builder_version=&#187;4.5.3&#8243; title_level=&#187;h2&#8243; title_text_color=&#187;#303b5e&#187; custom_button=&#187;on&#187; button_text_color=&#187;#ffffff&#187; button_bg_color=&#187;#303b5e&#187; button_border_color=&#187;#303b5e&#187; button_icon=&#187;%%36%%&#187; button_icon_color=&#187;#303b5e&#187; hover_enabled=&#187;0&#8243; button_text_color_hover=&#187;#303b5e&#187; button_bg_color_hover=&#187;#ffffff&#187; button_border_color_hover=&#187;#ffffff&#187; title_font=&#187;|700|||||||&#187; title_font_size=&#187;25px&#187; title_line_height=&#187;1.4em&#187;][et_pb_contact_field field_id=&#187;Jm\u00e9no_a_p\u0159\u00edjmen\u00ed_&#187; field_title=&#187;\u0424\u0418\u041e:&#187; _builder_version=&#187;3.16&#8243; button_text_size__hover_enabled=&#187;off&#187; button_one_text_size__hover_enabled=&#187;off&#187; button_two_text_size__hover_enabled=&#187;off&#187; button_text_color__hover_enabled=&#187;off&#187; button_one_text_color__hover_enabled=&#187;off&#187; button_two_text_color__hover_enabled=&#187;off&#187; button_border_width__hover_enabled=&#187;off&#187; button_one_border_width__hover_enabled=&#187;off&#187; button_two_border_width__hover_enabled=&#187;off&#187; button_border_color__hover_enabled=&#187;off&#187; button_one_border_color__hover_enabled=&#187;off&#187; button_two_border_color__hover_enabled=&#187;off&#187; button_border_radius__hover_enabled=&#187;off&#187; button_one_border_radius__hover_enabled=&#187;off&#187; button_two_border_radius__hover_enabled=&#187;off&#187; button_letter_spacing__hover_enabled=&#187;off&#187; button_one_letter_spacing__hover_enabled=&#187;off&#187; button_two_letter_spacing__hover_enabled=&#187;off&#187; button_bg_color__hover_enabled=&#187;off&#187; button_one_bg_color__hover_enabled=&#187;off&#187; button_two_bg_color__hover_enabled=&#187;off&#187;][\/et_pb_contact_field][et_pb_contact_field field_id=&#187;Va\u0161e_mailov\u00e1_adresa&#187; field_title=&#187;\u0410\u0434\u0440\u0435\u0441 \u044d\u043b\u0435\u043a\u0442\u0440\u043e\u043d\u043d\u043e\u0439 \u043f\u043e\u0447\u0442\u044b:&#187; field_type=&#187;email&#187; _builder_version=&#187;3.16&#8243; button_text_size__hover_enabled=&#187;off&#187; button_one_text_size__hover_enabled=&#187;off&#187; button_two_text_size__hover_enabled=&#187;off&#187; button_text_color__hover_enabled=&#187;off&#187; button_one_text_color__hover_enabled=&#187;off&#187; button_two_text_color__hover_enabled=&#187;off&#187; button_border_width__hover_enabled=&#187;off&#187; button_one_border_width__hover_enabled=&#187;off&#187; button_two_border_width__hover_enabled=&#187;off&#187; button_border_color__hover_enabled=&#187;off&#187; button_one_border_color__hover_enabled=&#187;off&#187; button_two_border_color__hover_enabled=&#187;off&#187; button_border_radius__hover_enabled=&#187;off&#187; button_one_border_radius__hover_enabled=&#187;off&#187; button_two_border_radius__hover_enabled=&#187;off&#187; button_letter_spacing__hover_enabled=&#187;off&#187; button_one_letter_spacing__hover_enabled=&#187;off&#187; button_two_letter_spacing__hover_enabled=&#187;off&#187; button_bg_color__hover_enabled=&#187;off&#187; button_one_bg_color__hover_enabled=&#187;off&#187; button_two_bg_color__hover_enabled=&#187;off&#187;][\/et_pb_contact_field][et_pb_contact_field field_id=&#187;Va\u0161e_zpr\u00e1va_pro_n\u00e1s&#187; field_title=&#187;\u0412\u0430\u0448\u0435 \u0441\u043e\u043e\u0431\u0449\u0435\u043d\u0438\u0435 \u0434\u043b\u044f \u043d\u0430\u0441:&#187; field_type=&#187;text&#187; fullwidth_field=&#187;on&#187; _builder_version=&#187;3.16&#8243; button_text_size__hover_enabled=&#187;off&#187; button_one_text_size__hover_enabled=&#187;off&#187; button_two_text_size__hover_enabled=&#187;off&#187; button_text_color__hover_enabled=&#187;off&#187; button_one_text_color__hover_enabled=&#187;off&#187; button_two_text_color__hover_enabled=&#187;off&#187; button_border_width__hover_enabled=&#187;off&#187; button_one_border_width__hover_enabled=&#187;off&#187; button_two_border_width__hover_enabled=&#187;off&#187; button_border_color__hover_enabled=&#187;off&#187; button_one_border_color__hover_enabled=&#187;off&#187; button_two_border_color__hover_enabled=&#187;off&#187; button_border_radius__hover_enabled=&#187;off&#187; button_one_border_radius__hover_enabled=&#187;off&#187; button_two_border_radius__hover_enabled=&#187;off&#187; button_letter_spacing__hover_enabled=&#187;off&#187; button_one_letter_spacing__hover_enabled=&#187;off&#187; button_two_letter_spacing__hover_enabled=&#187;off&#187; button_bg_color__hover_enabled=&#187;off&#187; button_one_bg_color__hover_enabled=&#187;off&#187; button_two_bg_color__hover_enabled=&#187;off&#187;][\/et_pb_contact_field][\/et_pb_contact_form][\/et_pb_column][\/et_pb_row][\/et_pb_section][et_pb_section bb_built=&#187;1&#8243; fullwidth=&#187;on&#187; _builder_version=&#187;4.5.3&#8243; _module_preset=&#187;default&#187; prev_background_color=&#187;#000000&#8243;][et_pb_fullwidth_code _builder_version=&#187;4.5.3&#8243; _module_preset=&#187;default&#187; hover_enabled=&#187;0&#8243;]<iframe loading=\"lazy\" src=\"https:\/\/www.google.com\/maps\/embed?pb=!1m18!1m12!1m3!1d2612.265177216066!2d16.765256715218193!3d49.10060257931197!2m3!1f0!2f0!3f0!3m2!1i1024!2i768!4f13.1!3m3!1m2!1s0x4712c2154d1e3855%3A0xc4bfa95162e92654!2sSMART+TECHNIK+a.s.!5e0!3m2!1scs!2scz!4v1530133394140\" width=\"6000\" height=\"450\" frameborder=\"0\" style=\"border:0\" allowfullscreen><\/iframe>[\/et_pb_fullwidth_code][\/et_pb_section]<\/p>\n","protected":false},"excerpt":{"rendered":"<p>SMART TECHNIK a.s.Na Z\u00e1me\u010dku 956664 53 \u00dajezd u Brna\u0422\u0435\u043b.: +420 544 422 210E-mail: info@smarttechnik.cz\u0418\u041d\u041d: 25577999DI\u010c: CZ25577999Spisov\u00e1 zna\u010dka: B 5706 veden\u00e1 u Krajsk\u00e9ho soudu v Brn\u011b<\/p>\n","protected":false},"author":6,"featured_media":0,"parent":0,"menu_order":0,"comment_status":"closed","ping_status":"closed","template":"","meta":{"_et_pb_use_builder":"on","_et_pb_old_content":"","_et_gb_content_width":"","footnotes":""},"class_list":["post-1100","page","type-page","status-publish","hentry"],"yoast_head":"<!-- This site is optimized with the Yoast SEO plugin v26.2 - https:\/\/yoast.com\/wordpress\/plugins\/seo\/ -->\n<title>\u041a\u043e\u043d\u0442\u0430\u043a\u0442 - SMART TECHNIK a.s. \u0421\u043f\u0438\u0441\u043e\u043a \u043a\u043e\u043d\u0442\u0430\u043a\u0442\u043e\u0432<\/title>\n<meta name=\"description\" content=\"\u0421\u043f\u0438\u0441\u043e\u043a \u043a\u043e\u043d\u0442\u0430\u043a\u0442\u043e\u0432 \u0434\u043b\u044f Smart Technik a.s .. \u041a\u043e\u043c\u043f\u0430\u043d\u0438\u044f \u0437\u0430\u043d\u0438\u043c\u0430\u0435\u0442\u0441\u044f \u043f\u0440\u043e\u0438\u0437\u0432\u043e\u0434\u0441\u0442\u0432\u043e\u043c \u0442\u0435\u0430\u0442\u0440\u0430\u043b\u044c\u043d\u044b\u0445 \u0441\u0446\u0435\u043d, \u0430\u0442\u0442\u0440\u0430\u043a\u0446\u0438\u043e\u043d\u043e\u0432 \u0438 \u0441\u043f\u0435\u0446\u0438\u0430\u043b\u044c\u043d\u044b\u0445 \u0438\u043d\u0436\u0435\u043d\u0435\u0440\u043d\u044b\u0445 \u0437\u0430\u043a\u0430\u0437\u043e\u0432.\" \/>\n<meta name=\"robots\" content=\"index, follow, max-snippet:-1, max-image-preview:large, max-video-preview:-1\" \/>\n<link rel=\"canonical\" href=\"https:\/\/smarttechnik.cz\/ru\/\u043a\u043e\u043d\u0442\u0430\u043a\u0442\/\" \/>\n<meta property=\"og:locale\" content=\"ru_RU\" \/>\n<meta property=\"og:type\" content=\"article\" \/>\n<meta property=\"og:title\" content=\"\u041a\u043e\u043d\u0442\u0430\u043a\u0442 - SMART TECHNIK a.s. \u0421\u043f\u0438\u0441\u043e\u043a \u043a\u043e\u043d\u0442\u0430\u043a\u0442\u043e\u0432\" \/>\n<meta property=\"og:description\" content=\"\u0421\u043f\u0438\u0441\u043e\u043a \u043a\u043e\u043d\u0442\u0430\u043a\u0442\u043e\u0432 \u0434\u043b\u044f Smart Technik a.s .. \u041a\u043e\u043c\u043f\u0430\u043d\u0438\u044f \u0437\u0430\u043d\u0438\u043c\u0430\u0435\u0442\u0441\u044f \u043f\u0440\u043e\u0438\u0437\u0432\u043e\u0434\u0441\u0442\u0432\u043e\u043c \u0442\u0435\u0430\u0442\u0440\u0430\u043b\u044c\u043d\u044b\u0445 \u0441\u0446\u0435\u043d, \u0430\u0442\u0442\u0440\u0430\u043a\u0446\u0438\u043e\u043d\u043e\u0432 \u0438 \u0441\u043f\u0435\u0446\u0438\u0430\u043b\u044c\u043d\u044b\u0445 \u0438\u043d\u0436\u0435\u043d\u0435\u0440\u043d\u044b\u0445 \u0437\u0430\u043a\u0430\u0437\u043e\u0432.\" \/>\n<meta property=\"og:url\" content=\"https:\/\/smarttechnik.cz\/ru\/\u043a\u043e\u043d\u0442\u0430\u043a\u0442\/\" \/>\n<meta property=\"og:site_name\" content=\"SMART TECHNIK a.s.\" \/>\n<meta property=\"article:modified_time\" content=\"2021-05-25T12:46:09+00:00\" \/>\n<meta name=\"twitter:card\" content=\"summary_large_image\" \/>\n<meta name=\"twitter:label1\" content=\"\u041f\u0440\u0438\u043c\u0435\u0440\u043d\u043e\u0435 \u0432\u0440\u0435\u043c\u044f \u0434\u043b\u044f \u0447\u0442\u0435\u043d\u0438\u044f\" \/>\n\t<meta name=\"twitter:data1\" content=\"7 \u043c\u0438\u043d\u0443\u0442\" \/>\n<script type=\"application\/ld+json\" class=\"yoast-schema-graph\">{\"@context\":\"https:\/\/schema.org\",\"@graph\":[{\"@type\":\"WebPage\",\"@id\":\"https:\/\/smarttechnik.cz\/ru\/%d0%ba%d0%be%d0%bd%d1%82%d0%b0%d0%ba%d1%82\/\",\"url\":\"https:\/\/smarttechnik.cz\/ru\/%d0%ba%d0%be%d0%bd%d1%82%d0%b0%d0%ba%d1%82\/\",\"name\":\"\u041a\u043e\u043d\u0442\u0430\u043a\u0442 - SMART TECHNIK a.s. \u0421\u043f\u0438\u0441\u043e\u043a \u043a\u043e\u043d\u0442\u0430\u043a\u0442\u043e\u0432\",\"isPartOf\":{\"@id\":\"https:\/\/smarttechnik.cz\/#website\"},\"datePublished\":\"2018-02-27T13:23:40+00:00\",\"dateModified\":\"2021-05-25T12:46:09+00:00\",\"description\":\"\u0421\u043f\u0438\u0441\u043e\u043a \u043a\u043e\u043d\u0442\u0430\u043a\u0442\u043e\u0432 \u0434\u043b\u044f Smart Technik a.s .. \u041a\u043e\u043c\u043f\u0430\u043d\u0438\u044f \u0437\u0430\u043d\u0438\u043c\u0430\u0435\u0442\u0441\u044f \u043f\u0440\u043e\u0438\u0437\u0432\u043e\u0434\u0441\u0442\u0432\u043e\u043c \u0442\u0435\u0430\u0442\u0440\u0430\u043b\u044c\u043d\u044b\u0445 \u0441\u0446\u0435\u043d, \u0430\u0442\u0442\u0440\u0430\u043a\u0446\u0438\u043e\u043d\u043e\u0432 \u0438 \u0441\u043f\u0435\u0446\u0438\u0430\u043b\u044c\u043d\u044b\u0445 \u0438\u043d\u0436\u0435\u043d\u0435\u0440\u043d\u044b\u0445 \u0437\u0430\u043a\u0430\u0437\u043e\u0432.\",\"breadcrumb\":{\"@id\":\"https:\/\/smarttechnik.cz\/ru\/%d0%ba%d0%be%d0%bd%d1%82%d0%b0%d0%ba%d1%82\/#breadcrumb\"},\"inLanguage\":\"ru-RU\",\"potentialAction\":[{\"@type\":\"ReadAction\",\"target\":[\"https:\/\/smarttechnik.cz\/ru\/%d0%ba%d0%be%d0%bd%d1%82%d0%b0%d0%ba%d1%82\/\"]}]},{\"@type\":\"BreadcrumbList\",\"@id\":\"https:\/\/smarttechnik.cz\/ru\/%d0%ba%d0%be%d0%bd%d1%82%d0%b0%d0%ba%d1%82\/#breadcrumb\",\"itemListElement\":[{\"@type\":\"ListItem\",\"position\":1,\"name\":\"Dom\u016f\",\"item\":\"https:\/\/smarttechnik.cz\/ru\/o-nas\/\"},{\"@type\":\"ListItem\",\"position\":2,\"name\":\"\u041a\u043e\u043d\u0442\u0430\u043a\u0442\"}]},{\"@type\":\"WebSite\",\"@id\":\"https:\/\/smarttechnik.cz\/#website\",\"url\":\"https:\/\/smarttechnik.cz\/\",\"name\":\"SMART TECHNIK a.s.\",\"description\":\"\u0418\u0437\u0433\u043e\u0442\u0430\u0432\u043b\u0438\u0432\u0430\u0435\u043c \u043c\u0430\u0448\u0438\u043d\u043d\u0443\u044e \u0442\u0435\u0445\u043d\u0438\u043a\u0443, \u0442\u0435\u0430\u0442\u0440\u0430\u043b\u044c\u043d\u043e\u0435 \u043e\u0431\u043e\u0440\u0443\u0434\u043e\u0432\u0430\u043d\u0438\u0435, \u0430\u0442\u0442\u0440\u0430\u043a\u0446\u0438\u043e\u043d\u044b \u0438 \u0441\u043f\u0435\u0446\u0438\u0430\u043b\u044c\u043d\u044b\u0435 \u043f\u0440\u0438\u043b\u043e\u0436\u0435\u043d\u0438\u044f.\",\"potentialAction\":[{\"@type\":\"SearchAction\",\"target\":{\"@type\":\"EntryPoint\",\"urlTemplate\":\"https:\/\/smarttechnik.cz\/?s={search_term_string}\"},\"query-input\":{\"@type\":\"PropertyValueSpecification\",\"valueRequired\":true,\"valueName\":\"search_term_string\"}}],\"inLanguage\":\"ru-RU\"}]}<\/script>\n<!-- \/ Yoast SEO plugin. -->","yoast_head_json":{"title":"\u041a\u043e\u043d\u0442\u0430\u043a\u0442 - SMART TECHNIK a.s. \u0421\u043f\u0438\u0441\u043e\u043a \u043a\u043e\u043d\u0442\u0430\u043a\u0442\u043e\u0432","description":"\u0421\u043f\u0438\u0441\u043e\u043a \u043a\u043e\u043d\u0442\u0430\u043a\u0442\u043e\u0432 \u0434\u043b\u044f Smart Technik a.s .. \u041a\u043e\u043c\u043f\u0430\u043d\u0438\u044f \u0437\u0430\u043d\u0438\u043c\u0430\u0435\u0442\u0441\u044f \u043f\u0440\u043e\u0438\u0437\u0432\u043e\u0434\u0441\u0442\u0432\u043e\u043c \u0442\u0435\u0430\u0442\u0440\u0430\u043b\u044c\u043d\u044b\u0445 \u0441\u0446\u0435\u043d, \u0430\u0442\u0442\u0440\u0430\u043a\u0446\u0438\u043e\u043d\u043e\u0432 \u0438 \u0441\u043f\u0435\u0446\u0438\u0430\u043b\u044c\u043d\u044b\u0445 \u0438\u043d\u0436\u0435\u043d\u0435\u0440\u043d\u044b\u0445 \u0437\u0430\u043a\u0430\u0437\u043e\u0432.","robots":{"index":"index","follow":"follow","max-snippet":"max-snippet:-1","max-image-preview":"max-image-preview:large","max-video-preview":"max-video-preview:-1"},"canonical":"https:\/\/smarttechnik.cz\/ru\/\u043a\u043e\u043d\u0442\u0430\u043a\u0442\/","og_locale":"ru_RU","og_type":"article","og_title":"\u041a\u043e\u043d\u0442\u0430\u043a\u0442 - SMART TECHNIK a.s. \u0421\u043f\u0438\u0441\u043e\u043a \u043a\u043e\u043d\u0442\u0430\u043a\u0442\u043e\u0432","og_description":"\u0421\u043f\u0438\u0441\u043e\u043a \u043a\u043e\u043d\u0442\u0430\u043a\u0442\u043e\u0432 \u0434\u043b\u044f Smart Technik a.s .. \u041a\u043e\u043c\u043f\u0430\u043d\u0438\u044f \u0437\u0430\u043d\u0438\u043c\u0430\u0435\u0442\u0441\u044f \u043f\u0440\u043e\u0438\u0437\u0432\u043e\u0434\u0441\u0442\u0432\u043e\u043c \u0442\u0435\u0430\u0442\u0440\u0430\u043b\u044c\u043d\u044b\u0445 \u0441\u0446\u0435\u043d, \u0430\u0442\u0442\u0440\u0430\u043a\u0446\u0438\u043e\u043d\u043e\u0432 \u0438 \u0441\u043f\u0435\u0446\u0438\u0430\u043b\u044c\u043d\u044b\u0445 \u0438\u043d\u0436\u0435\u043d\u0435\u0440\u043d\u044b\u0445 \u0437\u0430\u043a\u0430\u0437\u043e\u0432.","og_url":"https:\/\/smarttechnik.cz\/ru\/\u043a\u043e\u043d\u0442\u0430\u043a\u0442\/","og_site_name":"SMART TECHNIK a.s.","article_modified_time":"2021-05-25T12:46:09+00:00","twitter_card":"summary_large_image","twitter_misc":{"\u041f\u0440\u0438\u043c\u0435\u0440\u043d\u043e\u0435 \u0432\u0440\u0435\u043c\u044f \u0434\u043b\u044f \u0447\u0442\u0435\u043d\u0438\u044f":"7 \u043c\u0438\u043d\u0443\u0442"},"schema":{"@context":"https:\/\/schema.org","@graph":[{"@type":"WebPage","@id":"https:\/\/smarttechnik.cz\/ru\/%d0%ba%d0%be%d0%bd%d1%82%d0%b0%d0%ba%d1%82\/","url":"https:\/\/smarttechnik.cz\/ru\/%d0%ba%d0%be%d0%bd%d1%82%d0%b0%d0%ba%d1%82\/","name":"\u041a\u043e\u043d\u0442\u0430\u043a\u0442 - SMART TECHNIK a.s. \u0421\u043f\u0438\u0441\u043e\u043a \u043a\u043e\u043d\u0442\u0430\u043a\u0442\u043e\u0432","isPartOf":{"@id":"https:\/\/smarttechnik.cz\/#website"},"datePublished":"2018-02-27T13:23:40+00:00","dateModified":"2021-05-25T12:46:09+00:00","description":"\u0421\u043f\u0438\u0441\u043e\u043a \u043a\u043e\u043d\u0442\u0430\u043a\u0442\u043e\u0432 \u0434\u043b\u044f Smart Technik a.s .. \u041a\u043e\u043c\u043f\u0430\u043d\u0438\u044f \u0437\u0430\u043d\u0438\u043c\u0430\u0435\u0442\u0441\u044f \u043f\u0440\u043e\u0438\u0437\u0432\u043e\u0434\u0441\u0442\u0432\u043e\u043c \u0442\u0435\u0430\u0442\u0440\u0430\u043b\u044c\u043d\u044b\u0445 \u0441\u0446\u0435\u043d, \u0430\u0442\u0442\u0440\u0430\u043a\u0446\u0438\u043e\u043d\u043e\u0432 \u0438 \u0441\u043f\u0435\u0446\u0438\u0430\u043b\u044c\u043d\u044b\u0445 \u0438\u043d\u0436\u0435\u043d\u0435\u0440\u043d\u044b\u0445 \u0437\u0430\u043a\u0430\u0437\u043e\u0432.","breadcrumb":{"@id":"https:\/\/smarttechnik.cz\/ru\/%d0%ba%d0%be%d0%bd%d1%82%d0%b0%d0%ba%d1%82\/#breadcrumb"},"inLanguage":"ru-RU","potentialAction":[{"@type":"ReadAction","target":["https:\/\/smarttechnik.cz\/ru\/%d0%ba%d0%be%d0%bd%d1%82%d0%b0%d0%ba%d1%82\/"]}]},{"@type":"BreadcrumbList","@id":"https:\/\/smarttechnik.cz\/ru\/%d0%ba%d0%be%d0%bd%d1%82%d0%b0%d0%ba%d1%82\/#breadcrumb","itemListElement":[{"@type":"ListItem","position":1,"name":"Dom\u016f","item":"https:\/\/smarttechnik.cz\/ru\/o-nas\/"},{"@type":"ListItem","position":2,"name":"\u041a\u043e\u043d\u0442\u0430\u043a\u0442"}]},{"@type":"WebSite","@id":"https:\/\/smarttechnik.cz\/#website","url":"https:\/\/smarttechnik.cz\/","name":"SMART TECHNIK a.s.","description":"\u0418\u0437\u0433\u043e\u0442\u0430\u0432\u043b\u0438\u0432\u0430\u0435\u043c \u043c\u0430\u0448\u0438\u043d\u043d\u0443\u044e \u0442\u0435\u0445\u043d\u0438\u043a\u0443, \u0442\u0435\u0430\u0442\u0440\u0430\u043b\u044c\u043d\u043e\u0435 \u043e\u0431\u043e\u0440\u0443\u0434\u043e\u0432\u0430\u043d\u0438\u0435, \u0430\u0442\u0442\u0440\u0430\u043a\u0446\u0438\u043e\u043d\u044b \u0438 \u0441\u043f\u0435\u0446\u0438\u0430\u043b\u044c\u043d\u044b\u0435 \u043f\u0440\u0438\u043b\u043e\u0436\u0435\u043d\u0438\u044f.","potentialAction":[{"@type":"SearchAction","target":{"@type":"EntryPoint","urlTemplate":"https:\/\/smarttechnik.cz\/?s={search_term_string}"},"query-input":{"@type":"PropertyValueSpecification","valueRequired":true,"valueName":"search_term_string"}}],"inLanguage":"ru-RU"}]}},"_links":{"self":[{"href":"https:\/\/smarttechnik.cz\/ru\/wp-json\/wp\/v2\/pages\/1100","targetHints":{"allow":["GET"]}}],"collection":[{"href":"https:\/\/smarttechnik.cz\/ru\/wp-json\/wp\/v2\/pages"}],"about":[{"href":"https:\/\/smarttechnik.cz\/ru\/wp-json\/wp\/v2\/types\/page"}],"author":[{"embeddable":true,"href":"https:\/\/smarttechnik.cz\/ru\/wp-json\/wp\/v2\/users\/6"}],"replies":[{"embeddable":true,"href":"https:\/\/smarttechnik.cz\/ru\/wp-json\/wp\/v2\/comments?post=1100"}],"version-history":[{"count":7,"href":"https:\/\/smarttechnik.cz\/ru\/wp-json\/wp\/v2\/pages\/1100\/revisions"}],"predecessor-version":[{"id":2416,"href":"https:\/\/smarttechnik.cz\/ru\/wp-json\/wp\/v2\/pages\/1100\/revisions\/2416"}],"wp:attachment":[{"href":"https:\/\/smarttechnik.cz\/ru\/wp-json\/wp\/v2\/media?parent=1100"}],"curies":[{"name":"wp","href":"https:\/\/api.w.org\/{rel}","templated":true}]}}