{"id":562,"date":"2018-02-27T13:27:52","date_gmt":"2018-02-27T13:27:52","guid":{"rendered":"https:\/\/smarttechnik.cz\/co-umime\/"},"modified":"2018-07-12T07:40:17","modified_gmt":"2018-07-12T07:40:17","slug":"what-we-know","status":"publish","type":"page","link":"https:\/\/smarttechnik.cz\/en\/what-we-know\/","title":{"rendered":"What we know"},"content":{"rendered":"<p>[et_pb_section bb_built=&#8221;1&#8243; _builder_version=&#8221;3.8&#8243; next_background_color=&#8221;#000000&#8243;][et_pb_row _builder_version=&#8221;3.8&#8243; module_id=&#8221;projection&#8221;][et_pb_column type=&#8221;4_4&#8243;][et_pb_text _builder_version=&#8221;3.9&#8243;]<\/p>\n<h2 style=\"text-align: center;\"><span style=\"color: #303b5e;\"><strong>PROJECTION<\/strong><\/span><\/h2>\n<p>[\/et_pb_text][et_pb_divider _builder_version=&#8221;3.8&#8243; \/][\/et_pb_column][\/et_pb_row][et_pb_row _builder_version=&#8221;3.0.47&#8243; background_size=&#8221;initial&#8221; background_position=&#8221;top_left&#8221; background_repeat=&#8221;repeat&#8221;][et_pb_column type=&#8221;4_4&#8243;][et_pb_text _builder_version=&#8221;3.9&#8243;]<\/p>\n<p><span style=\"font-weight: 400;\">\u00a0Engineering design is an integral part of SMART TECHNIK a.s. company activity that is supported by longtime experience of company employees in the area of construction, assembly and operation of the stage technology and machine engineering. <\/span><\/p>\n<p><span style=\"font-weight: 400;\">\u00a0Company SMART TECHNIK a.s. keeps up with the modern design trends in 3D software INVENTOR. 2D Mechanical Desktop software is used as well. Exploitation of the state-of-the-art software tools provides high work productivity and quality. That is reflected in the company\u2019s capability to promptly react to customer requirements both in design of the required equipment and flexibility in implementation requested changes in the running design.<\/span><\/p>\n<p>[\/et_pb_text][\/et_pb_column][\/et_pb_row][et_pb_row _builder_version=&#8221;3.0.47&#8243; background_size=&#8221;initial&#8221; background_position=&#8221;top_left&#8221; background_repeat=&#8221;repeat&#8221;][et_pb_column type=&#8221;1_2&#8243;][et_pb_text _builder_version=&#8221;3.9&#8243;]<\/p>\n<p><b>An overview of major design references:<\/b><\/p>\n<ul>\n<li style=\"font-weight: 400;\"><a href=\"\/?page_id=675#bosch\" target=\"_blank\" rel=\"noopener\"><span style=\"font-weight: 400;\">Project Bosch Rexroth, spol. s r.o. <\/span><\/a><\/li>\n<li style=\"font-weight: 400;\"><a href=\"\/?page_id=675#nationaltheaterbratislava\" target=\"_blank\" rel=\"noopener\"><span style=\"font-weight: 400;\">Refurbishment project of the upper and lower spheres of the stage technology National Theater, Bratislava, Slovak Republic<\/span><\/a><\/li>\n<li style=\"font-weight: 400;\"><a href=\"\/?page_id=675#tramserviceprague\" target=\"_blank\" rel=\"noopener\"><span style=\"font-weight: 400;\">Reconstruction project of the yard structure and carriages of service hoists 15T tram service yard Prague Czech Republic<\/span><\/a><\/li>\n<li style=\"font-weight: 400;\"><a href=\"\/?page_id=675#autodrome\" target=\"_blank\" rel=\"noopener\"><span style=\"font-weight: 400;\">Project of delivery and installation of complete autodrome.<\/span><\/a><\/li>\n<li style=\"font-weight: 400;\"><a href=\"\/?page_id=675#russianwheel\" target=\"_blank\" rel=\"noopener\"><span style=\"font-weight: 400;\">The Russian Wheel Project &#8211; 45 m<\/span><\/a><\/li>\n<li style=\"font-weight: 400;\"><a href=\"\/?page_id=675#zooprague\" target=\"_blank\" rel=\"noopener\"><span style=\"font-weight: 400;\">Project of the hydraulic gate drive, the new Elephant House, Prague ZOO<\/span><\/a><\/li>\n<li style=\"font-weight: 400;\"><a href=\"\/?page_id=675#nationalcircusminsk\" target=\"_blank\" rel=\"noopener\"><span style=\"font-weight: 400;\">Project of partial equipment parts of the stage technology National circus Minsk Belorussia<\/span><\/a><\/li>\n<li style=\"font-weight: 400;\"><a href=\"\/?page_id=675#technonologyrzeszow\" target=\"_blank\" rel=\"noopener\"><span style=\"font-weight: 400;\">Project of the orchestra pit tables and the lower sphere of the stage technology Rzeszow, Poland<\/span><\/a><\/li>\n<li style=\"font-weight: 400;\"><a href=\"\/?page_id=675#skodaauto\" target=\"_blank\" rel=\"noopener\"><span style=\"font-weight: 400;\">Project of delivery and installation of automatic gearbox assembly \u0160KODA AUTO a.s.<\/span><\/a><\/li>\n<\/ul>\n<p>[\/et_pb_text][\/et_pb_column][et_pb_column type=&#8221;1_2&#8243;][et_pb_text _builder_version=&#8221;3.8&#8243;]<\/p>\n<p><b>Research and Development:<\/b><\/p>\n<p><span style=\"font-weight: 400;\">In the field of research and development SMART TECHNIK a.s. in cooperation with s <\/span><a href=\"http:\/\/www.akademieops.cz\/\"><span style=\"font-weight: 400;\">AKADEMIE o.p.s.<\/span><\/a><span style=\"font-weight: 400;\"> and with the contribution of the grant program of the Ministry<\/span> <span style=\"font-weight: 400;\">of Trade and Industry developed two prototypes of drives for the upper sphere of stage technology. This is a point-wise drive and a flywheel drive, both drives are characterized by their original design and operational safety and are protected by a utility model.<\/span><\/p>\n<p><span style=\"font-weight: 400;\">In the field of research and development SMART TECHNIK a.s. continues on other projects. \u00a0\u00a0\u00a0<\/span><b>\u00a0\u00a0\u00a0\u00a0<\/b><\/p>\n<p>[\/et_pb_text][\/et_pb_column][\/et_pb_row][\/et_pb_section][et_pb_section bb_built=&#8221;1&#8243; _builder_version=&#8221;3.0.47&#8243; prev_background_color=&#8221;#000000&#8243; next_background_color=&#8221;#000000&#8243;][et_pb_row _builder_version=&#8221;3.8&#8243; module_id=&#8221;products&#8221;][et_pb_column type=&#8221;4_4&#8243;][et_pb_text _builder_version=&#8221;3.8&#8243;]<\/p>\n<h2 style=\"text-align: center;\"><strong><span style=\"color: #303b5e;\">PRODUCTS<\/span><\/strong><\/h2>\n<p>[\/et_pb_text][et_pb_divider _builder_version=&#8221;3.8&#8243; \/][\/et_pb_column][\/et_pb_row][et_pb_row _builder_version=&#8221;3.0.47&#8243; background_size=&#8221;initial&#8221; background_position=&#8221;top_left&#8221; background_repeat=&#8221;repeat&#8221;][et_pb_column type=&#8221;1_2&#8243;][et_pb_text _builder_version=&#8221;3.8&#8243;]<\/p>\n<h3>Public entertaiment devices:<\/h3>\n<p><span style=\"font-weight: 400;\">They are always original custom-made products.<\/span><\/p>\n<p><b>Mobile Ferris wheel 45 m:<\/b><\/p>\n<ul>\n<li style=\"font-weight: 400;\"><span style=\"font-weight: 400;\">Number of the transport gondolas: 36<\/span><\/li>\n<li style=\"font-weight: 400;\"><span style=\"font-weight: 400;\">Gondola capacity: 6 person osob<\/span><\/li>\n<li style=\"font-weight: 400;\"><span style=\"font-weight: 400;\">Revolution speed: 0.66 RPM max.<\/span><\/li>\n<li style=\"font-weight: 400;\"><span style=\"font-weight: 400;\">Base dimensions: 24 x 22 m <\/span><\/li>\n<li style=\"font-weight: 400;\"><span style=\"font-weight: 400;\">Ring diameter: 40.8 m<\/span><\/li>\n<\/ul>\n<p>[\/et_pb_text][et_pb_text _builder_version=&#8221;3.8&#8243;]<\/p>\n<h3>Machine industry:<\/h3>\n<p><span style=\"font-weight: 400;\">Ze stroj\u00edrensk\u00fdch v\u00fdrobk\u016f, kter\u00e9 na\u0161e spole\u010dnost vyprodukovala m\u016f\u017eeme jmenovat:<\/span><\/p>\n<ul>\n<li>Automated means of production<\/li>\n<li>Drive units<\/li>\n<li>Lifted platforms<\/li>\n<li>Machinery for industrial and agricultural production<\/li>\n<li>Stainless steel structures and parts<\/li>\n<\/ul>\n<p>[\/et_pb_text][et_pb_text _builder_version=&#8221;3.8&#8243;]<\/p>\n<h3>Steel contructions:<\/h3>\n<p><span style=\"font-weight: 400;\">Our company is also able to manufacture steel structures, such as steel halls, autodromes, etc..<\/span><\/p>\n<p>[\/et_pb_text][\/et_pb_column][et_pb_column type=&#8221;1_2&#8243;][et_pb_text _builder_version=&#8221;3.8&#8243;]<\/p>\n<h3>Theater technologies:<\/h3>\n<p><b>Upper sphere of the stage machinery:<\/b><\/p>\n<ul>\n<li style=\"font-weight: 400;\"><span style=\"font-weight: 400;\">Rope area <\/span><\/li>\n<li style=\"font-weight: 400;\"><span style=\"font-weight: 400;\">Technological platforms <\/span><\/li>\n<li style=\"font-weight: 400;\"><span style=\"font-weight: 400;\">Counter portals <\/span><\/li>\n<li style=\"font-weight: 400;\"><span style=\"font-weight: 400;\">Portal towers <\/span><\/li>\n<li style=\"font-weight: 400;\"><span style=\"font-weight: 400;\">Acoustic ceilings <\/span><\/li>\n<li style=\"font-weight: 400;\"><span style=\"font-weight: 400;\">Fixed and lifted projection screens<\/span><\/li>\n<li style=\"font-weight: 400;\"><span style=\"font-weight: 400;\">Manually and motor driven lifted and spreading theater curtains <\/span><\/li>\n<li style=\"font-weight: 400;\"><span style=\"font-weight: 400;\">Manually and motor driven stage moves <\/span><\/li>\n<li style=\"font-weight: 400;\"><span style=\"font-weight: 400;\">Lighting batteries <\/span><\/li>\n<li style=\"font-weight: 400;\"><span style=\"font-weight: 400;\">Fire curtains <\/span><\/li>\n<li style=\"font-weight: 400;\"><span style=\"font-weight: 400;\">Other theater upper sphere technology<\/span><\/li>\n<\/ul>\n<p><b>Lower sphere of the stage machinery:<\/b><\/p>\n<ul>\n<li style=\"font-weight: 400;\"><span style=\"font-weight: 400;\">Orchestra pit lifted platforms <\/span><\/li>\n<li style=\"font-weight: 400;\"><span style=\"font-weight: 400;\">Stage lifted platforms <\/span><\/li>\n<li style=\"font-weight: 400;\"><span style=\"font-weight: 400;\">Stabile revolving stage <\/span><\/li>\n<li style=\"font-weight: 400;\"><span style=\"font-weight: 400;\">Mobile revolving stage<\/span><\/li>\n<li style=\"font-weight: 400;\"><span style=\"font-weight: 400;\">Stage dropped <\/span><\/li>\n<li style=\"font-weight: 400;\"><span style=\"font-weight: 400;\">Warehousing\u00ed <\/span><\/li>\n<\/ul>\n<p><b>Stage illumination:<\/b><\/p>\n<p><span style=\"font-weight: 400;\">We are subcontracting the stage illumination to renowned companies<\/span><\/p>\n<p><b>Electroacoustics:<\/b><\/p>\n<p><span style=\"font-weight: 400;\">We are subcontracting the stage electroacoustics to renowned companies<\/span><\/p>\n<p><b>Control systems :<\/b><\/p>\n<p><span style=\"font-weight: 400;\">We are subcontracting the stage electroacoustics control systems to renowned companies.<\/span><\/p>\n<p>&nbsp;<\/p>\n<p>[\/et_pb_text][\/et_pb_column][\/et_pb_row][\/et_pb_section][et_pb_section bb_built=&#8221;1&#8243; _builder_version=&#8221;3.0.47&#8243; prev_background_color=&#8221;#000000&#8243;][et_pb_row _builder_version=&#8221;3.8&#8243; background_size=&#8221;initial&#8221; background_position=&#8221;top_left&#8221; background_repeat=&#8221;repeat&#8221; module_id=&#8221;services&#8221;][et_pb_column type=&#8221;4_4&#8243;][et_pb_text _builder_version=&#8221;3.8&#8243;]<\/p>\n<h2 style=\"text-align: center;\"><strong><span style=\"color: #303b5e;\">SERVICES<\/span><\/strong><\/h2>\n<p>[\/et_pb_text][et_pb_divider _builder_version=&#8221;3.8&#8243; \/][\/et_pb_column][\/et_pb_row][et_pb_row][et_pb_column type=&#8221;4_4&#8243;][et_pb_text _builder_version=&#8221;3.8&#8243;]<\/p>\n<p><span style=\"font-weight: 400;\">Our company is characterized by the delivery of turnkey solutions. <\/span><\/p>\n<p><span style=\"font-weight: 400;\">We will move your plans to paper, make it into production and then pass it on to you with revision, training and service.<\/span><\/p>\n<p><span style=\"font-weight: 400;\">What we do all within our services:<\/span><\/p>\n<p>[\/et_pb_text][\/et_pb_column][\/et_pb_row][et_pb_row _builder_version=&#8221;3.0.47&#8243; background_size=&#8221;initial&#8221; background_position=&#8221;top_left&#8221; background_repeat=&#8221;repeat&#8221;][et_pb_column type=&#8221;1_4&#8243;][et_pb_image src=&#8221;http:\/\/smarttechnik.cz\/app\/uploads\/2018\/05\/zp.jpg&#8221; _builder_version=&#8221;3.8&#8243;]<\/p>\n<p>&nbsp;<\/p>\n<p>[\/et_pb_image][et_pb_text _builder_version=&#8221;3.8&#8243;]<\/p>\n<h3 style=\"text-align: center;\">Design of engineering solutions and studies<\/h3>\n<p>[\/et_pb_text][\/et_pb_column][et_pb_column type=&#8221;1_4&#8243;][et_pb_image src=&#8221;http:\/\/smarttechnik.cz\/app\/uploads\/2018\/05\/obr22.jpg&#8221; _builder_version=&#8221;3.8&#8243;]<\/p>\n<p>&nbsp;<\/p>\n<p>[\/et_pb_image][et_pb_text _builder_version=&#8221;3.8&#8243;]<\/p>\n<h3 style=\"text-align: center;\">Project documentation<\/h3>\n<p>[\/et_pb_text][\/et_pb_column][et_pb_column type=&#8221;1_4&#8243;][et_pb_image src=&#8221;http:\/\/smarttechnik.cz\/app\/uploads\/2018\/05\/obr23.jpg&#8221; _builder_version=&#8221;3.8&#8243;]<\/p>\n<p>&nbsp;<\/p>\n<p>[\/et_pb_image][et_pb_text _builder_version=&#8221;3.8&#8243;]<\/p>\n<h3 style=\"text-align: center;\">Manufacturing documentation<\/h3>\n<p>[\/et_pb_text][\/et_pb_column][et_pb_column type=&#8221;1_4&#8243;][et_pb_image src=&#8221;http:\/\/smarttechnik.cz\/app\/uploads\/2018\/05\/obr24.jpg&#8221; _builder_version=&#8221;3.1.1&#8243;]<\/p>\n<p>&nbsp;<\/p>\n<p>[\/et_pb_image][et_pb_text _builder_version=&#8221;3.8&#8243;]<\/p>\n<h3 style=\"text-align: center;\">Manufacturing<\/h3>\n<p>[\/et_pb_text][\/et_pb_column][\/et_pb_row][et_pb_row _builder_version=&#8221;3.0.47&#8243; background_size=&#8221;initial&#8221; background_position=&#8221;top_left&#8221; background_repeat=&#8221;repeat&#8221;][et_pb_column type=&#8221;1_4&#8243;][et_pb_image src=&#8221;http:\/\/smarttechnik.cz\/app\/uploads\/2018\/05\/obr25.jpg&#8221; _builder_version=&#8221;3.1.1&#8243;]<\/p>\n<p>&nbsp;<\/p>\n<p>[\/et_pb_image][et_pb_text _builder_version=&#8221;3.8&#8243;]<\/p>\n<h3 style=\"text-align: center;\">Assembly<\/h3>\n<p>[\/et_pb_text][\/et_pb_column][et_pb_column type=&#8221;1_4&#8243;][et_pb_image src=&#8221;http:\/\/smarttechnik.cz\/app\/uploads\/2018\/05\/obr26.jpg&#8221; _builder_version=&#8221;3.1.1&#8243;]<\/p>\n<p>&nbsp;<\/p>\n<p>[\/et_pb_image][et_pb_text _builder_version=&#8221;3.8&#8243;]<\/p>\n<h3 style=\"text-align: center;\">Revisions (cranes, platforms, stage equipment)<\/h3>\n<p>[\/et_pb_text][\/et_pb_column][et_pb_column type=&#8221;1_4&#8243;][et_pb_image src=&#8221;http:\/\/smarttechnik.cz\/app\/uploads\/2018\/05\/obr27.jpg&#8221; _builder_version=&#8221;3.1.1&#8243;]<\/p>\n<p>&nbsp;<\/p>\n<p>[\/et_pb_image][et_pb_text _builder_version=&#8221;3.8&#8243;]<\/p>\n<h3 style=\"text-align: center;\">Training of the service personnel<\/h3>\n<p>[\/et_pb_text][\/et_pb_column][et_pb_column type=&#8221;1_4&#8243;][et_pb_image src=&#8221;http:\/\/smarttechnik.cz\/app\/uploads\/2018\/05\/obr28.jpg&#8221; _builder_version=&#8221;3.1.1&#8243;]<\/p>\n<p>&nbsp;<\/p>\n<p>[\/et_pb_image][et_pb_text _builder_version=&#8221;3.8&#8243;]<\/p>\n<h3 style=\"text-align: center;\">Warranty and customer services<\/h3>\n<p>[\/et_pb_text][\/et_pb_column][\/et_pb_row][\/et_pb_section]<\/p>\n","protected":false},"excerpt":{"rendered":"<p>PROJECTION \u00a0Engineering design is an integral part of SMART TECHNIK a.s. company activity that is supported by longtime experience of company employees in the area of construction, assembly and operation of the stage technology and machine engineering. \u00a0Company SMART TECHNIK a.s. keeps up with the modern design trends in 3D software INVENTOR. 2D Mechanical Desktop [&hellip;]<\/p>\n","protected":false},"author":6,"featured_media":0,"parent":0,"menu_order":0,"comment_status":"closed","ping_status":"closed","template":"","meta":{"_et_pb_use_builder":"on","_et_pb_old_content":"","_et_gb_content_width":"","footnotes":""},"class_list":["post-562","page","type-page","status-publish","hentry"],"yoast_head":"<!-- This site is optimized with the Yoast SEO plugin v26.2 - https:\/\/yoast.com\/wordpress\/plugins\/seo\/ -->\n<title>What we know - SMART TECHNIK a.s.Listing of company activities<\/title>\n<meta name=\"description\" content=\"Listing of Smart Technik a.s. We produce engineering products, roundabouts, attractions, theater technologies as well as products of military character.\" \/>\n<meta name=\"robots\" content=\"index, follow, max-snippet:-1, max-image-preview:large, max-video-preview:-1\" \/>\n<link rel=\"canonical\" href=\"https:\/\/smarttechnik.cz\/en\/what-we-know\/\" \/>\n<meta property=\"og:locale\" content=\"en_US\" \/>\n<meta property=\"og:type\" content=\"article\" \/>\n<meta property=\"og:title\" content=\"What we know - SMART TECHNIK a.s.Listing of company activities\" \/>\n<meta property=\"og:description\" content=\"Listing of Smart Technik a.s. We produce engineering products, roundabouts, attractions, theater technologies as well as products of military character.\" \/>\n<meta property=\"og:url\" content=\"https:\/\/smarttechnik.cz\/en\/what-we-know\/\" \/>\n<meta property=\"og:site_name\" content=\"SMART TECHNIK a.s.\" \/>\n<meta property=\"article:modified_time\" content=\"2018-07-12T07:40:17+00:00\" \/>\n<meta name=\"twitter:card\" content=\"summary_large_image\" \/>\n<meta name=\"twitter:label1\" content=\"Est. reading time\" \/>\n\t<meta name=\"twitter:data1\" content=\"6 minutes\" \/>\n<script type=\"application\/ld+json\" class=\"yoast-schema-graph\">{\"@context\":\"https:\/\/schema.org\",\"@graph\":[{\"@type\":\"WebPage\",\"@id\":\"https:\/\/smarttechnik.cz\/en\/what-we-know\/\",\"url\":\"https:\/\/smarttechnik.cz\/en\/what-we-know\/\",\"name\":\"What we know - SMART TECHNIK a.s.Listing of company activities\",\"isPartOf\":{\"@id\":\"https:\/\/smarttechnik.cz\/#website\"},\"datePublished\":\"2018-02-27T13:27:52+00:00\",\"dateModified\":\"2018-07-12T07:40:17+00:00\",\"description\":\"Listing of Smart Technik a.s. We produce engineering products, roundabouts, attractions, theater technologies as well as products of military character.\",\"breadcrumb\":{\"@id\":\"https:\/\/smarttechnik.cz\/en\/what-we-know\/#breadcrumb\"},\"inLanguage\":\"en-US\",\"potentialAction\":[{\"@type\":\"ReadAction\",\"target\":[\"https:\/\/smarttechnik.cz\/en\/what-we-know\/\"]}]},{\"@type\":\"BreadcrumbList\",\"@id\":\"https:\/\/smarttechnik.cz\/en\/what-we-know\/#breadcrumb\",\"itemListElement\":[{\"@type\":\"ListItem\",\"position\":1,\"name\":\"Dom\u016f\",\"item\":\"https:\/\/smarttechnik.cz\/en\/about-us\/\"},{\"@type\":\"ListItem\",\"position\":2,\"name\":\"What we know\"}]},{\"@type\":\"WebSite\",\"@id\":\"https:\/\/smarttechnik.cz\/#website\",\"url\":\"https:\/\/smarttechnik.cz\/\",\"name\":\"SMART TECHNIK a.s.\",\"description\":\"We perform engineering, theater, attractions and special applications.\",\"potentialAction\":[{\"@type\":\"SearchAction\",\"target\":{\"@type\":\"EntryPoint\",\"urlTemplate\":\"https:\/\/smarttechnik.cz\/?s={search_term_string}\"},\"query-input\":{\"@type\":\"PropertyValueSpecification\",\"valueRequired\":true,\"valueName\":\"search_term_string\"}}],\"inLanguage\":\"en-US\"}]}<\/script>\n<!-- \/ Yoast SEO plugin. -->","yoast_head_json":{"title":"What we know - SMART TECHNIK a.s.Listing of company activities","description":"Listing of Smart Technik a.s. We produce engineering products, roundabouts, attractions, theater technologies as well as products of military character.","robots":{"index":"index","follow":"follow","max-snippet":"max-snippet:-1","max-image-preview":"max-image-preview:large","max-video-preview":"max-video-preview:-1"},"canonical":"https:\/\/smarttechnik.cz\/en\/what-we-know\/","og_locale":"en_US","og_type":"article","og_title":"What we know - SMART TECHNIK a.s.Listing of company activities","og_description":"Listing of Smart Technik a.s. We produce engineering products, roundabouts, attractions, theater technologies as well as products of military character.","og_url":"https:\/\/smarttechnik.cz\/en\/what-we-know\/","og_site_name":"SMART TECHNIK a.s.","article_modified_time":"2018-07-12T07:40:17+00:00","twitter_card":"summary_large_image","twitter_misc":{"Est. reading time":"6 minutes"},"schema":{"@context":"https:\/\/schema.org","@graph":[{"@type":"WebPage","@id":"https:\/\/smarttechnik.cz\/en\/what-we-know\/","url":"https:\/\/smarttechnik.cz\/en\/what-we-know\/","name":"What we know - SMART TECHNIK a.s.Listing of company activities","isPartOf":{"@id":"https:\/\/smarttechnik.cz\/#website"},"datePublished":"2018-02-27T13:27:52+00:00","dateModified":"2018-07-12T07:40:17+00:00","description":"Listing of Smart Technik a.s. We produce engineering products, roundabouts, attractions, theater technologies as well as products of military character.","breadcrumb":{"@id":"https:\/\/smarttechnik.cz\/en\/what-we-know\/#breadcrumb"},"inLanguage":"en-US","potentialAction":[{"@type":"ReadAction","target":["https:\/\/smarttechnik.cz\/en\/what-we-know\/"]}]},{"@type":"BreadcrumbList","@id":"https:\/\/smarttechnik.cz\/en\/what-we-know\/#breadcrumb","itemListElement":[{"@type":"ListItem","position":1,"name":"Dom\u016f","item":"https:\/\/smarttechnik.cz\/en\/about-us\/"},{"@type":"ListItem","position":2,"name":"What we know"}]},{"@type":"WebSite","@id":"https:\/\/smarttechnik.cz\/#website","url":"https:\/\/smarttechnik.cz\/","name":"SMART TECHNIK a.s.","description":"We perform engineering, theater, attractions and special applications.","potentialAction":[{"@type":"SearchAction","target":{"@type":"EntryPoint","urlTemplate":"https:\/\/smarttechnik.cz\/?s={search_term_string}"},"query-input":{"@type":"PropertyValueSpecification","valueRequired":true,"valueName":"search_term_string"}}],"inLanguage":"en-US"}]}},"_links":{"self":[{"href":"https:\/\/smarttechnik.cz\/en\/wp-json\/wp\/v2\/pages\/562","targetHints":{"allow":["GET"]}}],"collection":[{"href":"https:\/\/smarttechnik.cz\/en\/wp-json\/wp\/v2\/pages"}],"about":[{"href":"https:\/\/smarttechnik.cz\/en\/wp-json\/wp\/v2\/types\/page"}],"author":[{"embeddable":true,"href":"https:\/\/smarttechnik.cz\/en\/wp-json\/wp\/v2\/users\/6"}],"replies":[{"embeddable":true,"href":"https:\/\/smarttechnik.cz\/en\/wp-json\/wp\/v2\/comments?post=562"}],"version-history":[{"count":17,"href":"https:\/\/smarttechnik.cz\/en\/wp-json\/wp\/v2\/pages\/562\/revisions"}],"predecessor-version":[{"id":1382,"href":"https:\/\/smarttechnik.cz\/en\/wp-json\/wp\/v2\/pages\/562\/revisions\/1382"}],"wp:attachment":[{"href":"https:\/\/smarttechnik.cz\/en\/wp-json\/wp\/v2\/media?parent=562"}],"curies":[{"name":"wp","href":"https:\/\/api.w.org\/{rel}","templated":true}]}}