{"id":556,"date":"2018-02-27T13:23:40","date_gmt":"2018-02-27T13:23:40","guid":{"rendered":"https:\/\/smarttechnik.cz\/certifikaty\/"},"modified":"2026-03-06T11:58:16","modified_gmt":"2026-03-06T11:58:16","slug":"certificates","status":"publish","type":"page","link":"https:\/\/smarttechnik.cz\/en\/certificates\/","title":{"rendered":"Certificates"},"content":{"rendered":"<p>[et_pb_section fb_built=&#8221;1&#8243; _builder_version=&#8221;4.16&#8243; global_colors_info=&#8221;{}&#8221;][et_pb_row _builder_version=&#8221;4.16&#8243; background_size=&#8221;initial&#8221; background_position=&#8221;top_left&#8221; background_repeat=&#8221;repeat&#8221; global_colors_info=&#8221;{}&#8221;][et_pb_column type=&#8221;4_4&#8243; _builder_version=&#8221;4.16&#8243; custom_padding=&#8221;|||&#8221; global_colors_info=&#8221;{}&#8221; custom_padding__hover=&#8221;|||&#8221;][et_pb_text _builder_version=&#8221;4.16&#8243; vertical_offset_tablet=&#8221;0&#8243; horizontal_offset_tablet=&#8221;0&#8243; z_index_tablet=&#8221;0&#8243; text_text_shadow_horizontal_length_tablet=&#8221;0px&#8221; text_text_shadow_vertical_length_tablet=&#8221;0px&#8221; text_text_shadow_blur_strength_tablet=&#8221;1px&#8221; link_text_shadow_horizontal_length_tablet=&#8221;0px&#8221; link_text_shadow_vertical_length_tablet=&#8221;0px&#8221; link_text_shadow_blur_strength_tablet=&#8221;1px&#8221; ul_text_shadow_horizontal_length_tablet=&#8221;0px&#8221; ul_text_shadow_vertical_length_tablet=&#8221;0px&#8221; ul_text_shadow_blur_strength_tablet=&#8221;1px&#8221; ol_text_shadow_horizontal_length_tablet=&#8221;0px&#8221; ol_text_shadow_vertical_length_tablet=&#8221;0px&#8221; ol_text_shadow_blur_strength_tablet=&#8221;1px&#8221; quote_text_shadow_horizontal_length_tablet=&#8221;0px&#8221; quote_text_shadow_vertical_length_tablet=&#8221;0px&#8221; quote_text_shadow_blur_strength_tablet=&#8221;1px&#8221; header_text_shadow_horizontal_length_tablet=&#8221;0px&#8221; header_text_shadow_vertical_length_tablet=&#8221;0px&#8221; header_text_shadow_blur_strength_tablet=&#8221;1px&#8221; header_2_text_shadow_horizontal_length_tablet=&#8221;0px&#8221; header_2_text_shadow_vertical_length_tablet=&#8221;0px&#8221; header_2_text_shadow_blur_strength_tablet=&#8221;1px&#8221; header_3_text_shadow_horizontal_length_tablet=&#8221;0px&#8221; header_3_text_shadow_vertical_length_tablet=&#8221;0px&#8221; header_3_text_shadow_blur_strength_tablet=&#8221;1px&#8221; header_4_text_shadow_horizontal_length_tablet=&#8221;0px&#8221; header_4_text_shadow_vertical_length_tablet=&#8221;0px&#8221; header_4_text_shadow_blur_strength_tablet=&#8221;1px&#8221; header_5_text_shadow_horizontal_length_tablet=&#8221;0px&#8221; header_5_text_shadow_vertical_length_tablet=&#8221;0px&#8221; header_5_text_shadow_blur_strength_tablet=&#8221;1px&#8221; header_6_text_shadow_horizontal_length_tablet=&#8221;0px&#8221; header_6_text_shadow_vertical_length_tablet=&#8221;0px&#8221; header_6_text_shadow_blur_strength_tablet=&#8221;1px&#8221; box_shadow_horizontal_tablet=&#8221;0px&#8221; box_shadow_vertical_tablet=&#8221;0px&#8221; box_shadow_blur_tablet=&#8221;40px&#8221; box_shadow_spread_tablet=&#8221;0px&#8221; global_colors_info=&#8221;{}&#8221;]<\/p>\n<p>Building-up our technical competence is the quality base of service for our customers and SMART TECHNIK a.s.. It is confirmed by granted certificates and licenses:<\/p>\n<p>&nbsp;<\/p>\n<p>[\/et_pb_text][\/et_pb_column][\/et_pb_row][et_pb_row column_structure=&#8221;1_3,1_3,1_3&#8243; _builder_version=&#8221;4.16&#8243; background_size=&#8221;initial&#8221; background_position=&#8221;top_left&#8221; background_repeat=&#8221;repeat&#8221; global_colors_info=&#8221;{}&#8221;][et_pb_column type=&#8221;1_3&#8243; _builder_version=&#8221;4.16&#8243; custom_padding=&#8221;|||&#8221; global_colors_info=&#8221;{}&#8221; custom_padding__hover=&#8221;|||&#8221;][et_pb_image src=&#8221;https:\/\/smarttechnik.cz\/app\/uploads\/2026\/03\/Suchomel_Certificate_revizny-technik-vyhradenych-technickych-zariadeni-zdvihacich_mezinarodni-platnost_20.01.2031-1-pdf.jpg&#8221; title_text=&#8221;Suchomel_Certificate_revizny technik vyhraden\u00fdch technick\u00fdch zariaden\u00ed zdvihac\u00edch_mezin\u00e1rodn\u00ed platnost_20.01.2031&#8243; url=&#8221;https:\/\/smarttechnik.cz\/app\/uploads\/2026\/03\/Suchomel_Certificate_revizny-technik-vyhradenych-technickych-zariadeni-zdvihacich_mezinarodni-platnost_20.01.2031-1.pdf&#8221; url_new_window=&#8221;on&#8221; align=&#8221;center&#8221; admin_label=&#8221;Obr\u00e1zek&#8221; _builder_version=&#8221;4.27.4&#8243; _module_preset=&#8221;default&#8221; max_width=&#8221;212px&#8221; hover_enabled=&#8221;0&#8243; global_colors_info=&#8221;{}&#8221; sticky_enabled=&#8221;0&#8243;]<\/p>\n<p>[\/et_pb_image][et_pb_image src=&#8221;https:\/\/smarttechnik.cz\/app\/uploads\/2025\/06\/Certifikat-zpusobilosti-vyrobce-AJ_platnost-do-1.4.2026_page-0001-212&#215;300.jpg&#8221; alt=&#8221;Certifik\u00e1t zp\u016fsobilosti v\u00fdrobce  AJ_platnost do 1.4.2026&#8243; title_text=&#8221;Certifik\u00e1t zp\u016fsobilosti v\u00fdrobce  AJ_platnost do 1.4.2026&#8243; url=&#8221;http:\/\/smarttechnik.cz\/app\/uploads\/2025\/06\/Certifikat-zpusobilosti-vyrobce-AJ_platnost-do-1.4.2026.pdf&#8221; url_new_window=&#8221;on&#8221; align=&#8221;center&#8221; _builder_version=&#8221;4.27.4&#8243; _module_preset=&#8221;default&#8221; global_colors_info=&#8221;{}&#8221;]<\/p>\n<p>[\/et_pb_image][\/et_pb_column][et_pb_column type=&#8221;1_3&#8243; _builder_version=&#8221;4.16&#8243; custom_padding=&#8221;|||&#8221; global_colors_info=&#8221;{}&#8221; custom_padding__hover=&#8221;|||&#8221;][et_pb_image src=&#8221;http:\/\/smarttechnik.cz\/app\/uploads\/2023\/09\/Suchomel_Certificate_revizni\u0301-technik-vyhrazeny\u0301ch-tech.-zar\u030ci\u0301zeni\u0301-zdvi\u0301haci\u0301ch-skup.-A-a-B_mezina\u0301rodni\u0301_platnost-26.1.2028-212&#215;300.jpg&#8221; title_text=&#8221;Suchomel_Certificate_revizni\u0301 technik vyhrazeny\u0301ch tech. zar\u030ci\u0301zeni\u0301 zdvi\u0301haci\u0301ch skup. A a B_mezina\u0301rodni\u0301_platnost 26.1.2028&#8243; url=&#8221;https:\/\/smarttechnik.cz\/app\/uploads\/2023\/09\/Suchomel_Certificate_revizni%CC%81-technik-vyhrazeny%CC%81ch-tech.-zar%CC%8Ci%CC%81zeni%CC%81-zdvi%CC%81haci%CC%81ch-skup.-A-a-B_mezina%CC%81rodni%CC%81_platnost-26.1.2028.pdf&#8221; url_new_window=&#8221;on&#8221; align=&#8221;center&#8221; _builder_version=&#8221;4.27.4&#8243; _module_preset=&#8221;default&#8221; global_colors_info=&#8221;{}&#8221;]<\/p>\n<p>[\/et_pb_image][et_pb_image src=&#8221;https:\/\/smarttechnik.cz\/app\/uploads\/2025\/06\/ISO-9001-AJ_platnost-do-24.3.2028_page-0001-212&#215;300.jpg&#8221; title_text=&#8221;ISO 9001 AJ_platnost do 24.3.2028_page-0001&#8243; url=&#8221;http:\/\/smarttechnik.cz\/app\/uploads\/2025\/06\/ISO-9001-AJ_platnost-do-24.3.2028.pdf&#8221; url_new_window=&#8221;on&#8221; align=&#8221;center&#8221; _builder_version=&#8221;4.27.4&#8243; _module_preset=&#8221;default&#8221; global_colors_info=&#8221;{}&#8221;]<\/p>\n<p>[\/et_pb_image][\/et_pb_column][et_pb_column type=&#8221;1_3&#8243; _builder_version=&#8221;4.16&#8243; custom_padding=&#8221;|||&#8221; global_colors_info=&#8221;{}&#8221; custom_padding__hover=&#8221;|||&#8221;][et_pb_image src=&#8221;https:\/\/smarttechnik.cz\/app\/uploads\/2025\/06\/Certifikat-pro-proces-svarovani-AJ_platnost-do-1.4.2027_page-0001-212&#215;300.jpg&#8221; alt=&#8221;Certifik\u00e1t pro proces sva\u0159ov\u00e1n\u00ed AJ_platnost do 1.4.2027&#8243; title_text=&#8221;Certifik\u00e1t pro proces sva\u0159ov\u00e1n\u00ed AJ_platnost do 1.4.2027&#8243; url=&#8221;http:\/\/smarttechnik.cz\/app\/uploads\/2025\/06\/Certifikat-pro-proces-svarovani-AJ_platnost-do-1.4.2027.pdf&#8221; url_new_window=&#8221;on&#8221; align=&#8221;center&#8221; _builder_version=&#8221;4.27.4&#8243; _module_preset=&#8221;default&#8221; global_colors_info=&#8221;{}&#8221;]<\/p>\n<p>[\/et_pb_image][et_pb_image src=&#8221;https:\/\/smarttechnik.cz\/app\/uploads\/2025\/06\/Suchomel_Certificate_revizni-technik-vyhr.tech_.zar_.-zdvih-sk-A-a-B_mezinarodni-platnost-do-13.5.2030_page-0001-212&#215;300.jpg&#8221; alt=&#8221;Suchomel_Certificate_revizn\u00ed technik vyhr.tech.za\u0159. zdvih sk A a B_mezin\u00e1rodn\u00ed platnost do 13.5.2030&#8243; title_text=&#8221;Suchomel_Certificate_revizn\u00ed technik vyhr.tech.za\u0159. zdvih sk A a B_mezin\u00e1rodn\u00ed platnost do 13.5.2030&#8243; url=&#8221;http:\/\/smarttechnik.cz\/app\/uploads\/2025\/06\/Suchomel_Certificate_revizni-technik-vyhr.tech_.zar_.-zdvih-sk-A-a-B_mezinarodni-platnost-do-13.5.2030.pdf&#8221; url_new_window=&#8221;on&#8221; align=&#8221;center&#8221; _builder_version=&#8221;4.27.4&#8243; _module_preset=&#8221;default&#8221; global_colors_info=&#8221;{}&#8221;]<\/p>\n<p>[\/et_pb_image][\/et_pb_column][\/et_pb_row][et_pb_row _builder_version=&#8221;4.16&#8243; background_size=&#8221;initial&#8221; background_position=&#8221;top_left&#8221; background_repeat=&#8221;repeat&#8221; global_colors_info=&#8221;{}&#8221;][et_pb_column type=&#8221;4_4&#8243; _builder_version=&#8221;4.16&#8243; custom_padding=&#8221;|||&#8221; global_colors_info=&#8221;{}&#8221; custom_padding__hover=&#8221;|||&#8221;][et_pb_text _builder_version=&#8221;4.16&#8243; global_colors_info=&#8221;{}&#8221;]<\/p>\n<p><a href=\"https:\/\/www.nato.int\/cps\/en\/natolive\/index.htm\" target=\"_blank\" rel=\"noopener noreferrer\">NCAGE Code &#8211; (NATO Commercial and Governmental Entity Code) <\/a><\/p>\n<p>The process of the <a href=\"https:\/\/www.nato.int\/cps\/en\/natolive\/index.htm\" target=\"_blank\" rel=\"noopener noreferrer\">NCAGE<\/a> classification code assignment is included in the asset classification process.The code is assigned according to rules defined by the NATO codification system. It is based on the 309\/2000 Sb. act and the edict of the Ministry of Defense no. 5\/2001. <a href=\"https:\/\/www.nato.int\/cps\/en\/natolive\/index.htm\" target=\"_blank\" rel=\"noopener noreferrer\">NCAGE<\/a> is the five-digit numeric code used to designate a manufacturer or supply\/service provider to domestic and foreign customers, so called NATO commercial and governmental subject code. You can find all known company data under the code (company name, address, identification number, overview of economic activities, phone and fax numbers, e-mail addresses, www page links). It consists in three alphanumeric or numeric characters or their combinations. Residual two characters are used as a suffix and prefix, they are defined by NAMSA (NATO Maintenance and Supply Agency) and they are obligatory.<\/p>\n<div class=\"oSioSc\">\n<div id=\"tw-target\">\n<div id=\"tw-target-text-container\" class=\"tw-ta-container tw-nfl\">\n<pre id=\"tw-target-text\" class=\"tw-data-text tw-ta tw-text-small\" dir=\"ltr\" data-placeholder=\"P\u0159eklad\" data-fulltext=\"\"><span lang=\"en\">\u00a0<\/span><\/pre>\n<\/div>\n<\/div>\n<\/div>\n<ol>\n<li>a) Manufacturer: xxxxG<\/li>\n<li>b) Supplier: xxDxG<\/li>\n<li>c) Institution providing services of intangible character : xxSxG<\/li>\n<\/ol>\n<p><a href=\"https:\/\/www.nato.int\/cps\/en\/natolive\/index.htm\" target=\"_blank\" rel=\"noopener noreferrer\">NCAGE<\/a> Code of our company: 1704G.<\/p>\n<p>[\/et_pb_text][\/et_pb_column][\/et_pb_row][\/et_pb_section]<\/p>\n","protected":false},"excerpt":{"rendered":"<p>Building-up our technical competence is the quality base of service for our customers and SMART TECHNIK a.s.. It is confirmed by granted certificates and licenses: &nbsp; NCAGE Code &#8211; (NATO Commercial and Governmental Entity Code) The process of the NCAGE classification code assignment is included in the asset classification process.The code is assigned according to [&hellip;]<\/p>\n","protected":false},"author":6,"featured_media":0,"parent":0,"menu_order":0,"comment_status":"closed","ping_status":"closed","template":"","meta":{"_et_pb_use_builder":"on","_et_pb_old_content":"","_et_gb_content_width":"","footnotes":""},"class_list":["post-556","page","type-page","status-publish","hentry"],"yoast_head":"<!-- This site is optimized with the Yoast SEO plugin v26.2 - https:\/\/yoast.com\/wordpress\/plugins\/seo\/ -->\n<title>Certificates - SMART TECHNIK a.s. Sample of company certificates.<\/title>\n<meta name=\"description\" content=\"Sample of Smart Technik certificates. We work for NATO, national theaters, international circuses and multinational corporations.\" \/>\n<meta name=\"robots\" content=\"index, follow, max-snippet:-1, max-image-preview:large, max-video-preview:-1\" \/>\n<link rel=\"canonical\" href=\"https:\/\/smarttechnik.cz\/en\/certificates\/\" \/>\n<meta property=\"og:locale\" content=\"en_US\" \/>\n<meta property=\"og:type\" content=\"article\" \/>\n<meta property=\"og:title\" content=\"Certificates - SMART TECHNIK a.s. Sample of company certificates.\" \/>\n<meta property=\"og:description\" content=\"Sample of Smart Technik certificates. We work for NATO, national theaters, international circuses and multinational corporations.\" \/>\n<meta property=\"og:url\" content=\"https:\/\/smarttechnik.cz\/en\/certificates\/\" \/>\n<meta property=\"og:site_name\" content=\"SMART TECHNIK a.s.\" \/>\n<meta property=\"article:modified_time\" content=\"2026-03-06T11:58:16+00:00\" \/>\n<meta name=\"twitter:card\" content=\"summary_large_image\" \/>\n<meta name=\"twitter:label1\" content=\"Est. reading time\" \/>\n\t<meta name=\"twitter:data1\" content=\"3 minutes\" \/>\n<script type=\"application\/ld+json\" class=\"yoast-schema-graph\">{\"@context\":\"https:\/\/schema.org\",\"@graph\":[{\"@type\":\"WebPage\",\"@id\":\"https:\/\/smarttechnik.cz\/en\/certificates\/\",\"url\":\"https:\/\/smarttechnik.cz\/en\/certificates\/\",\"name\":\"Certificates - SMART TECHNIK a.s. Sample of company certificates.\",\"isPartOf\":{\"@id\":\"https:\/\/smarttechnik.cz\/#website\"},\"datePublished\":\"2018-02-27T13:23:40+00:00\",\"dateModified\":\"2026-03-06T11:58:16+00:00\",\"description\":\"Sample of Smart Technik certificates. We work for NATO, national theaters, international circuses and multinational corporations.\",\"breadcrumb\":{\"@id\":\"https:\/\/smarttechnik.cz\/en\/certificates\/#breadcrumb\"},\"inLanguage\":\"en-US\",\"potentialAction\":[{\"@type\":\"ReadAction\",\"target\":[\"https:\/\/smarttechnik.cz\/en\/certificates\/\"]}]},{\"@type\":\"BreadcrumbList\",\"@id\":\"https:\/\/smarttechnik.cz\/en\/certificates\/#breadcrumb\",\"itemListElement\":[{\"@type\":\"ListItem\",\"position\":1,\"name\":\"Dom\u016f\",\"item\":\"https:\/\/smarttechnik.cz\/en\/about-us\/\"},{\"@type\":\"ListItem\",\"position\":2,\"name\":\"Certificates\"}]},{\"@type\":\"WebSite\",\"@id\":\"https:\/\/smarttechnik.cz\/#website\",\"url\":\"https:\/\/smarttechnik.cz\/\",\"name\":\"SMART TECHNIK a.s.\",\"description\":\"We perform engineering, theater, attractions and special applications.\",\"potentialAction\":[{\"@type\":\"SearchAction\",\"target\":{\"@type\":\"EntryPoint\",\"urlTemplate\":\"https:\/\/smarttechnik.cz\/?s={search_term_string}\"},\"query-input\":{\"@type\":\"PropertyValueSpecification\",\"valueRequired\":true,\"valueName\":\"search_term_string\"}}],\"inLanguage\":\"en-US\"}]}<\/script>\n<!-- \/ Yoast SEO plugin. -->","yoast_head_json":{"title":"Certificates - SMART TECHNIK a.s. Sample of company certificates.","description":"Sample of Smart Technik certificates. We work for NATO, national theaters, international circuses and multinational corporations.","robots":{"index":"index","follow":"follow","max-snippet":"max-snippet:-1","max-image-preview":"max-image-preview:large","max-video-preview":"max-video-preview:-1"},"canonical":"https:\/\/smarttechnik.cz\/en\/certificates\/","og_locale":"en_US","og_type":"article","og_title":"Certificates - SMART TECHNIK a.s. Sample of company certificates.","og_description":"Sample of Smart Technik certificates. We work for NATO, national theaters, international circuses and multinational corporations.","og_url":"https:\/\/smarttechnik.cz\/en\/certificates\/","og_site_name":"SMART TECHNIK a.s.","article_modified_time":"2026-03-06T11:58:16+00:00","twitter_card":"summary_large_image","twitter_misc":{"Est. reading time":"3 minutes"},"schema":{"@context":"https:\/\/schema.org","@graph":[{"@type":"WebPage","@id":"https:\/\/smarttechnik.cz\/en\/certificates\/","url":"https:\/\/smarttechnik.cz\/en\/certificates\/","name":"Certificates - SMART TECHNIK a.s. Sample of company certificates.","isPartOf":{"@id":"https:\/\/smarttechnik.cz\/#website"},"datePublished":"2018-02-27T13:23:40+00:00","dateModified":"2026-03-06T11:58:16+00:00","description":"Sample of Smart Technik certificates. We work for NATO, national theaters, international circuses and multinational corporations.","breadcrumb":{"@id":"https:\/\/smarttechnik.cz\/en\/certificates\/#breadcrumb"},"inLanguage":"en-US","potentialAction":[{"@type":"ReadAction","target":["https:\/\/smarttechnik.cz\/en\/certificates\/"]}]},{"@type":"BreadcrumbList","@id":"https:\/\/smarttechnik.cz\/en\/certificates\/#breadcrumb","itemListElement":[{"@type":"ListItem","position":1,"name":"Dom\u016f","item":"https:\/\/smarttechnik.cz\/en\/about-us\/"},{"@type":"ListItem","position":2,"name":"Certificates"}]},{"@type":"WebSite","@id":"https:\/\/smarttechnik.cz\/#website","url":"https:\/\/smarttechnik.cz\/","name":"SMART TECHNIK a.s.","description":"We perform engineering, theater, attractions and special applications.","potentialAction":[{"@type":"SearchAction","target":{"@type":"EntryPoint","urlTemplate":"https:\/\/smarttechnik.cz\/?s={search_term_string}"},"query-input":{"@type":"PropertyValueSpecification","valueRequired":true,"valueName":"search_term_string"}}],"inLanguage":"en-US"}]}},"_links":{"self":[{"href":"https:\/\/smarttechnik.cz\/en\/wp-json\/wp\/v2\/pages\/556","targetHints":{"allow":["GET"]}}],"collection":[{"href":"https:\/\/smarttechnik.cz\/en\/wp-json\/wp\/v2\/pages"}],"about":[{"href":"https:\/\/smarttechnik.cz\/en\/wp-json\/wp\/v2\/types\/page"}],"author":[{"embeddable":true,"href":"https:\/\/smarttechnik.cz\/en\/wp-json\/wp\/v2\/users\/6"}],"replies":[{"embeddable":true,"href":"https:\/\/smarttechnik.cz\/en\/wp-json\/wp\/v2\/comments?post=556"}],"version-history":[{"count":39,"href":"https:\/\/smarttechnik.cz\/en\/wp-json\/wp\/v2\/pages\/556\/revisions"}],"predecessor-version":[{"id":3008,"href":"https:\/\/smarttechnik.cz\/en\/wp-json\/wp\/v2\/pages\/556\/revisions\/3008"}],"wp:attachment":[{"href":"https:\/\/smarttechnik.cz\/en\/wp-json\/wp\/v2\/media?parent=556"}],"curies":[{"name":"wp","href":"https:\/\/api.w.org\/{rel}","templated":true}]}}