{"id":2560,"date":"2023-09-13T15:28:30","date_gmt":"2023-09-13T15:28:30","guid":{"rendered":"https:\/\/smarttechnik.cz\/?page_id=2560"},"modified":"2023-09-13T15:45:45","modified_gmt":"2023-09-13T15:45:45","slug":"general-data-protection-regulation","status":"publish","type":"page","link":"https:\/\/smarttechnik.cz\/en\/general-data-protection-regulation\/","title":{"rendered":"General Data Protection Regulation"},"content":{"rendered":"<p>[et_pb_section fb_built=&#8221;1&#8243; _builder_version=&#8221;4.16&#8243; custom_padding=&#8221;54px|0px|340px|0px|false|false&#8221; global_colors_info=&#8221;{}&#8221;][et_pb_row _builder_version=&#8221;4.16&#8243; background_size=&#8221;initial&#8221; background_position=&#8221;top_left&#8221; background_repeat=&#8221;repeat&#8221; global_colors_info=&#8221;{}&#8221;][et_pb_column type=&#8221;4_4&#8243; _builder_version=&#8221;4.16&#8243; custom_padding=&#8221;|||&#8221; global_colors_info=&#8221;{}&#8221; custom_padding__hover=&#8221;|||&#8221;][et_pb_text _builder_version=&#8221;4.21.0&#8243; hover_enabled=&#8221;0&#8243; global_colors_info=&#8221;{}&#8221; admin_label=&#8221;Text&#8221; sticky_enabled=&#8221;0&#8243;]By sending the contact form, I give the administrator of the website of the company: SMART TECHNIK a.s., Na Z\u00e1me\u010dku 956, 664 53 \u00dajezd \u200b\u200bu Brno, Czech Republic, ID: 25577999 (hereinafter referred to as the administrator), consent to the processing of my personal data to the necessary extent in accordance with <a href=\"http:\/\/eur-lex.europa.eu\/legal-content\/CS\/TXT\/PDF\/?uri=CELEX:32016R0679&amp;from=EN\" target=\"_blank\" rel=\"noopener\">Regulation (EU ) 2016\/679 (GDPR)<\/a>, on the protection of personal data, as amended.<\/p>\n<p>I voluntarily give my consent for an indefinite period of time and declare that the information provided by me is true and accurate.<\/p>\n<p>Consent can be revoked at any time in writing to the address of the administrator or by e-mail to the address: info@smarttechnik.cz.<\/p>\n<p>The administrator declares that he will process the data in accordance with valid legislation and only for the purposes for which he was given consent.[\/et_pb_text][\/et_pb_column][\/et_pb_row][\/et_pb_section]<\/p>\n","protected":false},"excerpt":{"rendered":"<p>By sending the contact form, I give the administrator of the website of the company: SMART TECHNIK a.s., Na Z\u00e1me\u010dku 956, 664 53 \u00dajezd \u200b\u200bu Brno, Czech Republic, ID: 25577999 (hereinafter referred to as the administrator), consent to the processing of my personal data to the necessary extent in accordance with Regulation (EU ) 2016\/679 [&hellip;]<\/p>\n","protected":false},"author":4,"featured_media":0,"parent":0,"menu_order":0,"comment_status":"closed","ping_status":"closed","template":"","meta":{"_et_pb_use_builder":"on","_et_pb_old_content":"<p>[et_pb_section fb_built=\"1\" _builder_version=\"3.22\" custom_padding=\"54px|0px|340px|0px|false|false\" global_colors_info=\"{}\"][et_pb_row _builder_version=\"3.25\" background_size=\"initial\" background_position=\"top_left\" background_repeat=\"repeat\" global_colors_info=\"{}\"][et_pb_column type=\"4_4\" _builder_version=\"3.25\" custom_padding=\"|||\" global_colors_info=\"{}\" custom_padding__hover=\"|||\"][et_pb_text _builder_version=\"4.12.0\" hover_enabled=\"0\" global_colors_info=\"{}\" sticky_enabled=\"0\"]<\/p><p>Odesl\u00e1n\u00edm kontaktn\u00edho formul\u00e1\u0159e poskytuji spr\u00e1vci webu spole\u010dnosti: SMART TECHNIK a.s., Na Z\u00e1me\u010dku 956, 664 53 \u00dajezd u Brna, \u010cesk\u00e1 Republika, I\u010c: 25577999 (d\u00e1le jen spr\u00e1vce), souhlas se zpracov\u00e1n\u00edm sv\u00fdch osobn\u00edch \u00fadaj\u016f v nezbytn\u00e9m rozsahu a to v souladu s <a href=\"http:\/\/eur-lex.europa.eu\/legal-content\/CS\/TXT\/PDF\/?uri=CELEX:32016R0679&from=EN\" target=\"_blank\" rel=\"noopener\">Na\u0159\u00edzen\u00ed (EU) 2016\/679 (GDPR)<\/a>,, o ochran\u011b osobn\u00edch \u00fadaj\u016f, ve zn\u011bn\u00ed pozd\u011bj\u0161\u00edch p\u0159edpis\u016f.<\/p><p>Souhlas poskytuji dobrovoln\u011b na dobu neur\u010ditou a prohla\u0161uji, \u017ee mnou uveden\u00e9 \u00fadaje jsou pravdiv\u00e9 a p\u0159esn\u00e9.<\/p><p>Souhlas m\u016f\u017ee b\u00fdt kdykoli odvol\u00e1n p\u00edsemnou formou na adresu spr\u00e1vce a nebo e-mailem na adresu: info@smarttechnik.cz.<\/p><p>Spr\u00e1vce prohla\u0161uje, \u017ee bude zpracov\u00e1vat \u00fadaje v souladu s platnou pr\u00e1vn\u00ed \u00fapravou a pouze k \u00fa\u010del\u016fm, ke kter\u00fdm mu byl poskytnut souhlas.<\/p><p>[\/et_pb_text][\/et_pb_column][\/et_pb_row][\/et_pb_section]<\/p>","_et_gb_content_width":"","footnotes":""},"class_list":["post-2560","page","type-page","status-publish","hentry"],"yoast_head":"<!-- This site is optimized with the Yoast SEO plugin v26.2 - https:\/\/yoast.com\/wordpress\/plugins\/seo\/ -->\n<title>General Data Protection Regulation - SMART TECHNIK a.s.<\/title>\n<meta name=\"robots\" content=\"index, follow, max-snippet:-1, max-image-preview:large, max-video-preview:-1\" \/>\n<link rel=\"canonical\" href=\"https:\/\/smarttechnik.cz\/en\/general-data-protection-regulation\/\" \/>\n<meta property=\"og:locale\" content=\"en_US\" \/>\n<meta property=\"og:type\" content=\"article\" \/>\n<meta property=\"og:title\" content=\"General Data Protection Regulation - SMART TECHNIK a.s.\" \/>\n<meta property=\"og:description\" content=\"By sending the contact form, I give the administrator of the website of the company: SMART TECHNIK a.s., Na Z\u00e1me\u010dku 956, 664 53 \u00dajezd \u200b\u200bu Brno, Czech Republic, ID: 25577999 (hereinafter referred to as the administrator), consent to the processing of my personal data to the necessary extent in accordance with Regulation (EU ) 2016\/679 [&hellip;]\" \/>\n<meta property=\"og:url\" content=\"https:\/\/smarttechnik.cz\/en\/general-data-protection-regulation\/\" \/>\n<meta property=\"og:site_name\" content=\"SMART TECHNIK a.s.\" \/>\n<meta property=\"article:modified_time\" content=\"2023-09-13T15:45:45+00:00\" \/>\n<meta name=\"twitter:card\" content=\"summary_large_image\" \/>\n<meta name=\"twitter:label1\" content=\"Est. reading time\" \/>\n\t<meta name=\"twitter:data1\" content=\"1 minute\" \/>\n<script type=\"application\/ld+json\" class=\"yoast-schema-graph\">{\"@context\":\"https:\/\/schema.org\",\"@graph\":[{\"@type\":\"WebPage\",\"@id\":\"https:\/\/smarttechnik.cz\/en\/general-data-protection-regulation\/\",\"url\":\"https:\/\/smarttechnik.cz\/en\/general-data-protection-regulation\/\",\"name\":\"General Data Protection Regulation - SMART TECHNIK a.s.\",\"isPartOf\":{\"@id\":\"https:\/\/smarttechnik.cz\/#website\"},\"datePublished\":\"2023-09-13T15:28:30+00:00\",\"dateModified\":\"2023-09-13T15:45:45+00:00\",\"breadcrumb\":{\"@id\":\"https:\/\/smarttechnik.cz\/en\/general-data-protection-regulation\/#breadcrumb\"},\"inLanguage\":\"en-US\",\"potentialAction\":[{\"@type\":\"ReadAction\",\"target\":[\"https:\/\/smarttechnik.cz\/en\/general-data-protection-regulation\/\"]}]},{\"@type\":\"BreadcrumbList\",\"@id\":\"https:\/\/smarttechnik.cz\/en\/general-data-protection-regulation\/#breadcrumb\",\"itemListElement\":[{\"@type\":\"ListItem\",\"position\":1,\"name\":\"Dom\u016f\",\"item\":\"https:\/\/smarttechnik.cz\/en\/about-us\/\"},{\"@type\":\"ListItem\",\"position\":2,\"name\":\"General Data Protection Regulation\"}]},{\"@type\":\"WebSite\",\"@id\":\"https:\/\/smarttechnik.cz\/#website\",\"url\":\"https:\/\/smarttechnik.cz\/\",\"name\":\"SMART TECHNIK a.s.\",\"description\":\"We perform engineering, theater, attractions and special applications.\",\"potentialAction\":[{\"@type\":\"SearchAction\",\"target\":{\"@type\":\"EntryPoint\",\"urlTemplate\":\"https:\/\/smarttechnik.cz\/?s={search_term_string}\"},\"query-input\":{\"@type\":\"PropertyValueSpecification\",\"valueRequired\":true,\"valueName\":\"search_term_string\"}}],\"inLanguage\":\"en-US\"}]}<\/script>\n<!-- \/ Yoast SEO plugin. -->","yoast_head_json":{"title":"General Data Protection Regulation - SMART TECHNIK a.s.","robots":{"index":"index","follow":"follow","max-snippet":"max-snippet:-1","max-image-preview":"max-image-preview:large","max-video-preview":"max-video-preview:-1"},"canonical":"https:\/\/smarttechnik.cz\/en\/general-data-protection-regulation\/","og_locale":"en_US","og_type":"article","og_title":"General Data Protection Regulation - SMART TECHNIK a.s.","og_description":"By sending the contact form, I give the administrator of the website of the company: SMART TECHNIK a.s., Na Z\u00e1me\u010dku 956, 664 53 \u00dajezd \u200b\u200bu Brno, Czech Republic, ID: 25577999 (hereinafter referred to as the administrator), consent to the processing of my personal data to the necessary extent in accordance with Regulation (EU ) 2016\/679 [&hellip;]","og_url":"https:\/\/smarttechnik.cz\/en\/general-data-protection-regulation\/","og_site_name":"SMART TECHNIK a.s.","article_modified_time":"2023-09-13T15:45:45+00:00","twitter_card":"summary_large_image","twitter_misc":{"Est. reading time":"1 minute"},"schema":{"@context":"https:\/\/schema.org","@graph":[{"@type":"WebPage","@id":"https:\/\/smarttechnik.cz\/en\/general-data-protection-regulation\/","url":"https:\/\/smarttechnik.cz\/en\/general-data-protection-regulation\/","name":"General Data Protection Regulation - SMART TECHNIK a.s.","isPartOf":{"@id":"https:\/\/smarttechnik.cz\/#website"},"datePublished":"2023-09-13T15:28:30+00:00","dateModified":"2023-09-13T15:45:45+00:00","breadcrumb":{"@id":"https:\/\/smarttechnik.cz\/en\/general-data-protection-regulation\/#breadcrumb"},"inLanguage":"en-US","potentialAction":[{"@type":"ReadAction","target":["https:\/\/smarttechnik.cz\/en\/general-data-protection-regulation\/"]}]},{"@type":"BreadcrumbList","@id":"https:\/\/smarttechnik.cz\/en\/general-data-protection-regulation\/#breadcrumb","itemListElement":[{"@type":"ListItem","position":1,"name":"Dom\u016f","item":"https:\/\/smarttechnik.cz\/en\/about-us\/"},{"@type":"ListItem","position":2,"name":"General Data Protection Regulation"}]},{"@type":"WebSite","@id":"https:\/\/smarttechnik.cz\/#website","url":"https:\/\/smarttechnik.cz\/","name":"SMART TECHNIK a.s.","description":"We perform engineering, theater, attractions and special applications.","potentialAction":[{"@type":"SearchAction","target":{"@type":"EntryPoint","urlTemplate":"https:\/\/smarttechnik.cz\/?s={search_term_string}"},"query-input":{"@type":"PropertyValueSpecification","valueRequired":true,"valueName":"search_term_string"}}],"inLanguage":"en-US"}]}},"_links":{"self":[{"href":"https:\/\/smarttechnik.cz\/en\/wp-json\/wp\/v2\/pages\/2560","targetHints":{"allow":["GET"]}}],"collection":[{"href":"https:\/\/smarttechnik.cz\/en\/wp-json\/wp\/v2\/pages"}],"about":[{"href":"https:\/\/smarttechnik.cz\/en\/wp-json\/wp\/v2\/types\/page"}],"author":[{"embeddable":true,"href":"https:\/\/smarttechnik.cz\/en\/wp-json\/wp\/v2\/users\/4"}],"replies":[{"embeddable":true,"href":"https:\/\/smarttechnik.cz\/en\/wp-json\/wp\/v2\/comments?post=2560"}],"version-history":[{"count":7,"href":"https:\/\/smarttechnik.cz\/en\/wp-json\/wp\/v2\/pages\/2560\/revisions"}],"predecessor-version":[{"id":2568,"href":"https:\/\/smarttechnik.cz\/en\/wp-json\/wp\/v2\/pages\/2560\/revisions\/2568"}],"wp:attachment":[{"href":"https:\/\/smarttechnik.cz\/en\/wp-json\/wp\/v2\/media?parent=2560"}],"curies":[{"name":"wp","href":"https:\/\/api.w.org\/{rel}","templated":true}]}}