{"id":2571,"date":"2023-09-13T15:48:09","date_gmt":"2023-09-13T15:48:09","guid":{"rendered":"https:\/\/smarttechnik.cz\/?page_id=2571"},"modified":"2023-09-13T15:48:12","modified_gmt":"2023-09-13T15:48:12","slug":"datenschutz-grundverordnung","status":"publish","type":"page","link":"https:\/\/smarttechnik.cz\/de\/datenschutz-grundverordnung\/","title":{"rendered":"Datenschutz-Grundverordnung"},"content":{"rendered":"<p>[et_pb_section fb_built=&#8220;1&#8243; _builder_version=&#8220;4.16&#8243; custom_padding=&#8220;54px|0px|340px|0px|false|false&#8220; global_colors_info=&#8220;{}&#8220;][et_pb_row _builder_version=&#8220;4.16&#8243; background_size=&#8220;initial&#8220; background_position=&#8220;top_left&#8220; background_repeat=&#8220;repeat&#8220; global_colors_info=&#8220;{}&#8220;][et_pb_column type=&#8220;4_4&#8243; _builder_version=&#8220;4.16&#8243; custom_padding=&#8220;|||&#8220; global_colors_info=&#8220;{}&#8220; custom_padding__hover=&#8220;|||&#8220;][et_pb_text _builder_version=&#8220;4.21.0&#8243; hover_enabled=&#8220;0&#8243; global_colors_info=&#8220;{}&#8220; sticky_enabled=&#8220;0&#8243;]<\/p>\n<p>Mit dem Absenden des Kontaktformulars erteile ich dem Administrator der Website des Unternehmens: SMART TECHNIK a.s., Na Z\u00e1me\u010dku 956, 664 53 \u00dajezd \u200b\u200b\u200b\u200bu Brno, Tschechische Republik, ID: 25577999 (im Folgenden als Administrator bezeichnet) meine Zustimmung die Verarbeitung meiner personenbezogenen Daten im erforderlichen Umfang gem\u00e4\u00df <a href=\"http:\/\/eur-lex.europa.eu\/legal-content\/CS\/TXT\/PDF\/?uri=CELEX:32016R0679&amp;from=DE\" target=\"_blank\" rel=\"noopener\">Verordnung (EU) 2016\/679 (DSGVO)<\/a> zum Schutz personenbezogener Daten in der jeweils g\u00fcltigen Fassung.<\/p>\n<p>Ich erteile meine Einwilligung freiwillig auf unbestimmte Zeit und erkl\u00e4re, dass die von mir gemachten Angaben wahrheitsgem\u00e4\u00df und zutreffend sind.<\/p>\n<p>Die Einwilligung kann jederzeit schriftlich an die Adresse des Administrators oder per E-Mail an die Adresse info@smarttechnik.cz widerrufen werden.<\/p>\n<p>Der Administrator erkl\u00e4rt, dass er die Daten gem\u00e4\u00df den geltenden Rechtsvorschriften und nur f\u00fcr die Zwecke verarbeiten wird, f\u00fcr die er seine Einwilligung erteilt hat.<\/p>\n<p>[\/et_pb_text][\/et_pb_column][\/et_pb_row][\/et_pb_section]<\/p>\n","protected":false},"excerpt":{"rendered":"<p>Mit dem Absenden des Kontaktformulars erteile ich dem Administrator der Website des Unternehmens: SMART TECHNIK a.s., Na Z\u00e1me\u010dku 956, 664 53 \u00dajezd \u200b\u200b\u200b\u200bu Brno, Tschechische Republik, ID: 25577999 (im Folgenden als Administrator bezeichnet) meine Zustimmung die Verarbeitung meiner personenbezogenen Daten im erforderlichen Umfang gem\u00e4\u00df Verordnung (EU) 2016\/679 (DSGVO) zum Schutz personenbezogener Daten in der jeweils [&hellip;]<\/p>\n","protected":false},"author":4,"featured_media":0,"parent":0,"menu_order":0,"comment_status":"closed","ping_status":"closed","template":"","meta":{"_et_pb_use_builder":"on","_et_pb_old_content":"[et_pb_section fb_built=\"1\" _builder_version=\"3.22\" custom_padding=\"54px|0px|340px|0px|false|false\" global_colors_info=\"{}\"][et_pb_row _builder_version=\"3.25\" background_size=\"initial\" background_position=\"top_left\" background_repeat=\"repeat\" global_colors_info=\"{}\"][et_pb_column type=\"4_4\" _builder_version=\"3.25\" custom_padding=\"|||\" global_colors_info=\"{}\" custom_padding__hover=\"|||\"][et_pb_text _builder_version=\"4.12.0\" hover_enabled=\"0\" global_colors_info=\"{}\" sticky_enabled=\"0\"]<p>Odesl\u00e1n\u00edm kontaktn\u00edho formul\u00e1\u0159e poskytuji spr\u00e1vci webu spole\u010dnosti: SMART TECHNIK a.s., Na Z\u00e1me\u010dku 956, 664 53 \u00dajezd u Brna, \u010cesk\u00e1 Republika, I\u010c: 25577999 (d\u00e1le jen spr\u00e1vce), souhlas se zpracov\u00e1n\u00edm sv\u00fdch osobn\u00edch \u00fadaj\u016f v nezbytn\u00e9m rozsahu a to v souladu s <a href=\"http:\/\/eur-lex.europa.eu\/legal-content\/CS\/TXT\/PDF\/?uri=CELEX:32016R0679&from=EN\" target=\"_blank\" rel=\"noopener\">Na\u0159\u00edzen\u00ed (EU) 2016\/679 (GDPR)<\/a>,, o ochran\u011b osobn\u00edch \u00fadaj\u016f, ve zn\u011bn\u00ed pozd\u011bj\u0161\u00edch p\u0159edpis\u016f.<\/p>\r\n<p>Souhlas poskytuji dobrovoln\u011b na dobu neur\u010ditou a prohla\u0161uji, \u017ee mnou uveden\u00e9 \u00fadaje jsou pravdiv\u00e9 a p\u0159esn\u00e9.<\/p>\r\n<p>Souhlas m\u016f\u017ee b\u00fdt kdykoli odvol\u00e1n p\u00edsemnou formou na adresu spr\u00e1vce a nebo e-mailem na adresu: info@smarttechnik.cz.<\/p>\r\n<p>Spr\u00e1vce prohla\u0161uje, \u017ee bude zpracov\u00e1vat \u00fadaje v souladu s platnou pr\u00e1vn\u00ed \u00fapravou a pouze k \u00fa\u010del\u016fm, ke kter\u00fdm mu byl poskytnut souhlas.<\/p>[\/et_pb_text][\/et_pb_column][\/et_pb_row][\/et_pb_section]","_et_gb_content_width":"","footnotes":""},"class_list":["post-2571","page","type-page","status-publish","hentry"],"yoast_head":"<!-- This site is optimized with the Yoast SEO plugin v26.2 - https:\/\/yoast.com\/wordpress\/plugins\/seo\/ -->\n<title>Datenschutz-Grundverordnung - SMART TECHNIK a.s.<\/title>\n<meta name=\"robots\" content=\"index, follow, max-snippet:-1, max-image-preview:large, max-video-preview:-1\" \/>\n<link rel=\"canonical\" href=\"https:\/\/smarttechnik.cz\/de\/datenschutz-grundverordnung\/\" \/>\n<meta property=\"og:locale\" content=\"de_DE\" \/>\n<meta property=\"og:type\" content=\"article\" \/>\n<meta property=\"og:title\" content=\"Datenschutz-Grundverordnung - SMART TECHNIK a.s.\" \/>\n<meta property=\"og:description\" content=\"Mit dem Absenden des Kontaktformulars erteile ich dem Administrator der Website des Unternehmens: SMART TECHNIK a.s., Na Z\u00e1me\u010dku 956, 664 53 \u00dajezd \u200b\u200b\u200b\u200bu Brno, Tschechische Republik, ID: 25577999 (im Folgenden als Administrator bezeichnet) meine Zustimmung die Verarbeitung meiner personenbezogenen Daten im erforderlichen Umfang gem\u00e4\u00df Verordnung (EU) 2016\/679 (DSGVO) zum Schutz personenbezogener Daten in der jeweils [&hellip;]\" \/>\n<meta property=\"og:url\" content=\"https:\/\/smarttechnik.cz\/de\/datenschutz-grundverordnung\/\" \/>\n<meta property=\"og:site_name\" content=\"SMART TECHNIK a.s.\" \/>\n<meta property=\"article:modified_time\" content=\"2023-09-13T15:48:12+00:00\" \/>\n<meta name=\"twitter:card\" content=\"summary_large_image\" \/>\n<meta name=\"twitter:label1\" content=\"Gesch\u00e4tzte Lesezeit\" \/>\n\t<meta name=\"twitter:data1\" content=\"1\u00a0Minute\" \/>\n<script type=\"application\/ld+json\" class=\"yoast-schema-graph\">{\"@context\":\"https:\/\/schema.org\",\"@graph\":[{\"@type\":\"WebPage\",\"@id\":\"https:\/\/smarttechnik.cz\/de\/datenschutz-grundverordnung\/\",\"url\":\"https:\/\/smarttechnik.cz\/de\/datenschutz-grundverordnung\/\",\"name\":\"Datenschutz-Grundverordnung - SMART TECHNIK a.s.\",\"isPartOf\":{\"@id\":\"https:\/\/smarttechnik.cz\/#website\"},\"datePublished\":\"2023-09-13T15:48:09+00:00\",\"dateModified\":\"2023-09-13T15:48:12+00:00\",\"breadcrumb\":{\"@id\":\"https:\/\/smarttechnik.cz\/de\/datenschutz-grundverordnung\/#breadcrumb\"},\"inLanguage\":\"de\",\"potentialAction\":[{\"@type\":\"ReadAction\",\"target\":[\"https:\/\/smarttechnik.cz\/de\/datenschutz-grundverordnung\/\"]}]},{\"@type\":\"BreadcrumbList\",\"@id\":\"https:\/\/smarttechnik.cz\/de\/datenschutz-grundverordnung\/#breadcrumb\",\"itemListElement\":[{\"@type\":\"ListItem\",\"position\":1,\"name\":\"Dom\u016f\",\"item\":\"https:\/\/smarttechnik.cz\/de\/o-nas\/\"},{\"@type\":\"ListItem\",\"position\":2,\"name\":\"Datenschutz-Grundverordnung\"}]},{\"@type\":\"WebSite\",\"@id\":\"https:\/\/smarttechnik.cz\/#website\",\"url\":\"https:\/\/smarttechnik.cz\/\",\"name\":\"SMART TECHNIK a.s.\",\"description\":\"We perform engineering, theater, attractions and special applications.\",\"potentialAction\":[{\"@type\":\"SearchAction\",\"target\":{\"@type\":\"EntryPoint\",\"urlTemplate\":\"https:\/\/smarttechnik.cz\/?s={search_term_string}\"},\"query-input\":{\"@type\":\"PropertyValueSpecification\",\"valueRequired\":true,\"valueName\":\"search_term_string\"}}],\"inLanguage\":\"de\"}]}<\/script>\n<!-- \/ Yoast SEO plugin. -->","yoast_head_json":{"title":"Datenschutz-Grundverordnung - SMART TECHNIK a.s.","robots":{"index":"index","follow":"follow","max-snippet":"max-snippet:-1","max-image-preview":"max-image-preview:large","max-video-preview":"max-video-preview:-1"},"canonical":"https:\/\/smarttechnik.cz\/de\/datenschutz-grundverordnung\/","og_locale":"de_DE","og_type":"article","og_title":"Datenschutz-Grundverordnung - SMART TECHNIK a.s.","og_description":"Mit dem Absenden des Kontaktformulars erteile ich dem Administrator der Website des Unternehmens: SMART TECHNIK a.s., Na Z\u00e1me\u010dku 956, 664 53 \u00dajezd \u200b\u200b\u200b\u200bu Brno, Tschechische Republik, ID: 25577999 (im Folgenden als Administrator bezeichnet) meine Zustimmung die Verarbeitung meiner personenbezogenen Daten im erforderlichen Umfang gem\u00e4\u00df Verordnung (EU) 2016\/679 (DSGVO) zum Schutz personenbezogener Daten in der jeweils [&hellip;]","og_url":"https:\/\/smarttechnik.cz\/de\/datenschutz-grundverordnung\/","og_site_name":"SMART TECHNIK a.s.","article_modified_time":"2023-09-13T15:48:12+00:00","twitter_card":"summary_large_image","twitter_misc":{"Gesch\u00e4tzte Lesezeit":"1\u00a0Minute"},"schema":{"@context":"https:\/\/schema.org","@graph":[{"@type":"WebPage","@id":"https:\/\/smarttechnik.cz\/de\/datenschutz-grundverordnung\/","url":"https:\/\/smarttechnik.cz\/de\/datenschutz-grundverordnung\/","name":"Datenschutz-Grundverordnung - SMART TECHNIK a.s.","isPartOf":{"@id":"https:\/\/smarttechnik.cz\/#website"},"datePublished":"2023-09-13T15:48:09+00:00","dateModified":"2023-09-13T15:48:12+00:00","breadcrumb":{"@id":"https:\/\/smarttechnik.cz\/de\/datenschutz-grundverordnung\/#breadcrumb"},"inLanguage":"de","potentialAction":[{"@type":"ReadAction","target":["https:\/\/smarttechnik.cz\/de\/datenschutz-grundverordnung\/"]}]},{"@type":"BreadcrumbList","@id":"https:\/\/smarttechnik.cz\/de\/datenschutz-grundverordnung\/#breadcrumb","itemListElement":[{"@type":"ListItem","position":1,"name":"Dom\u016f","item":"https:\/\/smarttechnik.cz\/de\/o-nas\/"},{"@type":"ListItem","position":2,"name":"Datenschutz-Grundverordnung"}]},{"@type":"WebSite","@id":"https:\/\/smarttechnik.cz\/#website","url":"https:\/\/smarttechnik.cz\/","name":"SMART TECHNIK a.s.","description":"We perform engineering, theater, attractions and special applications.","potentialAction":[{"@type":"SearchAction","target":{"@type":"EntryPoint","urlTemplate":"https:\/\/smarttechnik.cz\/?s={search_term_string}"},"query-input":{"@type":"PropertyValueSpecification","valueRequired":true,"valueName":"search_term_string"}}],"inLanguage":"de"}]}},"_links":{"self":[{"href":"https:\/\/smarttechnik.cz\/de\/wp-json\/wp\/v2\/pages\/2571","targetHints":{"allow":["GET"]}}],"collection":[{"href":"https:\/\/smarttechnik.cz\/de\/wp-json\/wp\/v2\/pages"}],"about":[{"href":"https:\/\/smarttechnik.cz\/de\/wp-json\/wp\/v2\/types\/page"}],"author":[{"embeddable":true,"href":"https:\/\/smarttechnik.cz\/de\/wp-json\/wp\/v2\/users\/4"}],"replies":[{"embeddable":true,"href":"https:\/\/smarttechnik.cz\/de\/wp-json\/wp\/v2\/comments?post=2571"}],"version-history":[{"count":4,"href":"https:\/\/smarttechnik.cz\/de\/wp-json\/wp\/v2\/pages\/2571\/revisions"}],"predecessor-version":[{"id":2575,"href":"https:\/\/smarttechnik.cz\/de\/wp-json\/wp\/v2\/pages\/2571\/revisions\/2575"}],"wp:attachment":[{"href":"https:\/\/smarttechnik.cz\/de\/wp-json\/wp\/v2\/media?parent=2571"}],"curies":[{"name":"wp","href":"https:\/\/api.w.org\/{rel}","templated":true}]}}