{"id":1667,"date":"2018-02-27T13:27:52","date_gmt":"2018-02-27T13:27:52","guid":{"rendered":"https:\/\/smarttechnik.cz\/co-umime\/"},"modified":"2018-08-14T20:24:44","modified_gmt":"2018-08-14T20:24:44","slug":"co-umime","status":"publish","type":"page","link":"https:\/\/smarttechnik.cz\/de\/co-umime\/","title":{"rendered":"Was wir wissen"},"content":{"rendered":"<p>[et_pb_section bb_built=&#8220;1&#8243; _builder_version=&#8220;3.9&#8243; next_background_color=&#8220;#000000&#8243; module_id=&#8220;projektion&#8220;][et_pb_row _builder_version=&#8220;3.8&#8243; module_id=&#8220;projekce&#8220;][et_pb_column type=&#8220;4_4&#8243;][et_pb_text admin_label=&#8220;PROJEKCE&#8220; _builder_version=&#8220;3.9&#8243;]<\/p>\n<h2 style=\"text-align: center;\"><span style=\"color: #303b5e;\"><strong><b>PROJEKTION<\/b><\/strong><\/span><\/h2>\n<p>[\/et_pb_text][et_pb_divider admin_label=&#8220;LI\u0160TA&#8220; _builder_version=&#8220;3.8&#8243; \/][\/et_pb_column][\/et_pb_row][et_pb_row _builder_version=&#8220;3.0.47&#8243; background_size=&#8220;initial&#8220; background_position=&#8220;top_left&#8220; background_repeat=&#8220;repeat&#8220;][et_pb_column type=&#8220;4_4&#8243;][et_pb_text admin_label=&#8220;POPIS PROJEKCE&#8220; _builder_version=&#8220;3.8&#8243;]<\/p>\n<p>Ein wesentlicher Bestandteil von SMART TECHNIK a.s. ist Engineering-Design-Aktivit\u00e4t, die durch langj\u00e4hrige Erfahrung von Mitarbeitern des Unternehmens aus dem Umfeld der Konstruktion, Montage und Betrieb von B\u00fchnentechnik und Engineering unterst\u00fctzt wird.<\/p>\n<p>&nbsp;<\/p>\n<p>SMART TECHNIK a.s. Schritt h\u00e4lt mit dem modernen Design-Trend in 3D-INVENTOR-Software und verwendet 2D-Software &#8211; Mechanical Desktop.<\/p>\n<p>Die Verwendung der neuesten Softwareprodukte gew\u00e4hrleistet hohe Produktivit\u00e4t und Qualit\u00e4t der Arbeit, die die F\u00e4higkeit eines Unternehmens widerspiegelt, schnell auf Kundenanforderungen zu reagieren, sowohl bei der Konstruktion des erforderlichen Ger\u00e4ts selbst als auch bei der Notwendigkeit von \u00c4nderungen im bereits konstruierten Design.<\/p>\n<p>&nbsp;<\/p>\n<p>[\/et_pb_text][\/et_pb_column][\/et_pb_row][et_pb_row _builder_version=&#8220;3.0.47&#8243; background_size=&#8220;initial&#8220; background_position=&#8220;top_left&#8220; background_repeat=&#8220;repeat&#8220;][et_pb_column type=&#8220;1_2&#8243;][et_pb_text admin_label=&#8220;P\u0158EHLED REFERENC\u00cd&#8220; _builder_version=&#8220;3.9&#8243;]<\/p>\n<p><strong>Eine \u00dcbersicht der wichtigsten Design-Referenzen:<\/strong><\/p>\n<ul>\n<li style=\"font-weight: 400;\"><a href=\"\/?page_id=1430#bosch\" target=\"_blank\" rel=\"noopener\"><span style=\"font-weight: 400;\">Projekt Bosch Rexroth, spol. s r.o. <\/span><\/a><\/li>\n<li style=\"font-weight: 400;\"><a href=\"\/?page_id=1430#narodnidivadlo\" target=\"_blank\" rel=\"noopener\"><span style=\"font-weight: 400;\">Projekt Fertigstellung des neuen Geb\u00e4udes von SND, Rekonstruktion der oberen und unteren Sph\u00e4re der B\u00fchnentechnik.<\/span><\/a><\/li>\n<li style=\"font-weight: 400;\"><a href=\"\/?page_id=1430#kolejistetramvajipraha\" target=\"_blank\" rel=\"noopener\"><span style=\"font-weight: 400;\">Projekt Rekonstruktion von B\u00fchnenb\u00e4nken der unteren Sph\u00e4re der B\u00fchnentechnik.<\/span><\/a><\/li>\n<li style=\"font-weight: 400;\"><a href=\"\/?page_id=1430#autodrom\" target=\"_blank\" rel=\"noopener\"><span style=\"font-weight: 400;\"><span id=\"result_box\" class=\"short_text\" lang=\"de\" tabindex=\"-1\"><span class=\"\">Projekt der Lieferung und Installation eines kompletten Autodroms<\/span><\/span>.<\/span><\/a><\/li>\n<li style=\"font-weight: 400;\"><a href=\"\/?page_id=1430#ruskekolo\" target=\"_blank\" rel=\"noopener\"><span style=\"font-weight: 400;\">Projekt Russisches Fahrrad &#8211; 45 m<\/span><\/a><\/li>\n<li style=\"font-weight: 400;\"><a href=\"\/?page_id=1430\">Neuer Elefant ZOO Prag. Lieferung und Installation von hydraulischen Antrieben der T\u00fcr des Elefanten.<\/a><\/li>\n<li style=\"font-weight: 400;\"><a href=\"\/?page_id=1430\"><span style=\"font-weight: 400;\">Projekt Lieferung und Installation von Unterausstattungen der unteren Sph\u00e4re der B\u00fchnentechnik.<\/span><\/a><\/li>\n<li style=\"font-weight: 400;\"><a href=\"\/?page_id=1430#filharmonierzeszow\"><span style=\"font-weight: 400;\">Projekt Lieferung und Installation von Orchestertischen und B\u00fchnenb\u00fchnen der B\u00fchnentechnik\u00a0Rzesz\u00f3w Philharmonie .<\/span><\/a><\/li>\n<li style=\"font-weight: 400;\"><a href=\"\/?page_id=1430#skodaauto\" target=\"_blank\" rel=\"noopener\"><span style=\"font-weight: 400;\">Projekt Lieferung und Installation der automatischen Getriebeanordnung. \u0160KODA AUTO a.s.<\/span><\/a><\/li>\n<\/ul>\n<p>[\/et_pb_text][\/et_pb_column][et_pb_column type=&#8220;1_2&#8243;][et_pb_text admin_label=&#8220;POPIS V\u00ddZKUMU A V\u00ddVOJE&#8220; _builder_version=&#8220;3.8&#8243;]<\/p>\n<p><strong>Forschung und Entwicklung:<\/strong><\/p>\n<p><span style=\"font-weight: 400;\">Im Bereich Forschung und Entwicklung SMART TECHNIK a.s. in Zusammenarbeit mit der <\/span><a href=\"http:\/\/www.akademieops.cz\/\"><span style=\"font-weight: 400;\">AKADEMIE o.p.s.\u00a0<\/span><\/a>und mit dem Beitrag des F\u00f6rderprogramms des Ministeriums f\u00fcr Handel und Industrie entwickelten zwei Prototypen von Antrieben f\u00fcr den oberen Bereich der B\u00fchnentechnik.<\/p>\n<p>Dies ist ein Punktantrieb und ein Schwungradantrieb, beide Antriebe zeichnen sich durch ihre urspr\u00fcngliche Konstruktion und Betriebssicherheit aus und sind durch ein Gebrauchsmuster gesch\u00fctzt.<\/p>\n<p><span style=\"font-weight: 400;\">\u00a0\u00a0\u00a0<\/span><b><br \/>\n<\/b><\/p>\n<p>[\/et_pb_text][\/et_pb_column][\/et_pb_row][\/et_pb_section][et_pb_section bb_built=&#8220;1&#8243; _builder_version=&#8220;3.9&#8243; prev_background_color=&#8220;#000000&#8243; next_background_color=&#8220;#000000&#8243; module_id=&#8220;produkte&#8220;][et_pb_row _builder_version=&#8220;3.8&#8243; module_id=&#8220;produkty&#8220;][et_pb_column type=&#8220;4_4&#8243;][et_pb_text admin_label=&#8220;PRODUKTY&#8220; _builder_version=&#8220;3.9&#8243;]<\/p>\n<h2 style=\"text-align: center;\"><strong><span style=\"color: #303b5e;\">PRODUKTE<\/span><\/strong><\/h2>\n<p>[\/et_pb_text][et_pb_divider admin_label=&#8220;LI\u0160TA&#8220; _builder_version=&#8220;3.8&#8243; \/][\/et_pb_column][\/et_pb_row][et_pb_row _builder_version=&#8220;3.0.47&#8243; background_size=&#8220;initial&#8220; background_position=&#8220;top_left&#8220; background_repeat=&#8220;repeat&#8220;][et_pb_column type=&#8220;1_2&#8243;][et_pb_text admin_label=&#8220;Prost\u0159edky lidov\u00e9 z\u00e1bavy&#8220; _builder_version=&#8220;3.8&#8243;]<\/p>\n<h3>Volksunterhaltung::<\/h3>\n<p><span style=\"font-weight: 400;\">Sie sind immer Original-Sonderanfertigungen<\/span><\/p>\n<p><b>Russisches Fahrrad &#8211; 45 m:<\/b><\/p>\n<ul>\n<li style=\"font-weight: 400;\"><span style=\"font-weight: 400;\">Anzahl der Transportgondeln: 36<\/span><\/li>\n<li style=\"font-weight: 400;\">Kapazit\u00e4t einer Gondel: 6 Personen<\/li>\n<li style=\"font-weight: 400;\"><span style=\"font-weight: 400;\">Rotationsgeschwindigkeit max: 0,66 U \/ min<\/span><\/li>\n<li style=\"font-weight: 400;\"><span style=\"font-weight: 400;\">Grundma\u00dfe: 24 x 22 m<\/span><\/li>\n<li style=\"font-weight: 400;\"><span style=\"font-weight: 400;\">Fl\u00fcgeldurchmesser: 40,8 m<\/span><\/li>\n<\/ul>\n<p>[\/et_pb_text][et_pb_text admin_label=&#8220;Stroj\u00edrenstv\u00ed&#8220; _builder_version=&#8220;3.8&#8243;]<\/p>\n<h3>Maschinenbau:<\/h3>\n<p><span style=\"font-weight: 400;\">Aus den von uns hergestellten technischen Produkten k\u00f6nnen wir nennen:<\/span><\/p>\n<ul>\n<li>Automatische Produktionsmittel<\/li>\n<li>Antriebseinheiten<\/li>\n<li>Hebeb\u00fchnen<\/li>\n<li>Maschinen f\u00fcr industrielle und landwirtschaftliche Betriebe<\/li>\n<li>Edelstahlstrukturen und \u2013komponenten<\/li>\n<\/ul>\n<p>[\/et_pb_text][et_pb_text admin_label=&#8220;Ocelov\u00e9 konstrukce&#8220; _builder_version=&#8220;3.8&#8243;]<\/p>\n<h3>Stahlkonstruktionen:<\/h3>\n<p><span style=\"font-weight: 400;\">Unsere Firma ist in der Lage, ma\u00dfgeschneiderte Stahlkonstruktionen, wie Stahlhallen, Autodrome, etc..<\/span><\/p>\n<p>[\/et_pb_text][\/et_pb_column][et_pb_column type=&#8220;1_2&#8243;][et_pb_text admin_label=&#8220;Divadeln\u00ed technologie&#8220; _builder_version=&#8220;3.8&#8243;]<\/p>\n<h3>Theater Technologie:<\/h3>\n<p><b>Obere Sph\u00e4re der B\u00fchnenmaschinerie:<\/b><\/p>\n<ul>\n<li style=\"font-weight: 400;\"><span style=\"font-weight: 400;\">Das Seil<\/span><\/li>\n<li style=\"font-weight: 400;\"><span style=\"font-weight: 400;\">Technologischer Steg<\/span><\/li>\n<li style=\"font-weight: 400;\"><span style=\"font-weight: 400;\">Gegenst\u00fccke<\/span><\/li>\n<li style=\"font-weight: 400;\"><span style=\"font-weight: 400;\">Portal T\u00fcrme<\/span><\/li>\n<li style=\"font-weight: 400;\"><span style=\"font-weight: 400;\">Akustikdecken<\/span><\/li>\n<li style=\"font-weight: 400;\"><span style=\"font-weight: 400;\">Starre Projektionsschirme und Hebe<\/span><\/li>\n<li style=\"font-weight: 400;\"><span style=\"font-weight: 400;\">Manuell und motorisch angehobene und verteilte Theatervorh\u00e4nge<\/span><\/li>\n<li style=\"font-weight: 400;\"><span style=\"font-weight: 400;\">Manuelle und motorisierte B\u00fchne bewegt<\/span><\/li>\n<li style=\"font-weight: 400;\"><span style=\"font-weight: 400;\">Beleuchtung von Batterien<\/span><\/li>\n<li style=\"font-weight: 400;\"><span style=\"font-weight: 400;\">Feuer Vorhang<\/span><\/li>\n<li style=\"font-weight: 400;\"><span style=\"font-weight: 400;\">Sonstiges Zubeh\u00f6r der oberen Sph\u00e4re der Theatertechnik<\/span><\/li>\n<\/ul>\n<p><b>Unterer Bereich der B\u00fchnentechnik:<\/b><\/p>\n<ul>\n<li style=\"font-weight: 400;\"><span style=\"font-weight: 400;\">Tabellen von Orchestern<\/span><\/li>\n<li style=\"font-weight: 400;\"><span style=\"font-weight: 400;\">Erh\u00f6hte B\u00fchnentische<\/span><\/li>\n<li style=\"font-weight: 400;\"><span style=\"font-weight: 400;\">Drehb\u00fchne stabil<\/span><\/li>\n<li style=\"font-weight: 400;\"><span style=\"font-weight: 400;\">B\u00fchnendrehscheiben<\/span><\/li>\n<li style=\"font-weight: 400;\"><span style=\"font-weight: 400;\">Die B\u00fchne ist gefallen<\/span><\/li>\n<li style=\"font-weight: 400;\"><span style=\"font-weight: 400;\">Bestandsverwaltung<\/span><\/li>\n<\/ul>\n<p><b>Szenische Beleuchtung:<\/b><\/p>\n<p><span style=\"font-weight: 400;\">Szenische Beleuchtung kontrahierte in Zusammenarbeit mit namhaften Unternehmen zu bieten.<\/span><\/p>\n<p><b>Elektroakustik:<\/b><\/p>\n<p><span style=\"font-weight: 400;\">Die Ausr\u00fcstung f\u00fcr elektro szenische in Zusammenarbeit mit namhaften Unternehmen zu schaffen.<\/span><\/p>\n<p><b>Kontrollsysteme:<\/b><\/p>\n<p><span style=\"font-weight: 400;\">Kontrollsysteme f\u00fcr szenische Ausr\u00fcstung werden in Zusammenarbeit mit namhaften Unternehmen untervergeben<\/span><\/p>\n<p>&nbsp;<\/p>\n<p>[\/et_pb_text][\/et_pb_column][\/et_pb_row][\/et_pb_section][et_pb_section bb_built=&#8220;1&#8243; _builder_version=&#8220;3.9&#8243; prev_background_color=&#8220;#000000&#8243; module_id=&#8220;dienstleistungen&#8220;][et_pb_row _builder_version=&#8220;3.8&#8243; background_size=&#8220;initial&#8220; background_position=&#8220;top_left&#8220; background_repeat=&#8220;repeat&#8220; module_id=&#8220;sluzby&#8220;][et_pb_column type=&#8220;4_4&#8243;][et_pb_text admin_label=&#8220;SLU\u017dBY&#8220; _builder_version=&#8220;3.9&#8243;]<\/p>\n<h2 style=\"text-align: center;\"><strong><span style=\"color: #303b5e;\">DIENSTLEISTUNGEN<\/span><\/strong><\/h2>\n<p>[\/et_pb_text][et_pb_divider admin_label=&#8220;LI\u0160TA&#8220; _builder_version=&#8220;3.8&#8243; \/][\/et_pb_column][\/et_pb_row][et_pb_row][et_pb_column type=&#8220;4_4&#8243;][et_pb_text admin_label=&#8220;POPIS SLU\u017dBY&#8220; _builder_version=&#8220;3.8&#8243;]<\/p>\n<p>Unser Unternehmen zeichnet sich durch schl\u00fcsselfertige L\u00f6sungen aus.<\/p>\n<p>&nbsp;<\/p>\n<p>Wir werden Ihre Pl\u00e4ne auf Papier bringen, in Produktion bringen und sie dann mit Revision, Training und Service an Sie weitergeben<\/p>\n<p>&nbsp;<\/p>\n<p>Was wir alles innerhalb unserer Dienstleistungen tun:<\/p>\n<p>[\/et_pb_text][\/et_pb_column][\/et_pb_row][et_pb_row _builder_version=&#8220;3.0.47&#8243; background_size=&#8220;initial&#8220; background_position=&#8220;top_left&#8220; background_repeat=&#8220;repeat&#8220;][et_pb_column type=&#8220;1_4&#8243;][et_pb_image src=&#8220;http:\/\/smarttechnik.cz\/app\/uploads\/2018\/05\/zp.jpg&#8220; _builder_version=&#8220;3.1.1&#8243;]<\/p>\n<p>.<\/p>\n<p>[\/et_pb_image][et_pb_text _builder_version=&#8220;3.1.1&#8243;]<\/p>\n<h3 style=\"text-align: center;\">Bearbeitung von technischen L\u00f6sungen und Studie<\/h3>\n<p>[\/et_pb_text][\/et_pb_column][et_pb_column type=&#8220;1_4&#8243;][et_pb_image src=&#8220;http:\/\/smarttechnik.cz\/app\/uploads\/2018\/05\/obr22.jpg&#8220; _builder_version=&#8220;3.1.1&#8243;]<\/p>\n<p>.<\/p>\n<p>[\/et_pb_image][et_pb_text _builder_version=&#8220;3.1.1&#8243;]<\/p>\n<h3 style=\"text-align: center;\">Projektdokumentation<\/h3>\n<p>[\/et_pb_text][\/et_pb_column][et_pb_column type=&#8220;1_4&#8243;][et_pb_image src=&#8220;http:\/\/smarttechnik.cz\/app\/uploads\/2018\/05\/obr23.jpg&#8220; _builder_version=&#8220;3.1.1&#8243;]<\/p>\n<p>.<\/p>\n<p>[\/et_pb_image][et_pb_text _builder_version=&#8220;3.9&#8243;]<\/p>\n<h3 style=\"text-align: center;\">Produktionsdokumentation<\/h3>\n<p>[\/et_pb_text][\/et_pb_column][et_pb_column type=&#8220;1_4&#8243;][et_pb_image src=&#8220;http:\/\/smarttechnik.cz\/app\/uploads\/2018\/05\/obr24.jpg&#8220; _builder_version=&#8220;3.1.1&#8243;]<\/p>\n<p>.<\/p>\n<p>[\/et_pb_image][et_pb_text _builder_version=&#8220;3.9&#8243;]<\/p>\n<h3 style=\"text-align: center;\">Produktion<\/h3>\n<p>[\/et_pb_text][\/et_pb_column][\/et_pb_row][et_pb_row _builder_version=&#8220;3.0.47&#8243; background_size=&#8220;initial&#8220; background_position=&#8220;top_left&#8220; background_repeat=&#8220;repeat&#8220;][et_pb_column type=&#8220;1_4&#8243;][et_pb_image src=&#8220;http:\/\/smarttechnik.cz\/app\/uploads\/2018\/05\/obr25.jpg&#8220; _builder_version=&#8220;3.1.1&#8243;]<\/p>\n<p>.<\/p>\n<p>[\/et_pb_image][et_pb_text _builder_version=&#8220;3.9&#8243;]<\/p>\n<h3 style=\"text-align: center;\">Montage<\/h3>\n<p>[\/et_pb_text][\/et_pb_column][et_pb_column type=&#8220;1_4&#8243;][et_pb_image src=&#8220;http:\/\/smarttechnik.cz\/app\/uploads\/2018\/05\/obr26.jpg&#8220; _builder_version=&#8220;3.1.1&#8243;]<\/p>\n<p>.<\/p>\n<p>[\/et_pb_image][et_pb_text _builder_version=&#8220;3.9&#8243;]<\/p>\n<h3 style=\"text-align: center;\">Revisionen (Kr\u00e4ne, Plattformen, B\u00fchnentechnik)<\/h3>\n<p>[\/et_pb_text][\/et_pb_column][et_pb_column type=&#8220;1_4&#8243;][et_pb_image src=&#8220;http:\/\/smarttechnik.cz\/app\/uploads\/2018\/05\/obr27.jpg&#8220; _builder_version=&#8220;3.1.1&#8243;]<\/p>\n<p>.<\/p>\n<p>[\/et_pb_image][et_pb_text _builder_version=&#8220;3.9&#8243;]<\/p>\n<h3 style=\"text-align: center;\">Schulung des Betreibers<\/h3>\n<p>[\/et_pb_text][\/et_pb_column][et_pb_column type=&#8220;1_4&#8243;][et_pb_image src=&#8220;http:\/\/smarttechnik.cz\/app\/uploads\/2018\/05\/obr28.jpg&#8220; _builder_version=&#8220;3.1.1&#8243;]<\/p>\n<p>.<\/p>\n<p>[\/et_pb_image][et_pb_text _builder_version=&#8220;3.9&#8243;]<\/p>\n<h3 style=\"text-align: center;\">Garantie- und Nachgarantieservice<\/h3>\n<p>[\/et_pb_text][\/et_pb_column][\/et_pb_row][\/et_pb_section]<\/p>\n","protected":false},"excerpt":{"rendered":"<p>PROJEKTION Ein wesentlicher Bestandteil von SMART TECHNIK a.s. ist Engineering-Design-Aktivit\u00e4t, die durch langj\u00e4hrige Erfahrung von Mitarbeitern des Unternehmens aus dem Umfeld der Konstruktion, Montage und Betrieb von B\u00fchnentechnik und Engineering unterst\u00fctzt wird. &nbsp; SMART TECHNIK a.s. Schritt h\u00e4lt mit dem modernen Design-Trend in 3D-INVENTOR-Software und verwendet 2D-Software &#8211; Mechanical Desktop. Die Verwendung der neuesten Softwareprodukte [&hellip;]<\/p>\n","protected":false},"author":6,"featured_media":0,"parent":0,"menu_order":0,"comment_status":"closed","ping_status":"closed","template":"","meta":{"_et_pb_use_builder":"on","_et_pb_old_content":"","_et_gb_content_width":"","footnotes":""},"class_list":["post-1667","page","type-page","status-publish","hentry"],"yoast_head":"<!-- This site is optimized with the Yoast SEO plugin v26.2 - https:\/\/yoast.com\/wordpress\/plugins\/seo\/ -->\n<title>Was wir wissen - SMART TECHNIK a.s. Auflistung der Unternehmensaktivit\u00e4ten<\/title>\n<meta name=\"description\" content=\"Auflistung von Smart Technik a.s. Wir produzieren technische Produkte, Kreisverkehre, Attraktionen, Theatertechnologien sowie Produkte von milit\u00e4rischem Charakter.\" \/>\n<meta name=\"robots\" content=\"index, follow, max-snippet:-1, max-image-preview:large, max-video-preview:-1\" \/>\n<link rel=\"canonical\" href=\"https:\/\/smarttechnik.cz\/de\/co-umime\/\" \/>\n<meta property=\"og:locale\" content=\"de_DE\" \/>\n<meta property=\"og:type\" content=\"article\" \/>\n<meta property=\"og:title\" content=\"Was wir wissen - SMART TECHNIK a.s. Auflistung der Unternehmensaktivit\u00e4ten\" \/>\n<meta property=\"og:description\" content=\"Auflistung von Smart Technik a.s. Wir produzieren technische Produkte, Kreisverkehre, Attraktionen, Theatertechnologien sowie Produkte von milit\u00e4rischem Charakter.\" \/>\n<meta property=\"og:url\" content=\"https:\/\/smarttechnik.cz\/de\/co-umime\/\" \/>\n<meta property=\"og:site_name\" content=\"SMART TECHNIK a.s.\" \/>\n<meta property=\"article:modified_time\" content=\"2018-08-14T20:24:44+00:00\" \/>\n<meta name=\"twitter:card\" content=\"summary_large_image\" \/>\n<meta name=\"twitter:label1\" content=\"Gesch\u00e4tzte Lesezeit\" \/>\n\t<meta name=\"twitter:data1\" content=\"6\u00a0Minuten\" \/>\n<script type=\"application\/ld+json\" class=\"yoast-schema-graph\">{\"@context\":\"https:\/\/schema.org\",\"@graph\":[{\"@type\":\"WebPage\",\"@id\":\"https:\/\/smarttechnik.cz\/de\/co-umime\/\",\"url\":\"https:\/\/smarttechnik.cz\/de\/co-umime\/\",\"name\":\"Was wir wissen - SMART TECHNIK a.s. Auflistung der Unternehmensaktivit\u00e4ten\",\"isPartOf\":{\"@id\":\"https:\/\/smarttechnik.cz\/#website\"},\"datePublished\":\"2018-02-27T13:27:52+00:00\",\"dateModified\":\"2018-08-14T20:24:44+00:00\",\"description\":\"Auflistung von Smart Technik a.s. Wir produzieren technische Produkte, Kreisverkehre, Attraktionen, Theatertechnologien sowie Produkte von milit\u00e4rischem Charakter.\",\"breadcrumb\":{\"@id\":\"https:\/\/smarttechnik.cz\/de\/co-umime\/#breadcrumb\"},\"inLanguage\":\"de\",\"potentialAction\":[{\"@type\":\"ReadAction\",\"target\":[\"https:\/\/smarttechnik.cz\/de\/co-umime\/\"]}]},{\"@type\":\"BreadcrumbList\",\"@id\":\"https:\/\/smarttechnik.cz\/de\/co-umime\/#breadcrumb\",\"itemListElement\":[{\"@type\":\"ListItem\",\"position\":1,\"name\":\"Dom\u016f\",\"item\":\"https:\/\/smarttechnik.cz\/de\/o-nas\/\"},{\"@type\":\"ListItem\",\"position\":2,\"name\":\"Was wir wissen\"}]},{\"@type\":\"WebSite\",\"@id\":\"https:\/\/smarttechnik.cz\/#website\",\"url\":\"https:\/\/smarttechnik.cz\/\",\"name\":\"SMART TECHNIK a.s.\",\"description\":\"We perform engineering, theater, attractions and special applications.\",\"potentialAction\":[{\"@type\":\"SearchAction\",\"target\":{\"@type\":\"EntryPoint\",\"urlTemplate\":\"https:\/\/smarttechnik.cz\/?s={search_term_string}\"},\"query-input\":{\"@type\":\"PropertyValueSpecification\",\"valueRequired\":true,\"valueName\":\"search_term_string\"}}],\"inLanguage\":\"de\"}]}<\/script>\n<!-- \/ Yoast SEO plugin. -->","yoast_head_json":{"title":"Was wir wissen - SMART TECHNIK a.s. Auflistung der Unternehmensaktivit\u00e4ten","description":"Auflistung von Smart Technik a.s. Wir produzieren technische Produkte, Kreisverkehre, Attraktionen, Theatertechnologien sowie Produkte von milit\u00e4rischem Charakter.","robots":{"index":"index","follow":"follow","max-snippet":"max-snippet:-1","max-image-preview":"max-image-preview:large","max-video-preview":"max-video-preview:-1"},"canonical":"https:\/\/smarttechnik.cz\/de\/co-umime\/","og_locale":"de_DE","og_type":"article","og_title":"Was wir wissen - SMART TECHNIK a.s. Auflistung der Unternehmensaktivit\u00e4ten","og_description":"Auflistung von Smart Technik a.s. Wir produzieren technische Produkte, Kreisverkehre, Attraktionen, Theatertechnologien sowie Produkte von milit\u00e4rischem Charakter.","og_url":"https:\/\/smarttechnik.cz\/de\/co-umime\/","og_site_name":"SMART TECHNIK a.s.","article_modified_time":"2018-08-14T20:24:44+00:00","twitter_card":"summary_large_image","twitter_misc":{"Gesch\u00e4tzte Lesezeit":"6\u00a0Minuten"},"schema":{"@context":"https:\/\/schema.org","@graph":[{"@type":"WebPage","@id":"https:\/\/smarttechnik.cz\/de\/co-umime\/","url":"https:\/\/smarttechnik.cz\/de\/co-umime\/","name":"Was wir wissen - SMART TECHNIK a.s. Auflistung der Unternehmensaktivit\u00e4ten","isPartOf":{"@id":"https:\/\/smarttechnik.cz\/#website"},"datePublished":"2018-02-27T13:27:52+00:00","dateModified":"2018-08-14T20:24:44+00:00","description":"Auflistung von Smart Technik a.s. Wir produzieren technische Produkte, Kreisverkehre, Attraktionen, Theatertechnologien sowie Produkte von milit\u00e4rischem Charakter.","breadcrumb":{"@id":"https:\/\/smarttechnik.cz\/de\/co-umime\/#breadcrumb"},"inLanguage":"de","potentialAction":[{"@type":"ReadAction","target":["https:\/\/smarttechnik.cz\/de\/co-umime\/"]}]},{"@type":"BreadcrumbList","@id":"https:\/\/smarttechnik.cz\/de\/co-umime\/#breadcrumb","itemListElement":[{"@type":"ListItem","position":1,"name":"Dom\u016f","item":"https:\/\/smarttechnik.cz\/de\/o-nas\/"},{"@type":"ListItem","position":2,"name":"Was wir wissen"}]},{"@type":"WebSite","@id":"https:\/\/smarttechnik.cz\/#website","url":"https:\/\/smarttechnik.cz\/","name":"SMART TECHNIK a.s.","description":"We perform engineering, theater, attractions and special applications.","potentialAction":[{"@type":"SearchAction","target":{"@type":"EntryPoint","urlTemplate":"https:\/\/smarttechnik.cz\/?s={search_term_string}"},"query-input":{"@type":"PropertyValueSpecification","valueRequired":true,"valueName":"search_term_string"}}],"inLanguage":"de"}]}},"_links":{"self":[{"href":"https:\/\/smarttechnik.cz\/de\/wp-json\/wp\/v2\/pages\/1667","targetHints":{"allow":["GET"]}}],"collection":[{"href":"https:\/\/smarttechnik.cz\/de\/wp-json\/wp\/v2\/pages"}],"about":[{"href":"https:\/\/smarttechnik.cz\/de\/wp-json\/wp\/v2\/types\/page"}],"author":[{"embeddable":true,"href":"https:\/\/smarttechnik.cz\/de\/wp-json\/wp\/v2\/users\/6"}],"replies":[{"embeddable":true,"href":"https:\/\/smarttechnik.cz\/de\/wp-json\/wp\/v2\/comments?post=1667"}],"version-history":[{"count":25,"href":"https:\/\/smarttechnik.cz\/de\/wp-json\/wp\/v2\/pages\/1667\/revisions"}],"predecessor-version":[{"id":1697,"href":"https:\/\/smarttechnik.cz\/de\/wp-json\/wp\/v2\/pages\/1667\/revisions\/1697"}],"wp:attachment":[{"href":"https:\/\/smarttechnik.cz\/de\/wp-json\/wp\/v2\/media?parent=1667"}],"curies":[{"name":"wp","href":"https:\/\/api.w.org\/{rel}","templated":true}]}}