{"id":1413,"date":"2018-02-27T13:23:40","date_gmt":"2018-02-27T13:23:40","guid":{"rendered":"https:\/\/smarttechnik.cz\/certifikaty\/"},"modified":"2025-06-26T20:59:51","modified_gmt":"2025-06-26T20:59:51","slug":"certifikaty","status":"publish","type":"page","link":"https:\/\/smarttechnik.cz\/de\/certifikaty\/","title":{"rendered":"Zertifikate"},"content":{"rendered":"<p>[et_pb_section fb_built=&#8220;1&#8243; _builder_version=&#8220;4.16&#8243; global_colors_info=&#8220;{}&#8220;][et_pb_row _builder_version=&#8220;4.16&#8243; background_size=&#8220;initial&#8220; background_position=&#8220;top_left&#8220; background_repeat=&#8220;repeat&#8220; global_colors_info=&#8220;{}&#8220;][et_pb_column type=&#8220;4_4&#8243; _builder_version=&#8220;4.16&#8243; custom_padding=&#8220;|||&#8220; global_colors_info=&#8220;{}&#8220; custom_padding__hover=&#8220;|||&#8220;][et_pb_text admin_label=&#8220;POPIS&#8220; _builder_version=&#8220;4.16&#8243; global_colors_info=&#8220;{}&#8220;]<\/p>\n<p>Voraussetzung f\u00fcr die Erbringung qualifizierter Dienstleistungen f\u00fcr Kunden und Partner von SMART TECHNIK a.s. Ist die Erh\u00f6hung unserer fachlichen Kompetenz, die durch die erteilten Zertifikate und Berechtigungen best\u00e4tigt wird:<\/p>\n<p>&nbsp;<\/p>\n<p>[\/et_pb_text][\/et_pb_column][\/et_pb_row][et_pb_row column_structure=&#8220;1_3,1_3,1_3&#8243; _builder_version=&#8220;4.16&#8243; background_size=&#8220;initial&#8220; background_position=&#8220;top_left&#8220; background_repeat=&#8220;repeat&#8220; global_colors_info=&#8220;{}&#8220;][et_pb_column type=&#8220;1_3&#8243; _builder_version=&#8220;4.16&#8243; custom_padding=&#8220;|||&#8220; global_colors_info=&#8220;{}&#8220; custom_padding__hover=&#8220;|||&#8220;][et_pb_image src=&#8220;http:\/\/smarttechnik.cz\/app\/uploads\/2025\/06\/Certifikat-pro-proces-svarovani-NJ_platnost-do-1.4.2027_page-0001-212&#215;300.jpg&#8220; title_text=&#8220;Certifik\u00e1t pro proces sva\u0159ov\u00e1n\u00ed NJ_platnost do 1.4.2027&#8243; url=&#8220;http:\/\/smarttechnik.cz\/app\/uploads\/2025\/06\/Certifikat-pro-proces-svarovani-NJ_platnost-do-1.4.2027.pdf&#8220; url_new_window=&#8220;on&#8220; align=&#8220;center&#8220; _builder_version=&#8220;4.22.1&#8243; _module_preset=&#8220;default&#8220; hover_enabled=&#8220;0&#8243; global_colors_info=&#8220;{}&#8220; alt=&#8220;Certifik\u00e1t pro proces sva\u0159ov\u00e1n\u00ed NJ_platnost do 1.4.2027&#8243; sticky_enabled=&#8220;0&#8243;]<br \/>\n[\/et_pb_image][\/et_pb_column][et_pb_column type=&#8220;1_3&#8243; _builder_version=&#8220;4.16&#8243; custom_padding=&#8220;|||&#8220; global_colors_info=&#8220;{}&#8220; custom_padding__hover=&#8220;|||&#8220;][et_pb_image src=&#8220;http:\/\/smarttechnik.cz\/app\/uploads\/2025\/06\/Certifikat-zpusobilosti-vyrobce-NJ_platnost-do-1.4.2026_page-0001-212&#215;300.jpg&#8220; title_text=&#8220;Certifik\u00e1t zp\u016fsobilosti v\u00fdrobce  NJ_platnost do 1.4.2026&#8243; url=&#8220;http:\/\/smarttechnik.cz\/app\/uploads\/2025\/06\/Certifikat-zpusobilosti-vyrobce-NJ_platnost-do-1.4.2026.pdf&#8220; url_new_window=&#8220;on&#8220; align=&#8220;center&#8220; _builder_version=&#8220;4.22.1&#8243; _module_preset=&#8220;default&#8220; hover_enabled=&#8220;0&#8243; global_colors_info=&#8220;{}&#8220; alt=&#8220;Certifik\u00e1t zp\u016fsobilosti v\u00fdrobce  NJ_platnost do 1.4.2026&#8243; sticky_enabled=&#8220;0&#8243;]<br \/>\n[\/et_pb_image][\/et_pb_column][et_pb_column type=&#8220;1_3&#8243; _builder_version=&#8220;4.16&#8243; custom_padding=&#8220;|||&#8220; global_colors_info=&#8220;{}&#8220; custom_padding__hover=&#8220;|||&#8220;][et_pb_image src=&#8220;http:\/\/smarttechnik.cz\/app\/uploads\/2025\/06\/ISO-9001-NJ_platnost-do-24.3.2028_page-0001-212&#215;300.jpg&#8220; title_text=&#8220;ISO 9001 NJ_platnost do 24.3.2028&#8243; url=&#8220;http:\/\/smarttechnik.cz\/app\/uploads\/2025\/06\/ISO-9001-NJ_platnost-do-24.3.2028.pdf&#8220; url_new_window=&#8220;on&#8220; align=&#8220;center&#8220; _builder_version=&#8220;4.22.1&#8243; _module_preset=&#8220;default&#8220; hover_enabled=&#8220;0&#8243; global_colors_info=&#8220;{}&#8220; alt=&#8220;ISO 9001 NJ_platnost do 24.3.2028&#8243; sticky_enabled=&#8220;0&#8243;][\/et_pb_image][\/et_pb_column][\/et_pb_row][et_pb_row _builder_version=&#8220;4.16&#8243; background_size=&#8220;initial&#8220; background_position=&#8220;top_left&#8220; background_repeat=&#8220;repeat&#8220; global_colors_info=&#8220;{}&#8220;][et_pb_column type=&#8220;4_4&#8243; _builder_version=&#8220;4.16&#8243; custom_padding=&#8220;|||&#8220; global_colors_info=&#8220;{}&#8220; custom_padding__hover=&#8220;|||&#8220;][et_pb_text admin_label=&#8220;POPIS&#8220; _builder_version=&#8220;4.16&#8243; global_colors_info=&#8220;{}&#8220;]<\/p>\n<p><a href=\"https:\/\/www.nato.int\/cps\/en\/natolive\/index.htm\" target=\"_blank\" rel=\"noopener noreferrer\">NCAGE Code &#8211; (NATO Commercial and Governmental Entity Code) <\/a><\/p>\n<p>Ein Teil der Verm\u00f6genskatalogisierung ist der Prozess der Zuweisung des NCAGE-Katalogisierungscodes gem\u00e4\u00df den Regeln, die gem\u00e4\u00df dem NATO-Kodifizierungssystem festgelegt wurden. Es basiert auf dem Gesetz 309\/2000 Sammlung und Dekret von MO 5\/2001. <a href=\"https:\/\/www.nato.int\/cps\/en\/natolive\/index.htm\" target=\"_blank\" rel=\"noopener noreferrer\">NCAGE\u00a0<\/a>ist ein f\u00fcnfstelliger alphanumerischer Code, mit dem der Hersteller oder Lieferant eines Produkts (Dienstleistung) f\u00fcr in- und ausl\u00e4ndische Kunden bezeichnet wird, der so genannte NATO Business and Government Code. Unter diesem Code finden Sie alle Daten, die in der Organisation bekannt sind, n\u00e4mlich Name, Adresse, Identifikationsnummer, \u00dcbersicht der wirtschaftlichen Aktivit\u00e4ten, Telefon, Fax, E-Mail und www-Seiten. Es besteht aus drei alphabetischen oder numerischen Zeichen oder einer Kombination aus ihnen. Die restlichen zwei Zeichen dienen als Suffix und Pr\u00e4fix, sind von der NAMSA (NATO Maintenance and Supply Agency) benannt und verbindlich. F\u00fcr die Tschechische Republik lautet das Suffix G und die Struktur des verwendeten Katalogisierungscodes (<a href=\"https:\/\/www.nato.int\/cps\/en\/natolive\/index.htm\" target=\"_blank\" rel=\"noopener noreferrer\">NCAGE)\u00a0<\/a>bestimmt, ob es sich um einen Hersteller, Lieferanten oder Dienstleister handelt.<\/p>\n<ol>\n<li>a) Hersteller xxxxG<\/li>\n<li>b) Lieferant : xxDxG<\/li>\n<li>c) Institutionen, die immateriellen Dienstleistungen : xxSxG<\/li>\n<\/ol>\n<p><a href=\"https:\/\/www.nato.int\/cps\/en\/natolive\/index.htm\" target=\"_blank\" rel=\"noopener noreferrer\">NCAGE<\/a> Der Code, der unserer Firma gegeben wird, ist 1704G<\/p>\n<p>[\/et_pb_text][\/et_pb_column][\/et_pb_row][\/et_pb_section]<\/p>\n","protected":false},"excerpt":{"rendered":"<p>Voraussetzung f\u00fcr die Erbringung qualifizierter Dienstleistungen f\u00fcr Kunden und Partner von SMART TECHNIK a.s. Ist die Erh\u00f6hung unserer fachlichen Kompetenz, die durch die erteilten Zertifikate und Berechtigungen best\u00e4tigt wird: &nbsp; NCAGE Code &#8211; (NATO Commercial and Governmental Entity Code) Ein Teil der Verm\u00f6genskatalogisierung ist der Prozess der Zuweisung des NCAGE-Katalogisierungscodes gem\u00e4\u00df den Regeln, die gem\u00e4\u00df [&hellip;]<\/p>\n","protected":false},"author":6,"featured_media":0,"parent":0,"menu_order":0,"comment_status":"closed","ping_status":"closed","template":"","meta":{"_et_pb_use_builder":"on","_et_pb_old_content":"","_et_gb_content_width":"","footnotes":""},"class_list":["post-1413","page","type-page","status-publish","hentry"],"yoast_head":"<!-- This site is optimized with the Yoast SEO plugin v26.2 - https:\/\/yoast.com\/wordpress\/plugins\/seo\/ -->\n<title>Zertifikate - SMART TECHNIK a.s. Firmenzertifikate<\/title>\n<meta name=\"description\" content=\"Beispiel f\u00fcr Smart Technik Zertifikate. Wir arbeiten f\u00fcr die NATO, nationale Theater, internationale Zirkusse und multinationale Konzerne.\" \/>\n<meta name=\"robots\" content=\"index, follow, max-snippet:-1, max-image-preview:large, max-video-preview:-1\" \/>\n<link rel=\"canonical\" href=\"https:\/\/smarttechnik.cz\/de\/certifikaty\/\" \/>\n<meta property=\"og:locale\" content=\"de_DE\" \/>\n<meta property=\"og:type\" content=\"article\" \/>\n<meta property=\"og:title\" content=\"Zertifikate - SMART TECHNIK a.s. Firmenzertifikate\" \/>\n<meta property=\"og:description\" content=\"Beispiel f\u00fcr Smart Technik Zertifikate. Wir arbeiten f\u00fcr die NATO, nationale Theater, internationale Zirkusse und multinationale Konzerne.\" \/>\n<meta property=\"og:url\" content=\"https:\/\/smarttechnik.cz\/de\/certifikaty\/\" \/>\n<meta property=\"og:site_name\" content=\"SMART TECHNIK a.s.\" \/>\n<meta property=\"article:modified_time\" content=\"2025-06-26T20:59:51+00:00\" \/>\n<meta name=\"twitter:card\" content=\"summary_large_image\" \/>\n<meta name=\"twitter:label1\" content=\"Gesch\u00e4tzte Lesezeit\" \/>\n\t<meta name=\"twitter:data1\" content=\"2\u00a0Minuten\" \/>\n<script type=\"application\/ld+json\" class=\"yoast-schema-graph\">{\"@context\":\"https:\/\/schema.org\",\"@graph\":[{\"@type\":\"WebPage\",\"@id\":\"https:\/\/smarttechnik.cz\/de\/certifikaty\/\",\"url\":\"https:\/\/smarttechnik.cz\/de\/certifikaty\/\",\"name\":\"Zertifikate - SMART TECHNIK a.s. Firmenzertifikate\",\"isPartOf\":{\"@id\":\"https:\/\/smarttechnik.cz\/#website\"},\"datePublished\":\"2018-02-27T13:23:40+00:00\",\"dateModified\":\"2025-06-26T20:59:51+00:00\",\"description\":\"Beispiel f\u00fcr Smart Technik Zertifikate. Wir arbeiten f\u00fcr die NATO, nationale Theater, internationale Zirkusse und multinationale Konzerne.\",\"breadcrumb\":{\"@id\":\"https:\/\/smarttechnik.cz\/de\/certifikaty\/#breadcrumb\"},\"inLanguage\":\"de\",\"potentialAction\":[{\"@type\":\"ReadAction\",\"target\":[\"https:\/\/smarttechnik.cz\/de\/certifikaty\/\"]}]},{\"@type\":\"BreadcrumbList\",\"@id\":\"https:\/\/smarttechnik.cz\/de\/certifikaty\/#breadcrumb\",\"itemListElement\":[{\"@type\":\"ListItem\",\"position\":1,\"name\":\"Dom\u016f\",\"item\":\"https:\/\/smarttechnik.cz\/de\/o-nas\/\"},{\"@type\":\"ListItem\",\"position\":2,\"name\":\"Zertifikate\"}]},{\"@type\":\"WebSite\",\"@id\":\"https:\/\/smarttechnik.cz\/#website\",\"url\":\"https:\/\/smarttechnik.cz\/\",\"name\":\"SMART TECHNIK a.s.\",\"description\":\"We perform engineering, theater, attractions and special applications.\",\"potentialAction\":[{\"@type\":\"SearchAction\",\"target\":{\"@type\":\"EntryPoint\",\"urlTemplate\":\"https:\/\/smarttechnik.cz\/?s={search_term_string}\"},\"query-input\":{\"@type\":\"PropertyValueSpecification\",\"valueRequired\":true,\"valueName\":\"search_term_string\"}}],\"inLanguage\":\"de\"}]}<\/script>\n<!-- \/ Yoast SEO plugin. -->","yoast_head_json":{"title":"Zertifikate - SMART TECHNIK a.s. Firmenzertifikate","description":"Beispiel f\u00fcr Smart Technik Zertifikate. Wir arbeiten f\u00fcr die NATO, nationale Theater, internationale Zirkusse und multinationale Konzerne.","robots":{"index":"index","follow":"follow","max-snippet":"max-snippet:-1","max-image-preview":"max-image-preview:large","max-video-preview":"max-video-preview:-1"},"canonical":"https:\/\/smarttechnik.cz\/de\/certifikaty\/","og_locale":"de_DE","og_type":"article","og_title":"Zertifikate - SMART TECHNIK a.s. Firmenzertifikate","og_description":"Beispiel f\u00fcr Smart Technik Zertifikate. Wir arbeiten f\u00fcr die NATO, nationale Theater, internationale Zirkusse und multinationale Konzerne.","og_url":"https:\/\/smarttechnik.cz\/de\/certifikaty\/","og_site_name":"SMART TECHNIK a.s.","article_modified_time":"2025-06-26T20:59:51+00:00","twitter_card":"summary_large_image","twitter_misc":{"Gesch\u00e4tzte Lesezeit":"2\u00a0Minuten"},"schema":{"@context":"https:\/\/schema.org","@graph":[{"@type":"WebPage","@id":"https:\/\/smarttechnik.cz\/de\/certifikaty\/","url":"https:\/\/smarttechnik.cz\/de\/certifikaty\/","name":"Zertifikate - SMART TECHNIK a.s. Firmenzertifikate","isPartOf":{"@id":"https:\/\/smarttechnik.cz\/#website"},"datePublished":"2018-02-27T13:23:40+00:00","dateModified":"2025-06-26T20:59:51+00:00","description":"Beispiel f\u00fcr Smart Technik Zertifikate. Wir arbeiten f\u00fcr die NATO, nationale Theater, internationale Zirkusse und multinationale Konzerne.","breadcrumb":{"@id":"https:\/\/smarttechnik.cz\/de\/certifikaty\/#breadcrumb"},"inLanguage":"de","potentialAction":[{"@type":"ReadAction","target":["https:\/\/smarttechnik.cz\/de\/certifikaty\/"]}]},{"@type":"BreadcrumbList","@id":"https:\/\/smarttechnik.cz\/de\/certifikaty\/#breadcrumb","itemListElement":[{"@type":"ListItem","position":1,"name":"Dom\u016f","item":"https:\/\/smarttechnik.cz\/de\/o-nas\/"},{"@type":"ListItem","position":2,"name":"Zertifikate"}]},{"@type":"WebSite","@id":"https:\/\/smarttechnik.cz\/#website","url":"https:\/\/smarttechnik.cz\/","name":"SMART TECHNIK a.s.","description":"We perform engineering, theater, attractions and special applications.","potentialAction":[{"@type":"SearchAction","target":{"@type":"EntryPoint","urlTemplate":"https:\/\/smarttechnik.cz\/?s={search_term_string}"},"query-input":{"@type":"PropertyValueSpecification","valueRequired":true,"valueName":"search_term_string"}}],"inLanguage":"de"}]}},"_links":{"self":[{"href":"https:\/\/smarttechnik.cz\/de\/wp-json\/wp\/v2\/pages\/1413","targetHints":{"allow":["GET"]}}],"collection":[{"href":"https:\/\/smarttechnik.cz\/de\/wp-json\/wp\/v2\/pages"}],"about":[{"href":"https:\/\/smarttechnik.cz\/de\/wp-json\/wp\/v2\/types\/page"}],"author":[{"embeddable":true,"href":"https:\/\/smarttechnik.cz\/de\/wp-json\/wp\/v2\/users\/6"}],"replies":[{"embeddable":true,"href":"https:\/\/smarttechnik.cz\/de\/wp-json\/wp\/v2\/comments?post=1413"}],"version-history":[{"count":22,"href":"https:\/\/smarttechnik.cz\/de\/wp-json\/wp\/v2\/pages\/1413\/revisions"}],"predecessor-version":[{"id":2974,"href":"https:\/\/smarttechnik.cz\/de\/wp-json\/wp\/v2\/pages\/1413\/revisions\/2974"}],"wp:attachment":[{"href":"https:\/\/smarttechnik.cz\/de\/wp-json\/wp\/v2\/media?parent=1413"}],"curies":[{"name":"wp","href":"https:\/\/api.w.org\/{rel}","templated":true}]}}