{"id":1394,"date":"2018-02-27T13:23:40","date_gmt":"2018-02-27T13:23:40","guid":{"rendered":"https:\/\/smarttechnik.cz\/o-nas\/"},"modified":"2021-03-04T16:28:18","modified_gmt":"2021-03-04T16:28:18","slug":"o-nas","status":"publish","type":"page","link":"https:\/\/smarttechnik.cz\/de\/","title":{"rendered":"Einleitung"},"content":{"rendered":"<p>[et_pb_section fb_built=&#8220;1&#8243; _builder_version=&#8220;3.22&#8243; custom_padding=&#8220;54px|0px|0|0px|false|false&#8220;][et_pb_row _builder_version=&#8220;3.25&#8243; background_size=&#8220;initial&#8220; background_position=&#8220;top_left&#8220; background_repeat=&#8220;repeat&#8220;][et_pb_column type=&#8220;4_4&#8243; _builder_version=&#8220;3.25&#8243; custom_padding=&#8220;|||&#8220; custom_padding__hover=&#8220;|||&#8220;][et_pb_slider admin_label=&#8220;POSUVN\u00cdK OBR\u00c1ZK\u016e&#8220; _builder_version=&#8220;3.16&#8243; header_level=&#8220;h1&#8243; header_font=&#8220;|700|||||||&#8220; header_text_color=&#8220;#ffffff&#8220; header_font_size=&#8220;50px&#8220; body_font=&#8220;|600|||||||&#8220; body_text_color=&#8220;#ffffff&#8220; body_font_size=&#8220;25px&#8220; auto=&#8220;on&#8220; auto_speed=&#8220;4000&#8243; auto_ignore_hover=&#8220;on&#8220; header_font_size_tablet=&#8220;35px&#8220; header_font_size_phone=&#8220;30px&#8220; header_font_size_last_edited=&#8220;on|desktop&#8220; body_font_size_tablet=&#8220;16px&#8220; body_font_size_phone=&#8220;&#8220; body_font_size_last_edited=&#8220;on|desktop&#8220; header_text_shadow_style=&#8220;preset3&#8243; header_text_shadow_color=&#8220;#000000&#8243; body_text_shadow_style=&#8220;preset3&#8243; body_text_shadow_color=&#8220;#000000&#8243; box_shadow_style=&#8220;preset6&#8243; box_shadow_blur=&#8220;10px&#8220; text_shadow_style=&#8220;preset3&#8243; text_shadow_color=&#8220;#000000&#8243; button_text_size__hover_enabled=&#8220;off&#8220; button_one_text_size__hover_enabled=&#8220;off&#8220; button_two_text_size__hover_enabled=&#8220;off&#8220; button_text_color__hover_enabled=&#8220;off&#8220; button_one_text_color__hover_enabled=&#8220;off&#8220; button_two_text_color__hover_enabled=&#8220;off&#8220; button_border_width__hover_enabled=&#8220;off&#8220; button_one_border_width__hover_enabled=&#8220;off&#8220; button_two_border_width__hover_enabled=&#8220;off&#8220; button_border_color__hover_enabled=&#8220;off&#8220; button_one_border_color__hover_enabled=&#8220;off&#8220; button_two_border_color__hover_enabled=&#8220;off&#8220; button_border_radius__hover_enabled=&#8220;off&#8220; button_one_border_radius__hover_enabled=&#8220;off&#8220; button_two_border_radius__hover_enabled=&#8220;off&#8220; button_letter_spacing__hover_enabled=&#8220;off&#8220; button_one_letter_spacing__hover_enabled=&#8220;off&#8220; button_two_letter_spacing__hover_enabled=&#8220;off&#8220; button_bg_color__hover_enabled=&#8220;off&#8220; button_one_bg_color__hover_enabled=&#8220;off&#8220; button_two_bg_color__hover_enabled=&#8220;off&#8220;][et_pb_slide heading=&#8220;SMART TECHNIK a.s.&#8220; use_bg_overlay=&#8220;off&#8220; use_text_overlay=&#8220;off&#8220; admin_title=&#8220;DIVADLO&#8220; _builder_version=&#8220;3.16&#8243; background_image=&#8220;https:\/\/smarttechnik.cz\/app\/uploads\/2018\/04\/DSC_0132.jpg&#8220; button_on_hover=&#8220;on&#8220; button_text_size__hover_enabled=&#8220;off&#8220; button_one_text_size__hover_enabled=&#8220;off&#8220; button_two_text_size__hover_enabled=&#8220;off&#8220; button_text_color__hover_enabled=&#8220;off&#8220; button_one_text_color__hover_enabled=&#8220;off&#8220; button_two_text_color__hover_enabled=&#8220;off&#8220; button_border_width__hover_enabled=&#8220;off&#8220; button_one_border_width__hover_enabled=&#8220;off&#8220; button_two_border_width__hover_enabled=&#8220;off&#8220; button_border_color__hover_enabled=&#8220;off&#8220; button_one_border_color__hover_enabled=&#8220;off&#8220; button_two_border_color__hover_enabled=&#8220;off&#8220; button_border_radius__hover_enabled=&#8220;off&#8220; button_one_border_radius__hover_enabled=&#8220;off&#8220; button_two_border_radius__hover_enabled=&#8220;off&#8220; button_letter_spacing__hover_enabled=&#8220;off&#8220; button_one_letter_spacing__hover_enabled=&#8220;off&#8220; button_two_letter_spacing__hover_enabled=&#8220;off&#8220; button_bg_color__hover_enabled=&#8220;off&#8220; button_one_bg_color__hover_enabled=&#8220;off&#8220; button_two_bg_color__hover_enabled=&#8220;off&#8220;]<\/p>\n<p style=\"text-align: center;\">Wir f\u00fchren Technik, Theater, Attraktionen und spezielle Anwendungen durch.<\/p>\n<p>[\/et_pb_slide][et_pb_slide heading=&#8220;SMART TECHNIK a.s.&#8220; use_bg_overlay=&#8220;off&#8220; use_text_overlay=&#8220;off&#8220; admin_title=&#8220;RUSK\u00c9 KOLO&#8220; _builder_version=&#8220;3.16&#8243; background_image=&#8220;https:\/\/smarttechnik.cz\/app\/uploads\/2018\/04\/Fotografie-0232.jpg&#8220; button_on_hover=&#8220;on&#8220; button_text_size__hover_enabled=&#8220;off&#8220; button_one_text_size__hover_enabled=&#8220;off&#8220; button_two_text_size__hover_enabled=&#8220;off&#8220; button_text_color__hover_enabled=&#8220;off&#8220; button_one_text_color__hover_enabled=&#8220;off&#8220; button_two_text_color__hover_enabled=&#8220;off&#8220; button_border_width__hover_enabled=&#8220;off&#8220; button_one_border_width__hover_enabled=&#8220;off&#8220; button_two_border_width__hover_enabled=&#8220;off&#8220; button_border_color__hover_enabled=&#8220;off&#8220; button_one_border_color__hover_enabled=&#8220;off&#8220; button_two_border_color__hover_enabled=&#8220;off&#8220; button_border_radius__hover_enabled=&#8220;off&#8220; button_one_border_radius__hover_enabled=&#8220;off&#8220; button_two_border_radius__hover_enabled=&#8220;off&#8220; button_letter_spacing__hover_enabled=&#8220;off&#8220; button_one_letter_spacing__hover_enabled=&#8220;off&#8220; button_two_letter_spacing__hover_enabled=&#8220;off&#8220; button_bg_color__hover_enabled=&#8220;off&#8220; button_one_bg_color__hover_enabled=&#8220;off&#8220; button_two_bg_color__hover_enabled=&#8220;off&#8220;]<\/p>\n<p style=\"text-align: center;\">Wir f\u00fchren Technik, Theater, Attraktionen und spezielle Anwendungen durch.<\/p>\n<p>[\/et_pb_slide][et_pb_slide heading=&#8220;SMART TECHNIK a.s.&#8220; use_bg_overlay=&#8220;off&#8220; use_text_overlay=&#8220;off&#8220; admin_title=&#8220;BOSH&#8220; _builder_version=&#8220;3.16&#8243; background_image=&#8220;https:\/\/smarttechnik.cz\/app\/uploads\/2018\/04\/DSCN0749.jpg&#8220; button_on_hover=&#8220;on&#8220; button_text_size__hover_enabled=&#8220;off&#8220; button_one_text_size__hover_enabled=&#8220;off&#8220; button_two_text_size__hover_enabled=&#8220;off&#8220; button_text_color__hover_enabled=&#8220;off&#8220; button_one_text_color__hover_enabled=&#8220;off&#8220; button_two_text_color__hover_enabled=&#8220;off&#8220; button_border_width__hover_enabled=&#8220;off&#8220; button_one_border_width__hover_enabled=&#8220;off&#8220; button_two_border_width__hover_enabled=&#8220;off&#8220; button_border_color__hover_enabled=&#8220;off&#8220; button_one_border_color__hover_enabled=&#8220;off&#8220; button_two_border_color__hover_enabled=&#8220;off&#8220; button_border_radius__hover_enabled=&#8220;off&#8220; button_one_border_radius__hover_enabled=&#8220;off&#8220; button_two_border_radius__hover_enabled=&#8220;off&#8220; button_letter_spacing__hover_enabled=&#8220;off&#8220; button_one_letter_spacing__hover_enabled=&#8220;off&#8220; button_two_letter_spacing__hover_enabled=&#8220;off&#8220; button_bg_color__hover_enabled=&#8220;off&#8220; button_one_bg_color__hover_enabled=&#8220;off&#8220; button_two_bg_color__hover_enabled=&#8220;off&#8220;]<\/p>\n<p style=\"text-align: center;\">Wir f\u00fchren Technik, Theater, Attraktionen und spezielle Anwendungen durch.<\/p>\n<p>[\/et_pb_slide][\/et_pb_slider][\/et_pb_column][\/et_pb_row][\/et_pb_section][et_pb_section fb_built=&#8220;1&#8243; _builder_version=&#8220;3.22&#8243; custom_padding=&#8220;0|0px|54px|0px|false|false&#8220;][et_pb_row _builder_version=&#8220;3.25&#8243; background_size=&#8220;initial&#8220; background_position=&#8220;top_left&#8220; background_repeat=&#8220;repeat&#8220;][et_pb_column type=&#8220;4_4&#8243; _builder_version=&#8220;3.25&#8243; custom_padding=&#8220;|||&#8220; custom_padding__hover=&#8220;|||&#8220;][et_pb_text admin_label=&#8220;O SPOLE\u010cNOSTI&#8220; _builder_version=&#8220;4.5.3&#8243; hover_enabled=&#8220;0&#8243;]<\/p>\n<div class=\"et_pb_module et_pb_text et_pb_text_0 et_pb_bg_layout_light et_pb_text_align_left\">\n<div class=\"et_pb_text_inner\">\n<p>SMART TECHNIK a.s. wurde 1999 ohne die Einreise von ausl\u00e4ndischem Kapital gegr\u00fcndet. Das Unternehmen seit seiner Gr\u00fcndung, die sich auf das Engineering und Metallarbeiten, Montage von Maschinen und Ger\u00e4ten, vorwiegend im Bereich der B\u00fchnentechnik. Dieser Schwerpunkt bezieht sich auf die lange Tradition dieses technischen Feldes in \u00dajezd bei Br\u00fcnn. Das Spektrum der Aktivit\u00e4ten und Ausrichtung des Unternehmens w\u00e4hrend seiner Existenz weiter zu expandieren, sowohl in der Produktion und die Produktionskapazit\u00e4t und in Bezug auf den eigenen Engineerings. Im Jahr 2008 verwandelte sich das Unternehmen in Aktiengesellschaft SMART TECHNIK a.s.<\/p>\n<p>Das Unternehmen arbeitet mit einer Reihe von namhaften Unternehmen aus der Tschechischen Republik und dem Ausland zusammen, um dem Kunden qualitativ hochwertige Produkte und umfassende Dienstleistungen im Bereich der Realisierung seines Auftrags zu bieten, Vom Entwurf bis zur Herstellung, der technischen Dokumentation und der Produktion, Herstellung, Transport, Installation und Inbetriebnahme der Ausr\u00fcstung, Bereitstellung der notwendigen Tests und Inspektionen, Schulung der Maschinenbediener, Garantie- und Nachgarantieservice.<\/p>\n<p>Das Unternehmen wurde in dem Handelsregister beim Kreisgericht in Brno registriert, Abschnitt B, Eintrag 5706, 20. Oktober 2008<\/p>\n<p style=\"text-align: center;\"><span id=\"result_box\" class=\"short_text\" lang=\"de\" tabindex=\"-1\"><span class=\"\">sehen<\/span> <span class=\"\">aktuell<\/span><\/span><\/p>\n<\/div>\n<\/div>\n<p>[\/et_pb_text][et_pb_button button_url=&#8220;https:\/\/or.justice.cz\/ias\/ui\/rejstrik-firma.vysledky?subjektId=620766&#038;typ=PLATNY&#8220; url_new_window=&#8220;on&#8220; button_text=&#8220;Auszug aus dem Handelsregister&#8220; button_alignment=&#8220;center&#8220; admin_label=&#8220;V\u00ddPIS Z OR&#8220; _builder_version=&#8220;3.16&#8243; custom_button=&#8220;on&#8220; button_text_color=&#8220;#ffffff&#8220; button_bg_color=&#8220;#303b5e&#8220; button_border_color=&#8220;#303b5e&#8220; button_icon=&#8220;%%33%%&#8220; button_icon_color=&#8220;#303b5e&#8220; background_layout=&#8220;dark&#8220; button_text_color_hover=&#8220;#303b5e&#8220; button_border_color_hover=&#8220;#ffffff&#8220; button_bg_color_hover=&#8220;#ffffff&#8220; button_text_size__hover_enabled=&#8220;off&#8220; button_one_text_size__hover_enabled=&#8220;off&#8220; button_two_text_size__hover_enabled=&#8220;off&#8220; button_text_color__hover_enabled=&#8220;on&#8220; button_text_color__hover=&#8220;#303b5e&#8220; button_one_text_color__hover_enabled=&#8220;off&#8220; button_two_text_color__hover_enabled=&#8220;off&#8220; button_border_width__hover_enabled=&#8220;off&#8220; button_one_border_width__hover_enabled=&#8220;off&#8220; button_two_border_width__hover_enabled=&#8220;off&#8220; button_border_color__hover_enabled=&#8220;on&#8220; button_border_color__hover=&#8220;#ffffff&#8220; button_one_border_color__hover_enabled=&#8220;off&#8220; button_two_border_color__hover_enabled=&#8220;off&#8220; button_border_radius__hover_enabled=&#8220;off&#8220; button_one_border_radius__hover_enabled=&#8220;off&#8220; button_two_border_radius__hover_enabled=&#8220;off&#8220; button_letter_spacing__hover_enabled=&#8220;off&#8220; button_one_letter_spacing__hover_enabled=&#8220;off&#8220; button_two_letter_spacing__hover_enabled=&#8220;off&#8220; button_bg_color__hover_enabled=&#8220;on&#8220; button_bg_color__hover=&#8220;#ffffff&#8220; button_one_bg_color__hover_enabled=&#8220;off&#8220; button_two_bg_color__hover_enabled=&#8220;off&#8220;][\/et_pb_button][\/et_pb_column][\/et_pb_row][\/et_pb_section]<\/p>\n","protected":false},"excerpt":{"rendered":"<p>Wir f\u00fchren Technik, Theater, Attraktionen und spezielle Anwendungen durch. Wir f\u00fchren Technik, Theater, Attraktionen und spezielle Anwendungen durch. Wir f\u00fchren Technik, Theater, Attraktionen und spezielle Anwendungen durch. SMART TECHNIK a.s. wurde 1999 ohne die Einreise von ausl\u00e4ndischem Kapital gegr\u00fcndet. Das Unternehmen seit seiner Gr\u00fcndung, die sich auf das Engineering und Metallarbeiten, Montage von Maschinen und [&hellip;]<\/p>\n","protected":false},"author":6,"featured_media":0,"parent":0,"menu_order":0,"comment_status":"closed","ping_status":"closed","template":"","meta":{"_et_pb_use_builder":"on","_et_pb_old_content":"","_et_gb_content_width":"","footnotes":""},"class_list":["post-1394","page","type-page","status-publish","hentry"],"yoast_head":"<!-- This site is optimized with the Yoast SEO plugin v26.2 - https:\/\/yoast.com\/wordpress\/plugins\/seo\/ -->\n<title>Einleitung - SMART TECHNIK a.s. Einf\u00fchrungsseite von Smart Technik, die Sie in das Unternehmen einf\u00fchrt<\/title>\n<meta name=\"description\" content=\"SMART TECHNIK a.s. wurde im Jahr 1999 gegr\u00fcndet. Seit seiner Gr\u00fcndung konzentriert sich das Unternehmen auf Maschinenbau und Schlosserei Produktion.\" \/>\n<meta name=\"robots\" content=\"index, follow, max-snippet:-1, max-image-preview:large, max-video-preview:-1\" \/>\n<link rel=\"canonical\" href=\"https:\/\/smarttechnik.cz\/de\/o-nas\/\" \/>\n<meta property=\"og:locale\" content=\"de_DE\" \/>\n<meta property=\"og:type\" content=\"article\" \/>\n<meta property=\"og:title\" content=\"Einleitung - SMART TECHNIK a.s. Einf\u00fchrungsseite von Smart Technik, die Sie in das Unternehmen einf\u00fchrt\" \/>\n<meta property=\"og:description\" content=\"SMART TECHNIK a.s. wurde im Jahr 1999 gegr\u00fcndet. Seit seiner Gr\u00fcndung konzentriert sich das Unternehmen auf Maschinenbau und Schlosserei Produktion.\" \/>\n<meta property=\"og:url\" content=\"https:\/\/smarttechnik.cz\/de\/o-nas\/\" \/>\n<meta property=\"og:site_name\" content=\"SMART TECHNIK a.s.\" \/>\n<meta property=\"article:modified_time\" content=\"2021-03-04T16:28:18+00:00\" \/>\n<meta name=\"twitter:card\" content=\"summary_large_image\" \/>\n<meta name=\"twitter:label1\" content=\"Gesch\u00e4tzte Lesezeit\" \/>\n\t<meta name=\"twitter:data1\" content=\"7\u00a0Minuten\" \/>\n<script type=\"application\/ld+json\" class=\"yoast-schema-graph\">{\"@context\":\"https:\/\/schema.org\",\"@graph\":[{\"@type\":\"WebPage\",\"@id\":\"https:\/\/smarttechnik.cz\/de\/o-nas\/\",\"url\":\"https:\/\/smarttechnik.cz\/de\/o-nas\/\",\"name\":\"Einleitung - SMART TECHNIK a.s. Einf\u00fchrungsseite von Smart Technik, die Sie in das Unternehmen einf\u00fchrt\",\"isPartOf\":{\"@id\":\"https:\/\/smarttechnik.cz\/#website\"},\"datePublished\":\"2018-02-27T13:23:40+00:00\",\"dateModified\":\"2021-03-04T16:28:18+00:00\",\"description\":\"SMART TECHNIK a.s. wurde im Jahr 1999 gegr\u00fcndet. Seit seiner Gr\u00fcndung konzentriert sich das Unternehmen auf Maschinenbau und Schlosserei Produktion.\",\"breadcrumb\":{\"@id\":\"https:\/\/smarttechnik.cz\/de\/o-nas\/#breadcrumb\"},\"inLanguage\":\"de\",\"potentialAction\":[{\"@type\":\"ReadAction\",\"target\":[\"https:\/\/smarttechnik.cz\/de\/o-nas\/\"]}]},{\"@type\":\"BreadcrumbList\",\"@id\":\"https:\/\/smarttechnik.cz\/de\/o-nas\/#breadcrumb\",\"itemListElement\":[{\"@type\":\"ListItem\",\"position\":1,\"name\":\"Dom\u016f\",\"item\":\"https:\/\/smarttechnik.cz\/de\/o-nas\/\"},{\"@type\":\"ListItem\",\"position\":2,\"name\":\"Einleitung\"}]},{\"@type\":\"WebSite\",\"@id\":\"https:\/\/smarttechnik.cz\/#website\",\"url\":\"https:\/\/smarttechnik.cz\/\",\"name\":\"SMART TECHNIK a.s.\",\"description\":\"We perform engineering, theater, attractions and special applications.\",\"potentialAction\":[{\"@type\":\"SearchAction\",\"target\":{\"@type\":\"EntryPoint\",\"urlTemplate\":\"https:\/\/smarttechnik.cz\/?s={search_term_string}\"},\"query-input\":{\"@type\":\"PropertyValueSpecification\",\"valueRequired\":true,\"valueName\":\"search_term_string\"}}],\"inLanguage\":\"de\"}]}<\/script>\n<!-- \/ Yoast SEO plugin. -->","yoast_head_json":{"title":"Einleitung - SMART TECHNIK a.s. Einf\u00fchrungsseite von Smart Technik, die Sie in das Unternehmen einf\u00fchrt","description":"SMART TECHNIK a.s. wurde im Jahr 1999 gegr\u00fcndet. Seit seiner Gr\u00fcndung konzentriert sich das Unternehmen auf Maschinenbau und Schlosserei Produktion.","robots":{"index":"index","follow":"follow","max-snippet":"max-snippet:-1","max-image-preview":"max-image-preview:large","max-video-preview":"max-video-preview:-1"},"canonical":"https:\/\/smarttechnik.cz\/de\/o-nas\/","og_locale":"de_DE","og_type":"article","og_title":"Einleitung - SMART TECHNIK a.s. Einf\u00fchrungsseite von Smart Technik, die Sie in das Unternehmen einf\u00fchrt","og_description":"SMART TECHNIK a.s. wurde im Jahr 1999 gegr\u00fcndet. Seit seiner Gr\u00fcndung konzentriert sich das Unternehmen auf Maschinenbau und Schlosserei Produktion.","og_url":"https:\/\/smarttechnik.cz\/de\/o-nas\/","og_site_name":"SMART TECHNIK a.s.","article_modified_time":"2021-03-04T16:28:18+00:00","twitter_card":"summary_large_image","twitter_misc":{"Gesch\u00e4tzte Lesezeit":"7\u00a0Minuten"},"schema":{"@context":"https:\/\/schema.org","@graph":[{"@type":"WebPage","@id":"https:\/\/smarttechnik.cz\/de\/o-nas\/","url":"https:\/\/smarttechnik.cz\/de\/o-nas\/","name":"Einleitung - SMART TECHNIK a.s. Einf\u00fchrungsseite von Smart Technik, die Sie in das Unternehmen einf\u00fchrt","isPartOf":{"@id":"https:\/\/smarttechnik.cz\/#website"},"datePublished":"2018-02-27T13:23:40+00:00","dateModified":"2021-03-04T16:28:18+00:00","description":"SMART TECHNIK a.s. wurde im Jahr 1999 gegr\u00fcndet. Seit seiner Gr\u00fcndung konzentriert sich das Unternehmen auf Maschinenbau und Schlosserei Produktion.","breadcrumb":{"@id":"https:\/\/smarttechnik.cz\/de\/o-nas\/#breadcrumb"},"inLanguage":"de","potentialAction":[{"@type":"ReadAction","target":["https:\/\/smarttechnik.cz\/de\/o-nas\/"]}]},{"@type":"BreadcrumbList","@id":"https:\/\/smarttechnik.cz\/de\/o-nas\/#breadcrumb","itemListElement":[{"@type":"ListItem","position":1,"name":"Dom\u016f","item":"https:\/\/smarttechnik.cz\/de\/o-nas\/"},{"@type":"ListItem","position":2,"name":"Einleitung"}]},{"@type":"WebSite","@id":"https:\/\/smarttechnik.cz\/#website","url":"https:\/\/smarttechnik.cz\/","name":"SMART TECHNIK a.s.","description":"We perform engineering, theater, attractions and special applications.","potentialAction":[{"@type":"SearchAction","target":{"@type":"EntryPoint","urlTemplate":"https:\/\/smarttechnik.cz\/?s={search_term_string}"},"query-input":{"@type":"PropertyValueSpecification","valueRequired":true,"valueName":"search_term_string"}}],"inLanguage":"de"}]}},"_links":{"self":[{"href":"https:\/\/smarttechnik.cz\/de\/wp-json\/wp\/v2\/pages\/1394","targetHints":{"allow":["GET"]}}],"collection":[{"href":"https:\/\/smarttechnik.cz\/de\/wp-json\/wp\/v2\/pages"}],"about":[{"href":"https:\/\/smarttechnik.cz\/de\/wp-json\/wp\/v2\/types\/page"}],"author":[{"embeddable":true,"href":"https:\/\/smarttechnik.cz\/de\/wp-json\/wp\/v2\/users\/6"}],"replies":[{"embeddable":true,"href":"https:\/\/smarttechnik.cz\/de\/wp-json\/wp\/v2\/comments?post=1394"}],"version-history":[{"count":11,"href":"https:\/\/smarttechnik.cz\/de\/wp-json\/wp\/v2\/pages\/1394\/revisions"}],"predecessor-version":[{"id":2218,"href":"https:\/\/smarttechnik.cz\/de\/wp-json\/wp\/v2\/pages\/1394\/revisions\/2218"}],"wp:attachment":[{"href":"https:\/\/smarttechnik.cz\/de\/wp-json\/wp\/v2\/media?parent=1394"}],"curies":[{"name":"wp","href":"https:\/\/api.w.org\/{rel}","templated":true}]}}